{"id":15083,"date":"2026-01-27T11:57:19","date_gmt":"2026-01-27T10:57:19","guid":{"rendered":"https:\/\/softymed.ch\/?post_type=product&#038;p=15083"},"modified":"2026-02-11T15:12:14","modified_gmt":"2026-02-11T14:12:14","slug":"frantumatore-elettrico-di-compresse","status":"publish","type":"product","link":"https:\/\/softymed.ch\/it\/boutique\/appareils-equipements\/broyeur-de-comprimes-electrique\/","title":{"rendered":"Frantumatore elettrico di compresse"},"content":{"rendered":"<p>Afin de faciliter la prise de m\u00e9dicaments, le personnel soignant doit r\u00e9guli\u00e8rement broyer les comprim\u00e9s des patients ayant des troubles de la d\u00e9glutition.<br \/>\nLe broyeur \u00e9lectrique Severo\u00ae permet de r\u00e9duire en une fine poudre les comprim\u00e9s les plus durs, en moins de 8 secondes. Cet appareil a \u00e9t\u00e9 d\u00e9velopp\u00e9 en collaboration avec des professionnels de sant\u00e9 pour \u00e9viter les troubles musculo-squelettiques d\u00fbs au broyage manuel. Il \u00e9vite \u00e9galement les contaminations crois\u00e9es et peut \u00eatre utilis\u00e9 en temps masqu\u00e9.<br \/>\nLe Severo\u00ae est d\u00e9j\u00e0 approuv\u00e9 par de nombreux instituts.<\/p>\n<p><strong>Caratteristiche<\/strong><br \/>\n-Dimensioni: L. 80 x P. 70 x H. 217 mm<br \/>\n-Autonomie: 500 cycles de broyage (\u2248 3 jours d\u2019utilisation en continu)<br \/>\n-Alimentazione a batteria ricaricabile (caricatore in dotazione)<br \/>\n-Poids :\u2248 1,5 kg<br \/>\n-Niveau sonore: 52 db (tr\u00e8s silencieux)<br \/>\n-Tempo di ricarica: 2 ore<br \/>\n-Garantie: 2 ans pour l\u2019appareil et 1 an pour la batterie<\/p>","protected":false},"excerpt":{"rendered":"<p>Facilita l'assunzione dei farmaci<\/p>","protected":false},"featured_media":15087,"template":"","meta":{"_acf_changed":false,"_seopress_robots_primary_cat":"none","_seopress_titles_title":"","_seopress_titles_desc":"","_seopress_robots_index":""},"product_brand":[],"product_cat":[163],"product_tag":[],"categorie_principale":[165,28,29],"marque":[393],"class_list":{"0":"post-15083","1":"product","2":"type-product","3":"status-publish","4":"has-post-thumbnail","6":"product_cat-appareils-equipements","7":"categorie_principale-autre","8":"categorie_principale-medecine-generale","9":"categorie_principale-permanence-hopital","10":"marque-severo","12":"first","13":"outofstock","14":"taxable","15":"shipping-taxable","16":"product-type-simple"},"supplier_id":null,"supplier_sku":"","atum_controlled":true,"out_stock_date":"2026-01-27 11:57:19","out_stock_threshold":null,"inheritable":false,"inbound_stock":null,"stock_on_hold":0,"sold_today":0,"sales_last_days":0,"reserved_stock":null,"customer_returns":null,"warehouse_damage":null,"lost_in_post":null,"other_logs":null,"out_stock_days":70,"lost_sales":0,"has_location":true,"update_date":"2026-04-08T00:03:45","atum_locations":[{"id":373,"name":"Officine","slug":"officine"}],"atum_stock_status":"outofstock","restock_status":false,"low_stock_amount":"","sales_update_date":"2026-04-08T00:03:45","calc_backorders":null,"acf":[],"_links":{"self":[{"href":"https:\/\/softymed.ch\/it\/wp-json\/wp\/v2\/product\/15083","targetHints":{"allow":["GET"]}}],"collection":[{"href":"https:\/\/softymed.ch\/it\/wp-json\/wp\/v2\/product"}],"about":[{"href":"https:\/\/softymed.ch\/it\/wp-json\/wp\/v2\/types\/product"}],"wp:featuredmedia":[{"embeddable":true,"href":"https:\/\/softymed.ch\/it\/wp-json\/wp\/v2\/media\/15087"}],"wp:attachment":[{"href":"https:\/\/softymed.ch\/it\/wp-json\/wp\/v2\/media?parent=15083"}],"wp:term":[{"taxonomy":"product_brand","embeddable":true,"href":"https:\/\/softymed.ch\/it\/wp-json\/wp\/v2\/product_brand?post=15083"},{"taxonomy":"product_cat","embeddable":true,"href":"https:\/\/softymed.ch\/it\/wp-json\/wp\/v2\/product_cat?post=15083"},{"taxonomy":"product_tag","embeddable":true,"href":"https:\/\/softymed.ch\/it\/wp-json\/wp\/v2\/product_tag?post=15083"},{"taxonomy":"categorie_principale","embeddable":true,"href":"https:\/\/softymed.ch\/it\/wp-json\/wp\/v2\/categorie_principale?post=15083"},{"taxonomy":"marque","embeddable":true,"href":"https:\/\/softymed.ch\/it\/wp-json\/wp\/v2\/marque?post=15083"}],"curies":[{"name":"wp","href":"https:\/\/api.w.org\/{rel}","templated":true}]}}