{"id":14881,"date":"2026-02-02T10:08:22","date_gmt":"2026-02-02T09:08:22","guid":{"rendered":"https:\/\/softymed.ch\/?post_type=product&#038;p=14881"},"modified":"2026-02-27T16:45:20","modified_gmt":"2026-02-27T15:45:20","slug":"dermabond","status":"publish","type":"product","link":"https:\/\/softymed.ch\/it\/boutique\/soin-des-plaies\/pansement\/dermabond\/","title":{"rendered":"Dermabond\u2122"},"content":{"rendered":"<p>Dermabond est un dispositif de fermeture de plaie topique \u00e0 base de 2-octyl-cyanoacrylate, destin\u00e9 \u00e0 la prise en charge simple des plaies lac\u00e9r\u00e9es et des petites incisions jusqu&rsquo;\u00e0 une longueur de 4 cm.<\/p>\n<p><strong>Caratteristiche<\/strong><br \/>\n-Adh\u00e9sif cutan\u00e9 topique<br \/>\n-Rapide et peu co\u00fbteux<br \/>\n-Application facile et pr\u00e9cise<br \/>\n-\u00c0 usage externe<br \/>\n-Peut \u00eatre utilis\u00e9e seule ou en compl\u00e9ment superficiel des sutures r\u00e9sorbables plac\u00e9es \u00e0 l&rsquo;int\u00e9rieur de la plaie.<br \/>\n-Proc\u00e9d\u00e9 de durcissement de l&rsquo;adh\u00e9sif d\u00e9fini<br \/>\n-Barri\u00e8re microbienne prot\u00e9geant des infections<br \/>\n-R\u00e9sistant \u00e0 la douche<br \/>\n-\u00c0 conserver \u00e0 temp\u00e9rature ambiante<br \/>\n-12 fiale da 0,36 ml ciascuna<\/p>","protected":false},"excerpt":{"rendered":"<p>Adesivo cutaneo topico<\/p>","protected":false},"featured_media":14884,"template":"","meta":{"_acf_changed":false,"_seopress_robots_primary_cat":"none","_seopress_titles_title":"","_seopress_titles_desc":"","_seopress_robots_index":""},"product_brand":[],"product_cat":[146,104],"product_tag":[348],"categorie_principale":[28,29],"marque":[389],"class_list":{"0":"post-14881","1":"product","2":"type-product","3":"status-publish","4":"has-post-thumbnail","6":"product_cat-pansement","7":"product_cat-soin-des-plaies","8":"product_tag-nouveaute","9":"categorie_principale-medecine-generale","10":"categorie_principale-permanence-hopital","11":"marque-ethicon","13":"first","14":"instock","15":"taxable","16":"shipping-taxable","17":"purchasable","18":"product-type-simple"},"supplier_id":null,"supplier_sku":"","atum_controlled":true,"out_stock_date":null,"out_stock_threshold":null,"inheritable":false,"inbound_stock":null,"stock_on_hold":0,"sold_today":0,"sales_last_days":0,"reserved_stock":null,"customer_returns":null,"warehouse_damage":null,"lost_in_post":null,"other_logs":null,"out_stock_days":0,"lost_sales":0,"has_location":true,"update_date":"2026-04-09T00:03:50","atum_locations":[{"id":373,"name":"Officine","slug":"officine"}],"atum_stock_status":"instock","restock_status":false,"low_stock_amount":"","sales_update_date":"2026-04-09T00:03:50","calc_backorders":null,"acf":[],"_links":{"self":[{"href":"https:\/\/softymed.ch\/it\/wp-json\/wp\/v2\/product\/14881","targetHints":{"allow":["GET"]}}],"collection":[{"href":"https:\/\/softymed.ch\/it\/wp-json\/wp\/v2\/product"}],"about":[{"href":"https:\/\/softymed.ch\/it\/wp-json\/wp\/v2\/types\/product"}],"wp:featuredmedia":[{"embeddable":true,"href":"https:\/\/softymed.ch\/it\/wp-json\/wp\/v2\/media\/14884"}],"wp:attachment":[{"href":"https:\/\/softymed.ch\/it\/wp-json\/wp\/v2\/media?parent=14881"}],"wp:term":[{"taxonomy":"product_brand","embeddable":true,"href":"https:\/\/softymed.ch\/it\/wp-json\/wp\/v2\/product_brand?post=14881"},{"taxonomy":"product_cat","embeddable":true,"href":"https:\/\/softymed.ch\/it\/wp-json\/wp\/v2\/product_cat?post=14881"},{"taxonomy":"product_tag","embeddable":true,"href":"https:\/\/softymed.ch\/it\/wp-json\/wp\/v2\/product_tag?post=14881"},{"taxonomy":"categorie_principale","embeddable":true,"href":"https:\/\/softymed.ch\/it\/wp-json\/wp\/v2\/categorie_principale?post=14881"},{"taxonomy":"marque","embeddable":true,"href":"https:\/\/softymed.ch\/it\/wp-json\/wp\/v2\/marque?post=14881"}],"curies":[{"name":"wp","href":"https:\/\/api.w.org\/{rel}","templated":true}]}}