{"id":13979,"date":"2025-08-26T14:42:23","date_gmt":"2025-08-26T12:42:23","guid":{"rendered":"https:\/\/softymed.ch\/?post_type=product&#038;p=13979"},"modified":"2025-08-28T19:50:52","modified_gmt":"2025-08-28T17:50:52","slug":"kit-luxascope-auris-led-3-7v-ricarica","status":"publish","type":"product","link":"https:\/\/softymed.ch\/it\/boutique\/appareils-equipements\/kit-luxascope-auris-led-3-7v-recharg\/","title":{"rendered":"Kit LuxaScope Auris LED 3,7V ricarica."},"content":{"rendered":"<p><strong>Caratteristiche<\/strong><\/p>\n<p><strong>Otoscopio<\/strong><br \/>\n-\u00c9clairage: anneau LED avec 6 LED (concentriques), pas de fibre optique, le champ de vision n&rsquo;est pas limit\u00e9<br \/>\n-Aucune maintenance car aucun changement d&rsquo;ampoule n\u00e9cessaire<br \/>\n-Possibilit\u00e9 de faire varier l\u2019intensit\u00e9 de la luminosit\u00e9<br \/>\n-Arr\u00eat automatique apr\u00e8s 3 minutes<br \/>\n-Dur\u00e9e de vie des LED: environ 100 000 heures avec un courant constant<br \/>\n-\u00c9clairement lumineux: environ 10 000 Lux<br \/>\n-Temp\u00e9rature de couleur: environ 4 200 K<br \/>\n-Design de la t\u00eate optimis\u00e9<br \/>\n-Lente d'ingrandimento orientabile, ingrandimento 3x<br \/>\nPorta di soffiaggio per il test pneumatico<br \/>\n-Manche compos\u00e9 de deux mat\u00e9riaux: aluminium et fibre de verre renforc\u00e9, compatible avec la t\u00eate du dermatoscope et l&rsquo;ophtalmoscope LED LuxaScope<br \/>\n-Interruttore a pulsante ON\/OFF<br \/>\n-Alimentazione: 2 batterie alcaline AAA, incluse.<br \/>\n-Inclus 20 sp\u00e9culums jetables gris, dont 10 de 2.5mm et 10 de 4.0mm<\/p>\n<p><strong>Oftalmoscopio<\/strong><br \/>\n-Valeurs de correction: + 20 bis \u2013 20 D (\u00b1 1 2 3 4 6 8 10 15 20 D)<br \/>\n-5 filtres diff\u00e9rents disponibles: grand spot, petit spot, filtre vert, demi-lune et r\u00e9ticule<br \/>\n-\u00c9clairage: LED<br \/>\n-Possibilit\u00e9 de faire varier l\u2019intensit\u00e9 de la luminosit\u00e9 pour \u00e9viter l\u2019\u00e9blouissement<br \/>\n-Arr\u00eat automatique apr\u00e8s 3 minutes<br \/>\n-Dur\u00e9e de vie des LED: environ 50 000 heures avec un courant constant<br \/>\n-Temp\u00e9rature de couleur: environ 4 200 K<br \/>\n-Design optimis\u00e9 de la t\u00eate<br \/>\n-Manche compos\u00e9 de deux mat\u00e9riaux: aluminium et fibre de verre renforc\u00e9, compatible avec la t\u00eate d&rsquo;otoscope et de dermatoscope<br \/>\n-LED LuxaScope<br \/>\n-Interruttore a pulsante ON\/OFF<br \/>\n-Alimentation \u00e9lectrique: 1 batterie lithium-ion rechargeable 3,7 V<br \/>\n-Caricabatterie incluso con spina USB (adattatore UE\/UK\/USA)<\/p>","protected":false},"excerpt":{"rendered":"<p>Otoscopio + Oftalmoscopio<\/p>","protected":false},"featured_media":13983,"template":"","meta":{"_acf_changed":false,"_seopress_robots_primary_cat":"none","_seopress_titles_title":"","_seopress_titles_desc":"","_seopress_robots_index":""},"product_brand":[],"product_cat":[163,122],"product_tag":[348],"categorie_principale":[165,32,28,29],"marque":[211],"class_list":{"0":"post-13979","1":"product","2":"type-product","3":"status-publish","4":"has-post-thumbnail","6":"product_cat-appareils-equipements","7":"product_cat-auscultation-diagnostic","8":"product_tag-nouveaute","9":"categorie_principale-autre","10":"categorie_principale-cardiologie","11":"categorie_principale-medecine-generale","12":"categorie_principale-permanence-hopital","13":"marque-spengler","15":"first","16":"instock","17":"taxable","18":"shipping-taxable","19":"purchasable","20":"product-type-simple"},"supplier_id":null,"supplier_sku":"","atum_controlled":true,"out_stock_date":null,"out_stock_threshold":null,"inheritable":false,"inbound_stock":null,"stock_on_hold":0,"sold_today":0,"sales_last_days":0,"reserved_stock":null,"customer_returns":null,"warehouse_damage":null,"lost_in_post":null,"other_logs":null,"out_stock_days":0,"lost_sales":0,"has_location":true,"update_date":"2026-04-10T00:04:43","atum_locations":[{"id":373,"name":"Officine","slug":"officine"}],"atum_stock_status":"instock","restock_status":false,"low_stock_amount":"","sales_update_date":"2026-04-10T00:04:43","calc_backorders":null,"acf":[],"_links":{"self":[{"href":"https:\/\/softymed.ch\/it\/wp-json\/wp\/v2\/product\/13979","targetHints":{"allow":["GET"]}}],"collection":[{"href":"https:\/\/softymed.ch\/it\/wp-json\/wp\/v2\/product"}],"about":[{"href":"https:\/\/softymed.ch\/it\/wp-json\/wp\/v2\/types\/product"}],"wp:featuredmedia":[{"embeddable":true,"href":"https:\/\/softymed.ch\/it\/wp-json\/wp\/v2\/media\/13983"}],"wp:attachment":[{"href":"https:\/\/softymed.ch\/it\/wp-json\/wp\/v2\/media?parent=13979"}],"wp:term":[{"taxonomy":"product_brand","embeddable":true,"href":"https:\/\/softymed.ch\/it\/wp-json\/wp\/v2\/product_brand?post=13979"},{"taxonomy":"product_cat","embeddable":true,"href":"https:\/\/softymed.ch\/it\/wp-json\/wp\/v2\/product_cat?post=13979"},{"taxonomy":"product_tag","embeddable":true,"href":"https:\/\/softymed.ch\/it\/wp-json\/wp\/v2\/product_tag?post=13979"},{"taxonomy":"categorie_principale","embeddable":true,"href":"https:\/\/softymed.ch\/it\/wp-json\/wp\/v2\/categorie_principale?post=13979"},{"taxonomy":"marque","embeddable":true,"href":"https:\/\/softymed.ch\/it\/wp-json\/wp\/v2\/marque?post=13979"}],"curies":[{"name":"wp","href":"https:\/\/api.w.org\/{rel}","templated":true}]}}