{"id":13741,"date":"2025-07-22T15:32:56","date_gmt":"2025-07-22T13:32:56","guid":{"rendered":"https:\/\/softymed.ch\/?post_type=product&#038;p=13741"},"modified":"2026-01-06T16:50:53","modified_gmt":"2026-01-06T15:50:53","slug":"supporto-allinfusione","status":"publish","type":"product","link":"https:\/\/softymed.ch\/it\/boutique\/perfusion-injection\/support-de-perfusion\/","title":{"rendered":"Stativo per infusione"},"content":{"rendered":"<p>Support \u00e0 perfusion avec base \u00e0 5 volets et support \u00e0 perfusion en m\u00e9tal \u00e0 4 volets, mobile sur roulettes doubles conductrices d&rsquo;\u00e9lectricit\u00e9, dont 2 avec freins, r\u00e9glage de la hauteur avec vis \u00e0 t\u00eate bomb\u00e9e, support avec bac d&rsquo;\u00e9gouttage.<\/p>\n<p><strong>Caratteristiche<\/strong><br \/>\nMat\u00e9riau: acier chrom\u00e9<br \/>\nCouleur des pi\u00e8ces en plastique: bleu<br \/>\nNumero di ganci: 4<br \/>\nTaille du pied: 635 mm de diam\u00e8tre<br \/>\nRoulettes: Roulettes doubles 50 mm, conductrices d&rsquo;\u00e9lectricit\u00e9, dont 2 avec frein<br \/>\nAltezza massima: 2091 mm<br \/>\nAltezza minima: 1251 mm<br \/>\nCapacit\u00e9 de charge du crochet: 2 kg<br \/>\nPeso del prodotto: 4,1 kg<\/p>","protected":false},"excerpt":{"rendered":"<p>5 piedi<\/p>","protected":false},"featured_media":13745,"template":"","meta":{"_acf_changed":false,"_seopress_robots_primary_cat":"none","_seopress_titles_title":"","_seopress_titles_desc":"","_seopress_robots_index":""},"product_brand":[],"product_cat":[133],"product_tag":[],"categorie_principale":[165,32,31,27,28,30,29],"marque":[378],"class_list":{"0":"post-13741","1":"product","2":"type-product","3":"status-publish","4":"has-post-thumbnail","6":"product_cat-perfusion-injection","7":"categorie_principale-autre","8":"categorie_principale-cardiologie","9":"categorie_principale-gynecologie","10":"categorie_principale-laboratoire","11":"categorie_principale-medecine-generale","12":"categorie_principale-orthopedie","13":"categorie_principale-permanence-hopital","14":"marque-servocomfort","16":"first","17":"instock","18":"taxable","19":"shipping-taxable","20":"purchasable","21":"product-type-simple"},"supplier_id":null,"supplier_sku":"","atum_controlled":true,"out_stock_date":null,"out_stock_threshold":null,"inheritable":false,"inbound_stock":null,"stock_on_hold":0,"sold_today":0,"sales_last_days":0,"reserved_stock":null,"customer_returns":null,"warehouse_damage":null,"lost_in_post":null,"other_logs":null,"out_stock_days":0,"lost_sales":0,"has_location":true,"update_date":"2026-04-08T00:03:41","atum_locations":[{"id":373,"name":"Officine","slug":"officine"}],"atum_stock_status":"instock","restock_status":false,"low_stock_amount":"","sales_update_date":"2026-04-08T00:03:41","calc_backorders":null,"acf":[],"_links":{"self":[{"href":"https:\/\/softymed.ch\/it\/wp-json\/wp\/v2\/product\/13741","targetHints":{"allow":["GET"]}}],"collection":[{"href":"https:\/\/softymed.ch\/it\/wp-json\/wp\/v2\/product"}],"about":[{"href":"https:\/\/softymed.ch\/it\/wp-json\/wp\/v2\/types\/product"}],"wp:featuredmedia":[{"embeddable":true,"href":"https:\/\/softymed.ch\/it\/wp-json\/wp\/v2\/media\/13745"}],"wp:attachment":[{"href":"https:\/\/softymed.ch\/it\/wp-json\/wp\/v2\/media?parent=13741"}],"wp:term":[{"taxonomy":"product_brand","embeddable":true,"href":"https:\/\/softymed.ch\/it\/wp-json\/wp\/v2\/product_brand?post=13741"},{"taxonomy":"product_cat","embeddable":true,"href":"https:\/\/softymed.ch\/it\/wp-json\/wp\/v2\/product_cat?post=13741"},{"taxonomy":"product_tag","embeddable":true,"href":"https:\/\/softymed.ch\/it\/wp-json\/wp\/v2\/product_tag?post=13741"},{"taxonomy":"categorie_principale","embeddable":true,"href":"https:\/\/softymed.ch\/it\/wp-json\/wp\/v2\/categorie_principale?post=13741"},{"taxonomy":"marque","embeddable":true,"href":"https:\/\/softymed.ch\/it\/wp-json\/wp\/v2\/marque?post=13741"}],"curies":[{"name":"wp","href":"https:\/\/api.w.org\/{rel}","templated":true}]}}