{"id":13713,"date":"2025-07-21T10:57:39","date_gmt":"2025-07-21T08:57:39","guid":{"rendered":"https:\/\/softymed.ch\/?post_type=product&#038;p=13713"},"modified":"2026-04-08T17:22:09","modified_gmt":"2026-04-08T15:22:09","slug":"set-di-sutura-sterile-mediset-small","status":"publish","type":"product","link":"https:\/\/softymed.ch\/it\/boutique\/sets-de-soin\/mediset-petit-set-de-suture-sterile\/","title":{"rendered":"MediSet\u00ae"},"content":{"rendered":"<p><strong>Composizione del set<\/strong><br \/>\n-1 Campo protetto, 60 x 60 cm<br \/>\n-1 champ \u00e0 trous Protect, 90 x 75 cm, trou \u00d8 10 cm central, adh\u00e9sif<br \/>\n-1 pincette Micro Adson, 12 cm, chirurgicale, droite, m\u00e9tal, code couleur<br \/>\n-1 Pinza Kocher, 14 cm, dritta, plastica<br \/>\n-1 scalpel \u00e0 usage unique, 14 cm, Fig. 11, avec capuchon de protection<br \/>\n-1 scalpel \u00e0 usage unique, 14 cm, Fig. 15, avec capuchon de protection<br \/>\n-8 tamponi di garza Pagasling, prugna, dimensione 3, 20 fili<br \/>\n-1 porte-aiguille, 12 cm, avec arr\u00eat, m\u00e9tal, code couleur<br \/>\n-1 paire de ciseaux Iris, 11,5 cm, courb\u00e9s, m\u00e9tal, code couleur<br \/>\n-5 compresses en non-tiss\u00e9, 10 x 10 cm, 30 g\/m<\/p>","protected":false},"excerpt":{"rendered":"<p>Piccolo set di sutura sterile<\/p>","protected":false},"featured_media":13716,"template":"","meta":{"_acf_changed":false,"_seopress_robots_primary_cat":"103","_seopress_titles_title":"","_seopress_titles_desc":"","_seopress_robots_index":""},"product_brand":[],"product_cat":[371,372,146,134,103,104],"product_tag":[348],"categorie_principale":[31,28,29],"marque":[107],"class_list":{"0":"post-13713","1":"product","2":"type-product","3":"status-publish","4":"has-post-thumbnail","6":"product_cat-clients-labpoint-avantages-particuliers","7":"product_cat-medicusana","8":"product_cat-pansement","9":"product_cat-petite-chirurgie-suture","10":"product_cat-sets-de-soin","11":"product_cat-soin-des-plaies","12":"product_tag-nouveaute","13":"categorie_principale-gynecologie","14":"categorie_principale-medecine-generale","15":"categorie_principale-permanence-hopital","16":"marque-hartmann","18":"first","19":"instock","20":"taxable","21":"shipping-taxable","22":"purchasable","23":"product-type-simple"},"supplier_id":null,"supplier_sku":"","atum_controlled":true,"out_stock_date":null,"out_stock_threshold":null,"inheritable":false,"inbound_stock":null,"stock_on_hold":1,"sold_today":0,"sales_last_days":2,"reserved_stock":null,"customer_returns":null,"warehouse_damage":null,"lost_in_post":null,"other_logs":null,"out_stock_days":0,"lost_sales":0,"has_location":true,"update_date":"2026-04-08T15:22:17","atum_locations":[{"id":373,"name":"Officine","slug":"officine"}],"atum_stock_status":"instock","restock_status":false,"low_stock_amount":"","sales_update_date":"2026-04-08T15:22:17","calc_backorders":null,"acf":[],"_links":{"self":[{"href":"https:\/\/softymed.ch\/it\/wp-json\/wp\/v2\/product\/13713","targetHints":{"allow":["GET"]}}],"collection":[{"href":"https:\/\/softymed.ch\/it\/wp-json\/wp\/v2\/product"}],"about":[{"href":"https:\/\/softymed.ch\/it\/wp-json\/wp\/v2\/types\/product"}],"wp:featuredmedia":[{"embeddable":true,"href":"https:\/\/softymed.ch\/it\/wp-json\/wp\/v2\/media\/13716"}],"wp:attachment":[{"href":"https:\/\/softymed.ch\/it\/wp-json\/wp\/v2\/media?parent=13713"}],"wp:term":[{"taxonomy":"product_brand","embeddable":true,"href":"https:\/\/softymed.ch\/it\/wp-json\/wp\/v2\/product_brand?post=13713"},{"taxonomy":"product_cat","embeddable":true,"href":"https:\/\/softymed.ch\/it\/wp-json\/wp\/v2\/product_cat?post=13713"},{"taxonomy":"product_tag","embeddable":true,"href":"https:\/\/softymed.ch\/it\/wp-json\/wp\/v2\/product_tag?post=13713"},{"taxonomy":"categorie_principale","embeddable":true,"href":"https:\/\/softymed.ch\/it\/wp-json\/wp\/v2\/categorie_principale?post=13713"},{"taxonomy":"marque","embeddable":true,"href":"https:\/\/softymed.ch\/it\/wp-json\/wp\/v2\/marque?post=13713"}],"curies":[{"name":"wp","href":"https:\/\/api.w.org\/{rel}","templated":true}]}}