{"id":13626,"date":"2025-07-09T14:50:02","date_gmt":"2025-07-09T12:50:02","guid":{"rendered":"https:\/\/softymed.ch\/?post_type=product&#038;p=13626"},"modified":"2026-02-26T16:55:43","modified_gmt":"2026-02-26T15:55:43","slug":"ligacast","status":"publish","type":"product","link":"https:\/\/softymed.ch\/it\/boutique\/attelles-platres\/cheville-pied\/ligacast\/","title":{"rendered":"Ligacast\u00ae"},"content":{"rendered":"<p>Les chevill\u00e8res de la gamme Ligacast\u00ae sont con\u00e7ues pour stabiliser l&rsquo;articulation de la cheville en cas d&rsquo;entorses mod\u00e9r\u00e9es \u00e0 graves.<br \/>\nElles comportent des coques en plastique rigide pour soutenir l&rsquo;articulation, des coussinets en mousse amovibles avec une couche de protection sur les mall\u00e9oles pour am\u00e9liorer le confort et assurer la protection, des sangles r\u00e9glables et une talonnette r\u00e9glable en largeur pour assurer un ajustement pr\u00e9cis au patient.<br \/>\nLa gamme Ligacast\u00ae est bilat\u00e9rale, ce qui signifie qu&rsquo;elle peut \u00eatre utilis\u00e9e sur la cheville gauche ou droite.<\/p>\n<p><strong>Indicazioni<\/strong><br \/>\n-Entorse moyenne \u00e0 s\u00e9v\u00e8re de la cheville<br \/>\n-Instabilit\u00e9 chronique de la cheville<\/p>\n<p><strong>Controindicazioni<\/strong><br \/>\n-Non utilizzare il prodotto se la diagnosi \u00e8 incerta.<br \/>\n-Ne pas utiliser en cas d\u2019allergie connue \u00e0 l\u2019un des composants<br \/>\n-Ne pas placer le produit directement en contact avec une peau l\u00e9s\u00e9e<br \/>\n-Ant\u00e9c\u00e9dents de troubles veineux ou lymphatiques<\/p>","protected":false},"excerpt":{"rendered":"<p>Stabilizzatore della caviglia<\/p>","protected":false},"featured_media":13632,"template":"","meta":{"_acf_changed":false,"_seopress_robots_primary_cat":"none","_seopress_titles_title":"","_seopress_titles_desc":"","_seopress_robots_index":""},"product_brand":[],"product_cat":[149,216],"product_tag":[],"categorie_principale":[28,30,29],"marque":[217],"class_list":{"0":"post-13626","1":"product","2":"type-product","3":"status-publish","4":"has-post-thumbnail","6":"product_cat-attelles-platres","7":"product_cat-cheville-pied","8":"categorie_principale-medecine-generale","9":"categorie_principale-orthopedie","10":"categorie_principale-permanence-hopital","11":"marque-thuasne","13":"first","14":"instock","15":"taxable","16":"shipping-taxable","17":"purchasable","18":"product-type-variable"},"supplier_id":null,"supplier_sku":"","atum_controlled":true,"out_stock_date":null,"out_stock_threshold":null,"inheritable":true,"inbound_stock":null,"stock_on_hold":0,"sold_today":0,"sales_last_days":0,"reserved_stock":null,"customer_returns":null,"warehouse_damage":null,"lost_in_post":null,"other_logs":null,"out_stock_days":0,"lost_sales":0,"has_location":true,"update_date":"2026-04-08T00:03:44","atum_locations":[{"id":373,"name":"Officine","slug":"officine"}],"atum_stock_status":"instock","restock_status":false,"low_stock_amount":"","sales_update_date":"2026-04-08T00:03:44","calc_backorders":null,"acf":[],"_links":{"self":[{"href":"https:\/\/softymed.ch\/it\/wp-json\/wp\/v2\/product\/13626","targetHints":{"allow":["GET"]}}],"collection":[{"href":"https:\/\/softymed.ch\/it\/wp-json\/wp\/v2\/product"}],"about":[{"href":"https:\/\/softymed.ch\/it\/wp-json\/wp\/v2\/types\/product"}],"wp:featuredmedia":[{"embeddable":true,"href":"https:\/\/softymed.ch\/it\/wp-json\/wp\/v2\/media\/13632"}],"wp:attachment":[{"href":"https:\/\/softymed.ch\/it\/wp-json\/wp\/v2\/media?parent=13626"}],"wp:term":[{"taxonomy":"product_brand","embeddable":true,"href":"https:\/\/softymed.ch\/it\/wp-json\/wp\/v2\/product_brand?post=13626"},{"taxonomy":"product_cat","embeddable":true,"href":"https:\/\/softymed.ch\/it\/wp-json\/wp\/v2\/product_cat?post=13626"},{"taxonomy":"product_tag","embeddable":true,"href":"https:\/\/softymed.ch\/it\/wp-json\/wp\/v2\/product_tag?post=13626"},{"taxonomy":"categorie_principale","embeddable":true,"href":"https:\/\/softymed.ch\/it\/wp-json\/wp\/v2\/categorie_principale?post=13626"},{"taxonomy":"marque","embeddable":true,"href":"https:\/\/softymed.ch\/it\/wp-json\/wp\/v2\/marque?post=13626"}],"curies":[{"name":"wp","href":"https:\/\/api.w.org\/{rel}","templated":true}]}}