{"id":13558,"date":"2025-07-22T10:56:42","date_gmt":"2025-07-22T08:56:42","guid":{"rendered":"https:\/\/softymed.ch\/?post_type=product&#038;p=13558"},"modified":"2026-01-12T15:28:39","modified_gmt":"2026-01-12T14:28:39","slug":"vacutainer-bd-cpt","status":"publish","type":"product","link":"https:\/\/softymed.ch\/it\/boutique\/prelevements\/prelevement-special\/bd-vacutainer-cpt\/","title":{"rendered":"BD Vacutainer\u00ae CPT\u2122"},"content":{"rendered":"<p>Tubes BD Vacutainer\u00ae CPT\u2122 pour s\u00e9paration des cellules mono-nucl\u00e9\u00e9es<br \/>\nFormat: 13&#215;100<br \/>\nVuoto: 4 ml<br \/>\n\u00c9tiquette transparente ultrafine<br \/>\nAnticogulant, solution de FICOLL\u2122 Hypaque\u2122.<br \/>\nTubi di vetro<\/p>","protected":false},"excerpt":{"rendered":"<p>Per la separazione di singole cellule nucleate<\/p>","protected":false},"featured_media":13561,"template":"","meta":{"_acf_changed":false,"_seopress_robots_primary_cat":"none","_seopress_titles_title":"","_seopress_titles_desc":"","_seopress_robots_index":""},"product_brand":[],"product_cat":[142,137,136],"product_tag":[],"categorie_principale":[165],"marque":[172],"class_list":{"0":"post-13558","1":"product","2":"type-product","3":"status-publish","4":"has-post-thumbnail","6":"product_cat-prelevement-special","7":"product_cat-prelevement-veineux","8":"product_cat-prelevements","9":"categorie_principale-autre","10":"marque-becton-dickinson","12":"first","13":"outofstock","14":"taxable","15":"shipping-taxable","16":"product-type-simple"},"supplier_id":null,"supplier_sku":"","atum_controlled":true,"out_stock_date":"2025-08-13 18:20:35","out_stock_threshold":null,"inheritable":false,"inbound_stock":null,"stock_on_hold":0,"sold_today":0,"sales_last_days":0,"reserved_stock":null,"customer_returns":null,"warehouse_damage":null,"lost_in_post":null,"other_logs":null,"out_stock_days":237,"lost_sales":0,"has_location":true,"update_date":"2026-04-08T00:03:40","atum_locations":[{"id":373,"name":"Officine","slug":"officine"}],"atum_stock_status":"outofstock","restock_status":false,"low_stock_amount":"","sales_update_date":"2026-04-08T00:03:40","calc_backorders":null,"acf":[],"_links":{"self":[{"href":"https:\/\/softymed.ch\/it\/wp-json\/wp\/v2\/product\/13558","targetHints":{"allow":["GET"]}}],"collection":[{"href":"https:\/\/softymed.ch\/it\/wp-json\/wp\/v2\/product"}],"about":[{"href":"https:\/\/softymed.ch\/it\/wp-json\/wp\/v2\/types\/product"}],"wp:featuredmedia":[{"embeddable":true,"href":"https:\/\/softymed.ch\/it\/wp-json\/wp\/v2\/media\/13561"}],"wp:attachment":[{"href":"https:\/\/softymed.ch\/it\/wp-json\/wp\/v2\/media?parent=13558"}],"wp:term":[{"taxonomy":"product_brand","embeddable":true,"href":"https:\/\/softymed.ch\/it\/wp-json\/wp\/v2\/product_brand?post=13558"},{"taxonomy":"product_cat","embeddable":true,"href":"https:\/\/softymed.ch\/it\/wp-json\/wp\/v2\/product_cat?post=13558"},{"taxonomy":"product_tag","embeddable":true,"href":"https:\/\/softymed.ch\/it\/wp-json\/wp\/v2\/product_tag?post=13558"},{"taxonomy":"categorie_principale","embeddable":true,"href":"https:\/\/softymed.ch\/it\/wp-json\/wp\/v2\/categorie_principale?post=13558"},{"taxonomy":"marque","embeddable":true,"href":"https:\/\/softymed.ch\/it\/wp-json\/wp\/v2\/marque?post=13558"}],"curies":[{"name":"wp","href":"https:\/\/api.w.org\/{rel}","templated":true}]}}