{"id":13552,"date":"2025-07-04T17:52:44","date_gmt":"2025-07-04T15:52:44","guid":{"rendered":"https:\/\/softymed.ch\/?post_type=product&#038;p=13552"},"modified":"2025-08-26T15:07:36","modified_gmt":"2025-08-26T13:07:36","slug":"bastoncini-oftalmici","status":"publish","type":"product","link":"https:\/\/softymed.ch\/it\/boutique\/soin-des-plaies\/pansement\/batonnets-ophtalmiques\/","title":{"rendered":"Bastoncini oftalmici"},"content":{"rendered":"<p>Les b\u00e2tonnets ophtalmiques Pro-ophta de Lohmann-Rauscher ont \u00e9t\u00e9 con\u00e7us de mani\u00e8re \u00e0 \u00eatre id\u00e9alement utilis\u00e9s lors des interventions ophtalmologiques. Le mat\u00e9riau pr\u00e9serve les tissus, offre une bonne capillarit\u00e9, une r\u00e9sistance \u00e9lev\u00e9e et une bonne capacit\u00e9 d&rsquo;absorption. Gr\u00e2ce \u00e0 leur d\u00e9coupe en biais des deux c\u00f4t\u00e9s, les b\u00e2tonnets ophtalmiques Pro-ophta peuvent \u00eatre utilis\u00e9s avec une grande pr\u00e9cision.<\/p>\n<p><strong>Utilizzo<\/strong><br \/>\n-Pour les interventions microchirurgicales et ophtalmologiques, pour une pr\u00e9paration et un tamponnage m\u00e9nageant les tissus<br \/>\n-Pour une utilisation dans la chirurgie des paupi\u00e8res et les op\u00e9rations des muscles oculaires dans le cadre du strabisme<\/p>\n<p><strong>Caratteristiche<\/strong><br \/>\n-B\u00e2tonnets ophtalmiques Pro-ophta<br \/>\n-Tampons sp\u00e9ciaux pour les interventions de chirurgie ophtalmique<br \/>\n-Tr\u00e8s bonne action capillaire<br \/>\n-Elevata aspirazione<br \/>\n-Haute r\u00e9sistance avec une bonne capacit\u00e9 d&rsquo;absorption<br \/>\n-Extr\u00e9mit\u00e9s coup\u00e9es en biais<br \/>\n-Mat\u00e9riau pr\u00e9servant les tissus<br \/>\n-Composition: non-tiss\u00e9 tr\u00e8s absorbant roul\u00e9 \u00e0 l&rsquo;\u00e9paisseur d&rsquo;un b\u00e2tonnet, avec enveloppe absorbante en cellulose<br \/>\n-Id\u00e9al pour le tamponnage et la pr\u00e9paration<br \/>\n-\u2205 5 mm<br \/>\n-Lunghezza: 64 mm<\/p>","protected":false},"excerpt":{"rendered":"<p>Non sterile<\/p>","protected":false},"featured_media":13555,"template":"","meta":{"_acf_changed":false,"_seopress_robots_primary_cat":"none","_seopress_titles_title":"","_seopress_titles_desc":"","_seopress_robots_index":""},"product_brand":[],"product_cat":[146,104],"product_tag":[348],"categorie_principale":[165,28,29],"marque":[377],"class_list":{"0":"post-13552","1":"product","2":"type-product","3":"status-publish","4":"has-post-thumbnail","6":"product_cat-pansement","7":"product_cat-soin-des-plaies","8":"product_tag-nouveaute","9":"categorie_principale-autre","10":"categorie_principale-medecine-generale","11":"categorie_principale-permanence-hopital","12":"marque-lohmann-rauscher","14":"first","15":"instock","16":"taxable","17":"shipping-taxable","18":"purchasable","19":"product-type-simple"},"supplier_id":null,"supplier_sku":"","atum_controlled":true,"out_stock_date":null,"out_stock_threshold":null,"inheritable":false,"inbound_stock":null,"stock_on_hold":0,"sold_today":0,"sales_last_days":0,"reserved_stock":null,"customer_returns":null,"warehouse_damage":null,"lost_in_post":null,"other_logs":null,"out_stock_days":0,"lost_sales":0,"has_location":true,"update_date":"2026-04-08T00:03:40","atum_locations":[{"id":373,"name":"Officine","slug":"officine"}],"atum_stock_status":"instock","restock_status":false,"low_stock_amount":"","sales_update_date":"2026-04-08T00:03:40","calc_backorders":null,"acf":[],"_links":{"self":[{"href":"https:\/\/softymed.ch\/it\/wp-json\/wp\/v2\/product\/13552","targetHints":{"allow":["GET"]}}],"collection":[{"href":"https:\/\/softymed.ch\/it\/wp-json\/wp\/v2\/product"}],"about":[{"href":"https:\/\/softymed.ch\/it\/wp-json\/wp\/v2\/types\/product"}],"wp:featuredmedia":[{"embeddable":true,"href":"https:\/\/softymed.ch\/it\/wp-json\/wp\/v2\/media\/13555"}],"wp:attachment":[{"href":"https:\/\/softymed.ch\/it\/wp-json\/wp\/v2\/media?parent=13552"}],"wp:term":[{"taxonomy":"product_brand","embeddable":true,"href":"https:\/\/softymed.ch\/it\/wp-json\/wp\/v2\/product_brand?post=13552"},{"taxonomy":"product_cat","embeddable":true,"href":"https:\/\/softymed.ch\/it\/wp-json\/wp\/v2\/product_cat?post=13552"},{"taxonomy":"product_tag","embeddable":true,"href":"https:\/\/softymed.ch\/it\/wp-json\/wp\/v2\/product_tag?post=13552"},{"taxonomy":"categorie_principale","embeddable":true,"href":"https:\/\/softymed.ch\/it\/wp-json\/wp\/v2\/categorie_principale?post=13552"},{"taxonomy":"marque","embeddable":true,"href":"https:\/\/softymed.ch\/it\/wp-json\/wp\/v2\/marque?post=13552"}],"curies":[{"name":"wp","href":"https:\/\/api.w.org\/{rel}","templated":true}]}}