{"id":13080,"date":"2025-04-23T11:06:45","date_gmt":"2025-04-23T09:06:45","guid":{"rendered":"https:\/\/softymed.ch\/?post_type=product&#038;p=13080"},"modified":"2026-03-31T16:05:02","modified_gmt":"2026-03-31T14:05:02","slug":"bd-venflon-pro-safety-con-instaflash","status":"publish","type":"product","link":"https:\/\/softymed.ch\/it\/boutique\/liste-additionnelle\/bd-venflon-pro-safety-avec-instaflash\/","title":{"rendered":"BD Venflon Pro Safety\u2122 con Instaflash\u2122"},"content":{"rendered":"<p>Le BD Venflon\u2122 Pro Safety avec technologie Instaflash\u2122 allie une s\u00e9curit\u00e9 et un confort \u00e9lev\u00e9 dans un design innovant. Le m\u00e9canisme de s\u00e9curit\u00e9 int\u00e9gr\u00e9 prot\u00e8ge de mani\u00e8re fiable les utilisateurs contre les blessures par piq\u00fbre d&rsquo;aiguille, tandis que la valve d&rsquo;injection lat\u00e9rale avec Snap-Cap permet de travailler sans contact. Le biseau sp\u00e9cial de l&rsquo;aiguille garantit une ponction atraumatique et peu douloureuse, ce qui augmente le confort du patient.<\/p>\n<p>La technologie Instaflash\u2122 confirme \u00e9galement imm\u00e9diatement la r\u00e9ussite de l&rsquo;acc\u00e8s vasculaire et augmente le taux de r\u00e9ussite de la premi\u00e8re ponction, ce qui r\u00e9duit consid\u00e9rablement les \u00e9checs. Fabriqu\u00e9 en polyur\u00e9thane BD Vialon\u2122 unique, le cath\u00e9ter d&rsquo;adapte aux tissus et permet une plus longue dur\u00e9e de r\u00e9tention, ce qui minimise le risque de phl\u00e9bite m\u00e9canique et rend le traitement plus confortable pour le patient.<\/p>\n<p><strong>Caratteristiche<\/strong><br \/>\n-BD Venflon\u2122 Pro Safety avec Instaflash\u2122<br \/>\n-Cath\u00e9ter intraveineux avec m\u00e9canisme de s\u00e9curit\u00e9<br \/>\n-Prot\u00e8ge de mani\u00e8re fiable contre les blessures par piq\u00fbre d&rsquo;aiguille<br \/>\n-Avec valve d&rsquo;injection lat\u00e9rale et Snap-Cap<br \/>\nPromuove il lavoro senza contatto<br \/>\n-Coupe sp\u00e9ciale de la canule pour une ponction atraumatique et peu douloureuse<br \/>\n-Am\u00e9liore le confort du patient<br \/>\n-La technologie de la canule Instaflash confirme imm\u00e9diatement l&rsquo;acc\u00e8s au vaisseau<br \/>\n-Garantit un taux de r\u00e9ussite plus \u00e9lev\u00e9 lors de la premi\u00e8re ponction<br \/>\n-R\u00e9duit le nombre d&rsquo;\u00e9checs de la ponction<br \/>\n-Plus grande stabilit\u00e9 dans la veine gr\u00e2ce aux ailettes flexibles<br \/>\n-Permet une fixation confortable et s\u00fbre<br \/>\n-Poign\u00e9e ergonomique pour une grande vari\u00e9t\u00e9 de techniques d&rsquo;utilisation<br \/>\n-Apr\u00e8s utilisation, l&rsquo;aiguille est enti\u00e8rement enferm\u00e9e dans un capuchon de protection<br \/>\n-Basso rischio di lesioni e contaminazione<br \/>\n-Cath\u00e9ter en polyur\u00e9thane BD Vialon unique en son genre<br \/>\n-Diventa pi\u00f9 morbido ed elastico nei tessuti<br \/>\n-Permet au cath\u00e9ter de rester en place plus longtemps<br \/>\n-Moins de risque de phl\u00e9bite m\u00e9canique<br \/>\n-Confezione sterile individuale<br \/>\n-Pour un usage hygi\u00e9nique et unique<br \/>\n-Certifi\u00e9 CE<br \/>\nSenza lattice e PVC<br \/>\n-Disponible en diff\u00e9rentes tailles (code couleur)<\/p>","protected":false},"excerpt":{"rendered":"<p>Catetere endovenoso con meccanismo di sicurezza<\/p>","protected":false},"featured_media":13621,"template":"","meta":{"_acf_changed":false,"_seopress_robots_primary_cat":"none","_seopress_titles_title":"","_seopress_titles_desc":"","_seopress_robots_index":""},"product_brand":[],"product_cat":[288,133],"product_tag":[348],"categorie_principale":[32,31,28,29],"marque":[172],"class_list":{"0":"post-13080","1":"product","2":"type-product","3":"status-publish","4":"has-post-thumbnail","6":"product_cat-liste-additionnelle","7":"product_cat-perfusion-injection","8":"product_tag-nouveaute","9":"categorie_principale-cardiologie","10":"categorie_principale-gynecologie","11":"categorie_principale-medecine-generale","12":"categorie_principale-permanence-hopital","13":"marque-becton-dickinson","15":"first","16":"instock","17":"taxable","18":"shipping-taxable","19":"purchasable","20":"product-type-variable"},"supplier_id":null,"supplier_sku":"","atum_controlled":true,"out_stock_date":null,"out_stock_threshold":null,"inheritable":true,"inbound_stock":0,"stock_on_hold":0,"sold_today":0,"sales_last_days":3,"reserved_stock":0,"customer_returns":0,"warehouse_damage":0,"lost_in_post":0,"other_logs":0,"out_stock_days":0,"lost_sales":0,"has_location":true,"update_date":"2026-04-08T00:04:00","atum_locations":[{"id":373,"name":"Officine","slug":"officine"}],"atum_stock_status":"instock","restock_status":false,"low_stock_amount":"","sales_update_date":"2026-04-08T00:04:00","calc_backorders":null,"acf":[],"_links":{"self":[{"href":"https:\/\/softymed.ch\/it\/wp-json\/wp\/v2\/product\/13080","targetHints":{"allow":["GET"]}}],"collection":[{"href":"https:\/\/softymed.ch\/it\/wp-json\/wp\/v2\/product"}],"about":[{"href":"https:\/\/softymed.ch\/it\/wp-json\/wp\/v2\/types\/product"}],"wp:featuredmedia":[{"embeddable":true,"href":"https:\/\/softymed.ch\/it\/wp-json\/wp\/v2\/media\/13621"}],"wp:attachment":[{"href":"https:\/\/softymed.ch\/it\/wp-json\/wp\/v2\/media?parent=13080"}],"wp:term":[{"taxonomy":"product_brand","embeddable":true,"href":"https:\/\/softymed.ch\/it\/wp-json\/wp\/v2\/product_brand?post=13080"},{"taxonomy":"product_cat","embeddable":true,"href":"https:\/\/softymed.ch\/it\/wp-json\/wp\/v2\/product_cat?post=13080"},{"taxonomy":"product_tag","embeddable":true,"href":"https:\/\/softymed.ch\/it\/wp-json\/wp\/v2\/product_tag?post=13080"},{"taxonomy":"categorie_principale","embeddable":true,"href":"https:\/\/softymed.ch\/it\/wp-json\/wp\/v2\/categorie_principale?post=13080"},{"taxonomy":"marque","embeddable":true,"href":"https:\/\/softymed.ch\/it\/wp-json\/wp\/v2\/marque?post=13080"}],"curies":[{"name":"wp","href":"https:\/\/api.w.org\/{rel}","templated":true}]}}