{"id":13030,"date":"2025-04-11T17:43:59","date_gmt":"2025-04-11T15:43:59","guid":{"rendered":"https:\/\/softymed.ch\/?post_type=product&#038;p=13030"},"modified":"2026-03-31T11:51:20","modified_gmt":"2026-03-31T09:51:20","slug":"lame-bordi-arrotondati-taglio-degli-angoli","status":"publish","type":"product","link":"https:\/\/softymed.ch\/it\/boutique\/microscopie\/lames-bords-rodes-coins-coupes\/","title":{"rendered":"Vetrini"},"content":{"rendered":"<p><strong>Applicazione<\/strong><br \/>\n-H\u00e9matologie (r\u00e9alisation de frottis)<br \/>\n-Citologia<br \/>\n-Microbiologia<br \/>\n-Istologia<br \/>\n-Applicazione di routine, tecniche manuali<\/p>\n<p><strong>Caratteristiche<\/strong><br \/>\n-Compatibile con i PLC Beckman Coulter<br \/>\n-Bo\u00eete conditionn\u00e9e sous-vide: emballage tropicalis\u00e9<\/p>","protected":false},"excerpt":{"rendered":"<p>Bordi lappati a 90\u00b0 Angoli tagliati a 45\u00b0<br \/>\nCoulter Beckmann compatibile<\/p>","protected":false},"featured_media":13031,"template":"","meta":{"_acf_changed":false,"_seopress_robots_primary_cat":"132","_seopress_titles_title":"","_seopress_titles_desc":"","_seopress_robots_index":""},"product_brand":[],"product_cat":[123,131,132],"product_tag":[],"categorie_principale":[165,31,27],"marque":[192],"class_list":{"0":"post-13030","1":"product","2":"type-product","3":"status-publish","4":"has-post-thumbnail","6":"product_cat-chimie-hematologie","7":"product_cat-microbiologie","8":"product_cat-microscopie","9":"categorie_principale-autre","10":"categorie_principale-gynecologie","11":"categorie_principale-laboratoire","12":"marque-labelians","14":"first","15":"instock","16":"taxable","17":"shipping-taxable","18":"purchasable","19":"product-type-simple"},"supplier_id":null,"supplier_sku":"","atum_controlled":true,"out_stock_date":null,"out_stock_threshold":null,"inheritable":false,"inbound_stock":0,"stock_on_hold":0,"sold_today":0,"sales_last_days":20,"reserved_stock":0,"customer_returns":0,"warehouse_damage":0,"lost_in_post":0,"other_logs":0,"out_stock_days":0,"lost_sales":0,"has_location":true,"update_date":"2026-04-09T00:04:00","atum_locations":[{"id":373,"name":"Officine","slug":"officine"}],"atum_stock_status":"instock","restock_status":false,"low_stock_amount":"","sales_update_date":"2026-04-09T00:04:00","calc_backorders":null,"acf":[],"_links":{"self":[{"href":"https:\/\/softymed.ch\/it\/wp-json\/wp\/v2\/product\/13030","targetHints":{"allow":["GET"]}}],"collection":[{"href":"https:\/\/softymed.ch\/it\/wp-json\/wp\/v2\/product"}],"about":[{"href":"https:\/\/softymed.ch\/it\/wp-json\/wp\/v2\/types\/product"}],"wp:featuredmedia":[{"embeddable":true,"href":"https:\/\/softymed.ch\/it\/wp-json\/wp\/v2\/media\/13031"}],"wp:attachment":[{"href":"https:\/\/softymed.ch\/it\/wp-json\/wp\/v2\/media?parent=13030"}],"wp:term":[{"taxonomy":"product_brand","embeddable":true,"href":"https:\/\/softymed.ch\/it\/wp-json\/wp\/v2\/product_brand?post=13030"},{"taxonomy":"product_cat","embeddable":true,"href":"https:\/\/softymed.ch\/it\/wp-json\/wp\/v2\/product_cat?post=13030"},{"taxonomy":"product_tag","embeddable":true,"href":"https:\/\/softymed.ch\/it\/wp-json\/wp\/v2\/product_tag?post=13030"},{"taxonomy":"categorie_principale","embeddable":true,"href":"https:\/\/softymed.ch\/it\/wp-json\/wp\/v2\/categorie_principale?post=13030"},{"taxonomy":"marque","embeddable":true,"href":"https:\/\/softymed.ch\/it\/wp-json\/wp\/v2\/marque?post=13030"}],"curies":[{"name":"wp","href":"https:\/\/api.w.org\/{rel}","templated":true}]}}