{"id":12950,"date":"2025-04-01T12:08:37","date_gmt":"2025-04-01T10:08:37","guid":{"rendered":"https:\/\/softymed.ch\/?post_type=product&#038;p=12950"},"modified":"2025-10-03T10:25:52","modified_gmt":"2025-10-03T08:25:52","slug":"scala-di-lettura-a-parete","status":"publish","type":"product","link":"https:\/\/softymed.ch\/it\/boutique\/appareils-equipements\/echelle-de-lecture-murale\/","title":{"rendered":"Scala di lettura montata a parete"},"content":{"rendered":"<p>\u00c9chelle de lecture murale qui permet de tester l&rsquo;acuit\u00e9 visuelle de loin, par lecture directe \u00e0 5m.<\/p>\n<p><strong>Caratteristiche<\/strong><br \/>\n-3 fogli di PVC bianco<br \/>\n-2 anelli di collegamento in acciaio tra ogni piastra<br \/>\n-Cha\u00eenette de suspension en acier<br \/>\n-Dimensioni (LxA): 240 x 180(x3) mm<br \/>\n-Dimensions totales avec cha\u00eenette (LxH): 240 x 625 mm<br \/>\n-Spessore: 1,3 mm<br \/>\n-Peso: 145 g<br \/>\n-Stampa: nero<\/p>","protected":false},"excerpt":{"rendered":"<p>Test Monoyer a 5 metri<\/p>","protected":false},"featured_media":12953,"template":"","meta":{"_acf_changed":false,"_seopress_robots_primary_cat":"none","_seopress_titles_title":"","_seopress_titles_desc":"","_seopress_robots_index":""},"product_brand":[],"product_cat":[163,122],"product_tag":[],"categorie_principale":[165,28,29],"marque":[369],"class_list":{"0":"post-12950","1":"product","2":"type-product","3":"status-publish","4":"has-post-thumbnail","6":"product_cat-appareils-equipements","7":"product_cat-auscultation-diagnostic","8":"categorie_principale-autre","9":"categorie_principale-medecine-generale","10":"categorie_principale-permanence-hopital","11":"marque-gamain-legros","13":"first","14":"outofstock","15":"taxable","16":"shipping-taxable","17":"product-type-simple"},"supplier_id":null,"supplier_sku":"","atum_controlled":true,"out_stock_date":"2025-09-08 19:07:01","out_stock_threshold":null,"inheritable":false,"inbound_stock":0,"stock_on_hold":0,"sold_today":0,"sales_last_days":0,"reserved_stock":0,"customer_returns":0,"warehouse_damage":0,"lost_in_post":0,"other_logs":0,"out_stock_days":212,"lost_sales":0,"has_location":true,"update_date":"2026-04-09T00:03:41","atum_locations":[{"id":373,"name":"Officine","slug":"officine"}],"atum_stock_status":"outofstock","restock_status":false,"low_stock_amount":"","sales_update_date":"2026-04-09T00:03:41","calc_backorders":null,"acf":[],"_links":{"self":[{"href":"https:\/\/softymed.ch\/it\/wp-json\/wp\/v2\/product\/12950","targetHints":{"allow":["GET"]}}],"collection":[{"href":"https:\/\/softymed.ch\/it\/wp-json\/wp\/v2\/product"}],"about":[{"href":"https:\/\/softymed.ch\/it\/wp-json\/wp\/v2\/types\/product"}],"wp:featuredmedia":[{"embeddable":true,"href":"https:\/\/softymed.ch\/it\/wp-json\/wp\/v2\/media\/12953"}],"wp:attachment":[{"href":"https:\/\/softymed.ch\/it\/wp-json\/wp\/v2\/media?parent=12950"}],"wp:term":[{"taxonomy":"product_brand","embeddable":true,"href":"https:\/\/softymed.ch\/it\/wp-json\/wp\/v2\/product_brand?post=12950"},{"taxonomy":"product_cat","embeddable":true,"href":"https:\/\/softymed.ch\/it\/wp-json\/wp\/v2\/product_cat?post=12950"},{"taxonomy":"product_tag","embeddable":true,"href":"https:\/\/softymed.ch\/it\/wp-json\/wp\/v2\/product_tag?post=12950"},{"taxonomy":"categorie_principale","embeddable":true,"href":"https:\/\/softymed.ch\/it\/wp-json\/wp\/v2\/categorie_principale?post=12950"},{"taxonomy":"marque","embeddable":true,"href":"https:\/\/softymed.ch\/it\/wp-json\/wp\/v2\/marque?post=12950"}],"curies":[{"name":"wp","href":"https:\/\/api.w.org\/{rel}","templated":true}]}}