{"id":12736,"date":"2025-03-20T14:43:48","date_gmt":"2025-03-20T13:43:48","guid":{"rendered":"https:\/\/softymed.ch\/?post_type=product&#038;p=12736"},"modified":"2026-03-09T10:14:53","modified_gmt":"2026-03-09T09:14:53","slug":"accu-chek-aviva","status":"publish","type":"product","link":"https:\/\/softymed.ch\/it\/boutique\/test-rapide\/accu-chek-aviva\/","title":{"rendered":"Accu-Chek\u00ae Aviva"},"content":{"rendered":"<p>Les bandelettes de test Accu-Chek\u00ae Aviva sont utilis\u00e9es pour la d\u00e9termination du taux de glyc\u00e9mie avec les lecteurs de glyc\u00e9mie Accu-Chek\u00ae Aviva. Les grandes bandelettes de test facile \u00e0 utiliser n\u00e9cessitent seulement une quantit\u00e9 faible de sang complet et donnent des r\u00e9sultats de mesure fiables en quelques secondes. La plage de mesure des bandelettes de test Accu-Chek\u00ae Aviva est particuli\u00e8rement vaste, ainsi que des valeurs extr\u00eamement basse et haute puissent \u00eatre document\u00e9s avec le glucom\u00e8tre.<\/p>\n<p><strong>Caratteristiche<\/strong><br \/>\n-Bandelettes de test Accu-Chek\u00ae Aviva<br \/>\n-Pour les lecteurs de glyc\u00e9mie Accu-Chek \u00aeAviva<br \/>\n-Faible quantit\u00e9 de sang: 0,6 \u03bcl<br \/>\n-Des r\u00e9sultats rapides en uniquement 5 secondes<br \/>\n-Vaste plage de mesure: 10 &#8211; 600 mg\/dl ou 0,6 &#8211; 33,3 mmol\/l<br \/>\n-Misura la glicemia in soli 5 secondi<br \/>\n-\u00c9chantillon: sang complet (capillaire ou veineux)<br \/>\n-De larges bandelettes de test, \u00e0 utilisation simple<\/p>","protected":false},"excerpt":{"rendered":"<p>Strisce reattive<\/p>","protected":false},"featured_media":12740,"template":"","meta":{"_acf_changed":false,"_seopress_robots_primary_cat":"68","_seopress_titles_title":"","_seopress_titles_desc":"","_seopress_robots_index":""},"product_brand":[],"product_cat":[163,371,380,68],"product_tag":[],"categorie_principale":[165,31,27,28,29],"marque":[205],"class_list":{"0":"post-12736","1":"product","2":"type-product","3":"status-publish","4":"has-post-thumbnail","6":"product_cat-appareils-equipements","7":"product_cat-clients-labpoint-avantages-particuliers","8":"product_cat-pedrazzini","9":"product_cat-test-rapide","10":"categorie_principale-autre","11":"categorie_principale-gynecologie","12":"categorie_principale-laboratoire","13":"categorie_principale-medecine-generale","14":"categorie_principale-permanence-hopital","15":"marque-roche-diagnostics-gmbh","17":"first","18":"instock","19":"taxable","20":"shipping-taxable","21":"purchasable","22":"product-type-simple"},"supplier_id":null,"supplier_sku":"","atum_controlled":true,"out_stock_date":null,"out_stock_threshold":null,"inheritable":false,"inbound_stock":0,"stock_on_hold":0,"sold_today":0,"sales_last_days":0,"reserved_stock":0,"customer_returns":0,"warehouse_damage":0,"lost_in_post":0,"other_logs":0,"out_stock_days":0,"lost_sales":0,"has_location":true,"update_date":"2026-04-09T00:03:49","atum_locations":[{"id":373,"name":"Officine","slug":"officine"}],"atum_stock_status":"instock","restock_status":false,"low_stock_amount":"","sales_update_date":"2026-04-09T00:03:49","calc_backorders":null,"acf":[],"_links":{"self":[{"href":"https:\/\/softymed.ch\/it\/wp-json\/wp\/v2\/product\/12736","targetHints":{"allow":["GET"]}}],"collection":[{"href":"https:\/\/softymed.ch\/it\/wp-json\/wp\/v2\/product"}],"about":[{"href":"https:\/\/softymed.ch\/it\/wp-json\/wp\/v2\/types\/product"}],"wp:featuredmedia":[{"embeddable":true,"href":"https:\/\/softymed.ch\/it\/wp-json\/wp\/v2\/media\/12740"}],"wp:attachment":[{"href":"https:\/\/softymed.ch\/it\/wp-json\/wp\/v2\/media?parent=12736"}],"wp:term":[{"taxonomy":"product_brand","embeddable":true,"href":"https:\/\/softymed.ch\/it\/wp-json\/wp\/v2\/product_brand?post=12736"},{"taxonomy":"product_cat","embeddable":true,"href":"https:\/\/softymed.ch\/it\/wp-json\/wp\/v2\/product_cat?post=12736"},{"taxonomy":"product_tag","embeddable":true,"href":"https:\/\/softymed.ch\/it\/wp-json\/wp\/v2\/product_tag?post=12736"},{"taxonomy":"categorie_principale","embeddable":true,"href":"https:\/\/softymed.ch\/it\/wp-json\/wp\/v2\/categorie_principale?post=12736"},{"taxonomy":"marque","embeddable":true,"href":"https:\/\/softymed.ch\/it\/wp-json\/wp\/v2\/marque?post=12736"}],"curies":[{"name":"wp","href":"https:\/\/api.w.org\/{rel}","templated":true}]}}