{"id":12678,"date":"2025-03-03T14:29:44","date_gmt":"2025-03-03T13:29:44","guid":{"rendered":"https:\/\/softymed.ch\/?post_type=product&#038;p=12678"},"modified":"2026-04-08T17:22:08","modified_gmt":"2026-04-08T15:22:08","slug":"sclerosi-sterica","status":"publish","type":"product","link":"https:\/\/softymed.ch\/it\/boutique\/liste-additionnelle\/sterican-sclerose\/","title":{"rendered":"Sterican\u00ae sclerosi"},"content":{"rendered":"<p>Les aiguilles jetables en boites de 100 pi\u00e8ces Sterican\u00ae constituent aujourd\u2019hui la r\u00e9f\u00e9rence en mati\u00e8re d\u2019hypodermie gr\u00e2ce une finition de qualit\u00e9 in\u00e9gal\u00e9e et une gamme compl\u00e8te.<\/p>\n<p>Les aiguilles m\u00e9dicales du programme Sterican\u00ae couvrent l\u2019essentiel des besoins en cabinet m\u00e9dical, h\u00f4pital ou clinique. Avec une longueur comprise entre 12 et 70 mm, les aiguilles hypodermiques Sterican\u00ae permettent d\u2019effectuer les injections m\u00e9dicales les plus courantes: injection intramusculaire, intraveineuse ou intra-art\u00e9rielle, injection sous-cutan\u00e9e.<\/p>\n<p><strong>Caratteristiche<\/strong><br \/>\n-Tubo in acciaio inox al cromo-nichel<br \/>\n-Paroi mince et pointe \u00e0 triple-biseau pour une ponction indolore<br \/>\n-Biseaux de longueur diff\u00e9rente en fonction de l\u2019indication<br \/>\n-Rev\u00eatement silicon\u00e9 pour une p\u00e9n\u00e9tration indolore<br \/>\n-Embase color\u00e9e translucide en popypropyl\u00e8ne<br \/>\n-Connettore Luer-Lock<br \/>\nSenza lattice<br \/>\n-St\u00e9rilisation \u00e0 l\u2019oxyde d\u2019\u00e9thyl\u00e8ne<\/p>","protected":false},"excerpt":{"rendered":"<p>Ago per sclerosare le vene varicose<\/p>","protected":false},"featured_media":12682,"template":"","meta":{"_acf_changed":false,"_seopress_robots_primary_cat":"none","_seopress_titles_title":"","_seopress_titles_desc":"","_seopress_robots_index":""},"product_brand":[],"product_cat":[288,133],"product_tag":[],"categorie_principale":[31,27,28,29],"marque":[171],"class_list":{"0":"post-12678","1":"product","2":"type-product","3":"status-publish","4":"has-post-thumbnail","6":"product_cat-liste-additionnelle","7":"product_cat-perfusion-injection","8":"categorie_principale-gynecologie","9":"categorie_principale-laboratoire","10":"categorie_principale-medecine-generale","11":"categorie_principale-permanence-hopital","12":"marque-b-braun","14":"first","15":"instock","16":"taxable","17":"shipping-taxable","18":"purchasable","19":"product-type-simple"},"supplier_id":null,"supplier_sku":"","atum_controlled":true,"out_stock_date":null,"out_stock_threshold":null,"inheritable":false,"inbound_stock":0,"stock_on_hold":6,"sold_today":0,"sales_last_days":4,"reserved_stock":0,"customer_returns":0,"warehouse_damage":0,"lost_in_post":0,"other_logs":0,"out_stock_days":0,"lost_sales":0,"has_location":true,"update_date":"2026-04-09T00:04:05","atum_locations":[{"id":373,"name":"Officine","slug":"officine"}],"atum_stock_status":"instock","restock_status":false,"low_stock_amount":"","sales_update_date":"2026-04-09T00:04:04","calc_backorders":null,"acf":[],"_links":{"self":[{"href":"https:\/\/softymed.ch\/it\/wp-json\/wp\/v2\/product\/12678","targetHints":{"allow":["GET"]}}],"collection":[{"href":"https:\/\/softymed.ch\/it\/wp-json\/wp\/v2\/product"}],"about":[{"href":"https:\/\/softymed.ch\/it\/wp-json\/wp\/v2\/types\/product"}],"wp:featuredmedia":[{"embeddable":true,"href":"https:\/\/softymed.ch\/it\/wp-json\/wp\/v2\/media\/12682"}],"wp:attachment":[{"href":"https:\/\/softymed.ch\/it\/wp-json\/wp\/v2\/media?parent=12678"}],"wp:term":[{"taxonomy":"product_brand","embeddable":true,"href":"https:\/\/softymed.ch\/it\/wp-json\/wp\/v2\/product_brand?post=12678"},{"taxonomy":"product_cat","embeddable":true,"href":"https:\/\/softymed.ch\/it\/wp-json\/wp\/v2\/product_cat?post=12678"},{"taxonomy":"product_tag","embeddable":true,"href":"https:\/\/softymed.ch\/it\/wp-json\/wp\/v2\/product_tag?post=12678"},{"taxonomy":"categorie_principale","embeddable":true,"href":"https:\/\/softymed.ch\/it\/wp-json\/wp\/v2\/categorie_principale?post=12678"},{"taxonomy":"marque","embeddable":true,"href":"https:\/\/softymed.ch\/it\/wp-json\/wp\/v2\/marque?post=12678"}],"curies":[{"name":"wp","href":"https:\/\/api.w.org\/{rel}","templated":true}]}}