{"id":10352,"date":"2025-02-27T12:52:35","date_gmt":"2025-02-27T11:52:35","guid":{"rendered":"https:\/\/softymed.ch\/?post_type=product&#038;p=10352"},"modified":"2026-04-07T09:16:58","modified_gmt":"2026-04-07T07:16:58","slug":"sicurezza-vasofix","status":"publish","type":"product","link":"https:\/\/softymed.ch\/it\/boutique\/liste-additionnelle\/vasofix-safety\/","title":{"rendered":"Sicurezza Vasofix"},"content":{"rendered":"<p>Le cath\u00e9ter i.v. de s\u00e9curit\u00e9 Vasofix de B.Braun offre une s\u00e9curit\u00e9 accrue gr\u00e2ce \u00e0 un clip de s\u00e9curit\u00e9. Ce m\u00e9canisme de s\u00e9curit\u00e9 ne peut \u00eatre contourn\u00e9, r\u00e9duisant ainsi le risque de blessure par piq\u00fbre d\u2019aiguille et le risque d\u2019infection associ\u00e9 lors de la manipulation de la canule.<\/p>\n<p>La canule i.v. de s\u00e9curit\u00e9 est dot\u00e9e d\u2019un port d\u2019injection qui permet un transfert rapide du m\u00e9dicament sans qu\u2019il ne soit n\u00e9cessaire de proc\u00e9der \u00e0 une nouvelle ponction.<\/p>\n<p><strong>Caratteristiche<\/strong><br \/>\n-Cath\u00e9ter i.v. de s\u00e9curit\u00e9 Vasofix de B. Braun<br \/>\n-Port d\u2019injection int\u00e9gr\u00e9<br \/>\n-Excellentes caract\u00e9ristiques de ponction gr\u00e2ce \u00e0 une pointe d\u2019aiguille atraumatique avec biseau \u00e0 3 facettes<br \/>\n-Quatre bandes de contraste \u00e0 rayons X enti\u00e8rement incorpor\u00e9es<br \/>\n-Valve d\u2019arr\u00eat du sang hydrophobe<br \/>\n-C\u00f4ne de fermeture verrouillable amovible<br \/>\n-Canule \u00e0 embout Lock<br \/>\n-Codice colore in base alla taglia<br \/>\nSenza lattice<br \/>\nSenza PVC<br \/>\n-Clip de s\u00e9curit\u00e9: l\u2019extr\u00e9mit\u00e9 de l\u2019aiguille est fix\u00e9e imm\u00e9diatement apr\u00e8s avoir \u00e9t\u00e9 retir\u00e9e<br \/>\n-Chaque canule i.v. est emball\u00e9e individuellement dans un emballage st\u00e9rile<br \/>\n-Conforme \u00e0 la norme ISO 10.555-1\/5<\/p>","protected":false},"excerpt":{"rendered":"<p>Cateteri endovenosi di sicurezza con sito di iniezione<\/p>","protected":false},"featured_media":9843,"template":"","meta":{"_acf_changed":false,"_seopress_robots_primary_cat":"none","_seopress_titles_title":"","_seopress_titles_desc":"","_seopress_robots_index":""},"product_brand":[],"product_cat":[288,133],"product_tag":[347],"categorie_principale":[],"marque":[],"class_list":{"0":"post-10352","1":"product","2":"type-product","3":"status-publish","4":"has-post-thumbnail","6":"product_cat-liste-additionnelle","7":"product_cat-perfusion-injection","8":"product_tag-best-seller","10":"first","11":"instock","12":"taxable","13":"shipping-taxable","14":"purchasable","15":"product-type-variable"},"supplier_id":null,"supplier_sku":"","atum_controlled":true,"out_stock_date":null,"out_stock_threshold":null,"inheritable":true,"inbound_stock":0,"stock_on_hold":0,"sold_today":0,"sales_last_days":6,"reserved_stock":0,"customer_returns":0,"warehouse_damage":0,"lost_in_post":0,"other_logs":0,"out_stock_days":0,"lost_sales":0,"has_location":true,"update_date":"2026-04-08T00:04:04","atum_locations":[{"id":373,"name":"Officine","slug":"officine"}],"atum_stock_status":"instock","restock_status":false,"low_stock_amount":"","sales_update_date":"2026-04-08T00:04:04","calc_backorders":null,"acf":[],"_links":{"self":[{"href":"https:\/\/softymed.ch\/it\/wp-json\/wp\/v2\/product\/10352","targetHints":{"allow":["GET"]}}],"collection":[{"href":"https:\/\/softymed.ch\/it\/wp-json\/wp\/v2\/product"}],"about":[{"href":"https:\/\/softymed.ch\/it\/wp-json\/wp\/v2\/types\/product"}],"wp:featuredmedia":[{"embeddable":true,"href":"https:\/\/softymed.ch\/it\/wp-json\/wp\/v2\/media\/9843"}],"wp:attachment":[{"href":"https:\/\/softymed.ch\/it\/wp-json\/wp\/v2\/media?parent=10352"}],"wp:term":[{"taxonomy":"product_brand","embeddable":true,"href":"https:\/\/softymed.ch\/it\/wp-json\/wp\/v2\/product_brand?post=10352"},{"taxonomy":"product_cat","embeddable":true,"href":"https:\/\/softymed.ch\/it\/wp-json\/wp\/v2\/product_cat?post=10352"},{"taxonomy":"product_tag","embeddable":true,"href":"https:\/\/softymed.ch\/it\/wp-json\/wp\/v2\/product_tag?post=10352"},{"taxonomy":"categorie_principale","embeddable":true,"href":"https:\/\/softymed.ch\/it\/wp-json\/wp\/v2\/categorie_principale?post=10352"},{"taxonomy":"marque","embeddable":true,"href":"https:\/\/softymed.ch\/it\/wp-json\/wp\/v2\/marque?post=10352"}],"curies":[{"name":"wp","href":"https:\/\/api.w.org\/{rel}","templated":true}]}}