{"id":10089,"date":"2025-02-22T23:22:07","date_gmt":"2025-02-22T22:22:07","guid":{"rendered":"https:\/\/softymed.ch\/?post_type=product&#038;p=10089"},"modified":"2025-10-22T10:58:20","modified_gmt":"2025-10-22T08:58:20","slug":"dermapak-2000","status":"publish","type":"product","link":"https:\/\/softymed.ch\/it\/boutique\/expedition-transport\/dermapak-2000\/","title":{"rendered":"Dermapak\u00ae 2000"},"content":{"rendered":"<p>Pochettes non st\u00e9riles pour contenir, transporter et traiter des sp\u00e9cimens dermatologiques (tels que des raclages cutan\u00e9s, des rognures d&rsquo;ongles et des cheveux) pour des investigations mycologiques en laboratoire.<br \/>\nLes Dermapaks\u00ae sont fabriqu\u00e9s \u00e0 partir d&rsquo;une carte absorbante pli\u00e9e avec une bande adh\u00e9sive auto-adh\u00e9sive fix\u00e9e \u00e0 la carte. Un c\u00f4t\u00e9 de la carte est noir, sur le c\u00f4t\u00e9 oppos\u00e9 se trouvent les informations destin\u00e9es au patient et les instructions d&rsquo;utilisation du produit.<br \/>\nChaque Dermapak\u00ae est emball\u00e9 individuellement dans une pochette plastique refermable.<\/p>\n<p><strong>Caratteristiche<\/strong><br \/>\n-Compact et l\u00e9ger<br \/>\n-Transport facile et s\u00fbr<br \/>\n-Semplice e pratico da usare<br \/>\n-Nero<\/p>","protected":false},"excerpt":{"rendered":"<p>Sacchetto per la spedizione di campioni dermatologici<\/p>","protected":false},"featured_media":10092,"template":"","meta":{"_acf_changed":false,"_seopress_robots_primary_cat":"126","_seopress_titles_title":"","_seopress_titles_desc":"","_seopress_robots_index":""},"product_brand":[],"product_cat":[371,126,372],"product_tag":[348],"categorie_principale":[165,27,28,29],"marque":[363],"class_list":{"0":"post-10089","1":"product","2":"type-product","3":"status-publish","4":"has-post-thumbnail","6":"product_cat-clients-labpoint-avantages-particuliers","7":"product_cat-expedition-transport","8":"product_cat-medicusana","9":"product_tag-nouveaute","10":"categorie_principale-autre","11":"categorie_principale-laboratoire","12":"categorie_principale-medecine-generale","13":"categorie_principale-permanence-hopital","14":"marque-dermaco","16":"first","17":"instock","18":"taxable","19":"shipping-taxable","20":"purchasable","21":"product-type-simple"},"supplier_id":null,"supplier_sku":"","atum_controlled":true,"out_stock_date":null,"out_stock_threshold":null,"inheritable":false,"inbound_stock":0,"stock_on_hold":0,"sold_today":0,"sales_last_days":0,"reserved_stock":0,"customer_returns":0,"warehouse_damage":0,"lost_in_post":0,"other_logs":0,"out_stock_days":0,"lost_sales":0,"has_location":true,"update_date":"2026-04-09T00:03:38","atum_locations":[{"id":219,"name":"Cubo giallo","slug":"yellow-cube"}],"atum_stock_status":"instock","restock_status":false,"low_stock_amount":"","sales_update_date":"2026-04-09T00:03:38","calc_backorders":null,"acf":[],"_links":{"self":[{"href":"https:\/\/softymed.ch\/it\/wp-json\/wp\/v2\/product\/10089","targetHints":{"allow":["GET"]}}],"collection":[{"href":"https:\/\/softymed.ch\/it\/wp-json\/wp\/v2\/product"}],"about":[{"href":"https:\/\/softymed.ch\/it\/wp-json\/wp\/v2\/types\/product"}],"wp:featuredmedia":[{"embeddable":true,"href":"https:\/\/softymed.ch\/it\/wp-json\/wp\/v2\/media\/10092"}],"wp:attachment":[{"href":"https:\/\/softymed.ch\/it\/wp-json\/wp\/v2\/media?parent=10089"}],"wp:term":[{"taxonomy":"product_brand","embeddable":true,"href":"https:\/\/softymed.ch\/it\/wp-json\/wp\/v2\/product_brand?post=10089"},{"taxonomy":"product_cat","embeddable":true,"href":"https:\/\/softymed.ch\/it\/wp-json\/wp\/v2\/product_cat?post=10089"},{"taxonomy":"product_tag","embeddable":true,"href":"https:\/\/softymed.ch\/it\/wp-json\/wp\/v2\/product_tag?post=10089"},{"taxonomy":"categorie_principale","embeddable":true,"href":"https:\/\/softymed.ch\/it\/wp-json\/wp\/v2\/categorie_principale?post=10089"},{"taxonomy":"marque","embeddable":true,"href":"https:\/\/softymed.ch\/it\/wp-json\/wp\/v2\/marque?post=10089"}],"curies":[{"name":"wp","href":"https:\/\/api.w.org\/{rel}","templated":true}]}}