{"id":10081,"date":"2025-02-22T22:53:21","date_gmt":"2025-02-22T21:53:21","guid":{"rendered":"https:\/\/softymed.ch\/?post_type=product&#038;p=10081"},"modified":"2025-12-05T22:52:39","modified_gmt":"2025-12-05T21:52:39","slug":"distanziatore-peha","status":"publish","type":"product","link":"https:\/\/softymed.ch\/it\/boutique\/petite-chirurgie-suture\/peha-ecarteur\/","title":{"rendered":"Divaricatore Peha\u00ae Sennmiller"},"content":{"rendered":"<p>Les dispositifs Peha\u00ae -instrument sont des instruments \u00e0 usage unique fabriqu\u00e9s en acier inoxydable bross\u00e9 mat de haute qualit\u00e9. La gamme d&rsquo;instruments Peha\u00ae -instrument est livr\u00e9e dans un emballage individuel st\u00e9rile avec une dur\u00e9e de conservation de 5 ans, est toujours pr\u00eate \u00e0 l\u2019emploi et peut \u00eatre utilis\u00e9 pour diverses interventions chirurgicales. En outre, le marquage de s\u00e9curit\u00e9 Peha\u00ae colour lock\u00ae permet une diff\u00e9renciation rapide et fiable des instruments \u00e0 usage multiple. En utilisant la gamme Peha\u00ae -instrument, vous simplifiez les processus.<\/p>\n<p>Cet \u00e9carteur chirurgical est un instrument \u00e0 double t\u00eate, avec d&rsquo;un c\u00f4t\u00e9 un \u00e9carteur Langenbeck, et de l&rsquo;autre un crochet \u00e0 3 dents pour les tissus moins d\u00e9licats. Il est con\u00e7u en acier bross\u00e9 et est clairement identifi\u00e9 sur les deux c\u00f4t\u00e9s comme \u00e9tant un instrument \u00e0 usage unique. Cela r\u00e9duit le risque de m\u00e9langer les instruments jetables avec les instruments r\u00e9utilisables. L&rsquo;\u00e9carteur de 16 cm est pr\u00e9sent\u00e9 dans un emballage st\u00e9rile individuel et a une dur\u00e9e de conservation st\u00e9rile de 5 ans.<\/p>\n<p><strong>Aree di applicazione<\/strong><br \/>\nLes \u00e9carteurs sont utilis\u00e9s pour maintenir une zone chirurgicale ouverte ou pour s\u00e9parer des organes. Cet instrument de combinaison peut \u00eatre utilis\u00e9 pour s\u00e9parer des tissus non sensibles et des tissus sensibles.<\/p>\n<p><strong>Caratteristiche<\/strong><br \/>\n-\u00c9carteur<br \/>\n-Version sp\u00e9ciale: Kilner<br \/>\n-Instrument \u00e0 double t\u00eate: \u00c9carteur Langenbeck \/ \u00e9carteur avec trois crochets (crochets de r\u00e2teau)<br \/>\n-Lunghezza: 16 cm<br \/>\n-Mat\u00e9riau: acier, bross\u00e9<br \/>\n-Dur\u00e9e de conservation st\u00e9rile: 5 ans<br \/>\n-Identifi\u00e9 sur les deux c\u00f4t\u00e9s comme \u00e9tant \u00e0 usage unique<br \/>\n-Emballage st\u00e9rile individuel<br \/>\n-Distributeur contenant 15 \u00e9carteurs<\/p>","protected":false},"excerpt":{"rendered":"<p>Punta di artiglio 16, sterile<\/p>","protected":false},"featured_media":10084,"template":"","meta":{"_acf_changed":false,"_seopress_robots_primary_cat":"none","_seopress_titles_title":"","_seopress_titles_desc":"","_seopress_robots_index":""},"product_brand":[],"product_cat":[134],"product_tag":[],"categorie_principale":[165,28,29],"marque":[107],"class_list":{"0":"post-10081","1":"product","2":"type-product","3":"status-publish","4":"has-post-thumbnail","6":"product_cat-petite-chirurgie-suture","7":"categorie_principale-autre","8":"categorie_principale-medecine-generale","9":"categorie_principale-permanence-hopital","10":"marque-hartmann","12":"first","13":"instock","14":"taxable","15":"shipping-taxable","16":"purchasable","17":"product-type-simple"},"supplier_id":null,"supplier_sku":"","atum_controlled":true,"out_stock_date":null,"out_stock_threshold":null,"inheritable":false,"inbound_stock":0,"stock_on_hold":0,"sold_today":0,"sales_last_days":0,"reserved_stock":0,"customer_returns":0,"warehouse_damage":0,"lost_in_post":0,"other_logs":0,"out_stock_days":0,"lost_sales":0,"has_location":true,"update_date":"2026-04-08T00:03:37","atum_locations":[{"id":219,"name":"Cubo giallo","slug":"yellow-cube"}],"atum_stock_status":"instock","restock_status":false,"low_stock_amount":"","sales_update_date":"2026-04-08T00:03:37","calc_backorders":null,"acf":[],"_links":{"self":[{"href":"https:\/\/softymed.ch\/it\/wp-json\/wp\/v2\/product\/10081","targetHints":{"allow":["GET"]}}],"collection":[{"href":"https:\/\/softymed.ch\/it\/wp-json\/wp\/v2\/product"}],"about":[{"href":"https:\/\/softymed.ch\/it\/wp-json\/wp\/v2\/types\/product"}],"wp:featuredmedia":[{"embeddable":true,"href":"https:\/\/softymed.ch\/it\/wp-json\/wp\/v2\/media\/10084"}],"wp:attachment":[{"href":"https:\/\/softymed.ch\/it\/wp-json\/wp\/v2\/media?parent=10081"}],"wp:term":[{"taxonomy":"product_brand","embeddable":true,"href":"https:\/\/softymed.ch\/it\/wp-json\/wp\/v2\/product_brand?post=10081"},{"taxonomy":"product_cat","embeddable":true,"href":"https:\/\/softymed.ch\/it\/wp-json\/wp\/v2\/product_cat?post=10081"},{"taxonomy":"product_tag","embeddable":true,"href":"https:\/\/softymed.ch\/it\/wp-json\/wp\/v2\/product_tag?post=10081"},{"taxonomy":"categorie_principale","embeddable":true,"href":"https:\/\/softymed.ch\/it\/wp-json\/wp\/v2\/categorie_principale?post=10081"},{"taxonomy":"marque","embeddable":true,"href":"https:\/\/softymed.ch\/it\/wp-json\/wp\/v2\/marque?post=10081"}],"curies":[{"name":"wp","href":"https:\/\/api.w.org\/{rel}","templated":true}]}}