{"id":92,"date":"2023-10-18T10:07:19","date_gmt":"2023-10-18T08:07:19","guid":{"rendered":"https:\/\/softymed.ch\/?page_id=92"},"modified":"2025-06-05T14:09:31","modified_gmt":"2025-06-05T12:09:31","slug":"accueil","status":"publish","type":"page","link":"https:\/\/softymed.ch\/it\/","title":{"rendered":"Casa"},"content":{"rendered":"","protected":false},"excerpt":{"rendered":"","protected":false},"author":1,"featured_media":0,"parent":0,"menu_order":0,"comment_status":"closed","ping_status":"closed","template":"","meta":{"_acf_changed":false,"_seopress_robots_primary_cat":"","_seopress_titles_title":"SOFTYMED \u2013 Vente en ligne de mat\u00e9riel m\u00e9dical pour professionnels de sant\u00e9","_seopress_titles_desc":"SOFTYMED, votre boutique en ligne sp\u00e9cialis\u00e9e dans la vente de mat\u00e9riel m\u00e9dical pour professionnels de sant\u00e9 vous propose des produits de grandes marques aux tarifs les plus avantageux.","_seopress_robots_index":"","footnotes":""},"class_list":["post-92","page","type-page","status-publish","hentry"],"acf":[],"_links":{"self":[{"href":"https:\/\/softymed.ch\/it\/wp-json\/wp\/v2\/pages\/92","targetHints":{"allow":["GET"]}}],"collection":[{"href":"https:\/\/softymed.ch\/it\/wp-json\/wp\/v2\/pages"}],"about":[{"href":"https:\/\/softymed.ch\/it\/wp-json\/wp\/v2\/types\/page"}],"author":[{"embeddable":true,"href":"https:\/\/softymed.ch\/it\/wp-json\/wp\/v2\/users\/1"}],"replies":[{"embeddable":true,"href":"https:\/\/softymed.ch\/it\/wp-json\/wp\/v2\/comments?post=92"}],"version-history":[{"count":4,"href":"https:\/\/softymed.ch\/it\/wp-json\/wp\/v2\/pages\/92\/revisions"}],"predecessor-version":[{"id":13396,"href":"https:\/\/softymed.ch\/it\/wp-json\/wp\/v2\/pages\/92\/revisions\/13396"}],"wp:attachment":[{"href":"https:\/\/softymed.ch\/it\/wp-json\/wp\/v2\/media?parent=92"}],"curies":[{"name":"wp","href":"https:\/\/api.w.org\/{rel}","templated":true}]}}