{"id":901,"date":"2023-11-21T11:07:17","date_gmt":"2023-11-21T10:07:17","guid":{"rendered":"https:\/\/softymed.ch\/?page_id=901"},"modified":"2025-02-26T13:24:00","modified_gmt":"2025-02-26T12:24:00","slug":"richiedere-un-nuovo-prodotto","status":"publish","type":"page","link":"https:\/\/softymed.ch\/it\/demander-un-nouveau-produit\/","title":{"rendered":"Richiesta di un nuovo prodotto"},"content":{"rendered":"","protected":false},"excerpt":{"rendered":"","protected":false},"author":1,"featured_media":0,"parent":0,"menu_order":0,"comment_status":"closed","ping_status":"closed","template":"","meta":{"_acf_changed":false,"_seopress_robots_primary_cat":"","_seopress_titles_title":"Demande de produit \u2013 Trouvez la r\u00e9f\u00e9rence dont vous avez besoin","_seopress_titles_desc":"Vous ne trouvez pas un produit dans le catalogue de SOFTYMED ? Faites-nous une demande et nous chercherons \u00e0 obtenir le produit adapt\u00e9 \u00e0 vos besoins.","_seopress_robots_index":"","footnotes":""},"class_list":["post-901","page","type-page","status-publish","hentry"],"acf":[],"_links":{"self":[{"href":"https:\/\/softymed.ch\/it\/wp-json\/wp\/v2\/pages\/901","targetHints":{"allow":["GET"]}}],"collection":[{"href":"https:\/\/softymed.ch\/it\/wp-json\/wp\/v2\/pages"}],"about":[{"href":"https:\/\/softymed.ch\/it\/wp-json\/wp\/v2\/types\/page"}],"author":[{"embeddable":true,"href":"https:\/\/softymed.ch\/it\/wp-json\/wp\/v2\/users\/1"}],"replies":[{"embeddable":true,"href":"https:\/\/softymed.ch\/it\/wp-json\/wp\/v2\/comments?post=901"}],"version-history":[{"count":0,"href":"https:\/\/softymed.ch\/it\/wp-json\/wp\/v2\/pages\/901\/revisions"}],"wp:attachment":[{"href":"https:\/\/softymed.ch\/it\/wp-json\/wp\/v2\/media?parent=901"}],"curies":[{"name":"wp","href":"https:\/\/api.w.org\/{rel}","templated":true}]}}