{"id":813,"date":"2023-11-20T14:50:50","date_gmt":"2023-11-20T13:50:50","guid":{"rendered":"https:\/\/softymed.ch\/?page_id=813"},"modified":"2025-02-26T13:23:03","modified_gmt":"2025-02-26T12:23:03","slug":"registrazione","status":"publish","type":"page","link":"https:\/\/softymed.ch\/it\/inscription\/","title":{"rendered":"Registrazione"},"content":{"rendered":"","protected":false},"excerpt":{"rendered":"","protected":false},"author":1,"featured_media":0,"parent":0,"menu_order":0,"comment_status":"closed","ping_status":"closed","template":"","meta":{"_acf_changed":false,"_seopress_robots_primary_cat":"","_seopress_titles_title":"Devenir client SOFTYMED \u2013 B\u00e9n\u00e9ficiez de nos meilleurs tarifs !","_seopress_titles_desc":"Professionnels de sant\u00e9, cr\u00e9er votre compte SOFTYMED et acc\u00e9dez \u00e0 notre catalogue de produits et de mat\u00e9riel m\u00e9dical. Commandez en ligne facilement et b\u00e9n\u00e9ficiez de nos offres exclusives.","_seopress_robots_index":"","footnotes":""},"class_list":["post-813","page","type-page","status-publish","hentry"],"acf":[],"_links":{"self":[{"href":"https:\/\/softymed.ch\/it\/wp-json\/wp\/v2\/pages\/813","targetHints":{"allow":["GET"]}}],"collection":[{"href":"https:\/\/softymed.ch\/it\/wp-json\/wp\/v2\/pages"}],"about":[{"href":"https:\/\/softymed.ch\/it\/wp-json\/wp\/v2\/types\/page"}],"author":[{"embeddable":true,"href":"https:\/\/softymed.ch\/it\/wp-json\/wp\/v2\/users\/1"}],"replies":[{"embeddable":true,"href":"https:\/\/softymed.ch\/it\/wp-json\/wp\/v2\/comments?post=813"}],"version-history":[{"count":0,"href":"https:\/\/softymed.ch\/it\/wp-json\/wp\/v2\/pages\/813\/revisions"}],"wp:attachment":[{"href":"https:\/\/softymed.ch\/it\/wp-json\/wp\/v2\/media?parent=813"}],"curies":[{"name":"wp","href":"https:\/\/api.w.org\/{rel}","templated":true}]}}