{"id":123,"date":"2023-10-18T10:45:18","date_gmt":"2023-10-18T08:45:18","guid":{"rendered":"https:\/\/softymed.ch\/?page_id=123"},"modified":"2025-02-26T18:26:12","modified_gmt":"2025-02-26T17:26:12","slug":"contatto","status":"publish","type":"page","link":"https:\/\/softymed.ch\/it\/contact\/","title":{"rendered":"Contatto"},"content":{"rendered":"","protected":false},"excerpt":{"rendered":"","protected":false},"author":1,"featured_media":0,"parent":0,"menu_order":0,"comment_status":"closed","ping_status":"closed","template":"","meta":{"_acf_changed":false,"_seopress_robots_primary_cat":"","_seopress_titles_title":"Contactez SOFTYMED \u2013 Votre sp\u00e9cialiste en mat\u00e9riel m\u00e9dical","_seopress_titles_desc":"Une question ou besoin d\u2019un produit ? Contactez SOFTYMED, l\u2019expert des professionnels de sant\u00e9 en mati\u00e8re de mat\u00e9riel m\u00e9dical. Nous sommes \u00e0 l\u2019\u00e9coute de vos besoins.","_seopress_robots_index":"","footnotes":""},"class_list":["post-123","page","type-page","status-publish","hentry"],"acf":[],"_links":{"self":[{"href":"https:\/\/softymed.ch\/it\/wp-json\/wp\/v2\/pages\/123","targetHints":{"allow":["GET"]}}],"collection":[{"href":"https:\/\/softymed.ch\/it\/wp-json\/wp\/v2\/pages"}],"about":[{"href":"https:\/\/softymed.ch\/it\/wp-json\/wp\/v2\/types\/page"}],"author":[{"embeddable":true,"href":"https:\/\/softymed.ch\/it\/wp-json\/wp\/v2\/users\/1"}],"replies":[{"embeddable":true,"href":"https:\/\/softymed.ch\/it\/wp-json\/wp\/v2\/comments?post=123"}],"version-history":[{"count":0,"href":"https:\/\/softymed.ch\/it\/wp-json\/wp\/v2\/pages\/123\/revisions"}],"wp:attachment":[{"href":"https:\/\/softymed.ch\/it\/wp-json\/wp\/v2\/media?parent=123"}],"curies":[{"name":"wp","href":"https:\/\/api.w.org\/{rel}","templated":true}]}}