{"id":9999,"date":"2025-02-17T12:51:51","date_gmt":"2025-02-17T11:51:51","guid":{"rendered":"https:\/\/softymed.ch\/?post_type=product&#038;p=9999"},"modified":"2026-03-27T09:36:33","modified_gmt":"2026-03-27T08:36:33","slug":"brother-kompatible-etiketten","status":"publish","type":"product","link":"https:\/\/softymed.ch\/de\/boutique\/divers\/etiquettes-compatibles-brother\/","title":{"rendered":"Kompatible Brother-Etiketten"},"content":{"rendered":"<p>\u00c9tiquettes 100% compatibles aux imprimantes Brother\u00ae QL.<\/p>\n<p><strong>Merkmale<\/strong><br \/>\n<strong>-DK-11201<\/strong><br \/>\nCompatibles avec la r\u00e9f\u00e9rence Brother DK-11201, ces \u00e9tiquettes sont fournies en rouleau d\u2019\u00e9tiquettes thermiques adh\u00e9sives, au format de 29 mm de largeur pour 90 mm de longueur. Elles constituent un choix \u00e9conomique et pratique pour l\u2019ensemble de vos besoins d\u2019\u00e9tiquetage.<\/p>\n<p>Elles sont 100 % compatibles avec toute la gamme Brother QL, notamment les mod\u00e8les 500, 550, 560, 570, 590N, 650TD, 710, 720, 1050 et 1060N.<\/p>\n<p>Chaque rouleau est livr\u00e9 avec son support plastique individuel, assurant une installation simple, une utilisation pratique et un stockage facilit\u00e9.<\/p>\n<p><strong>-DK-11208<\/strong><br \/>\nCompatibles avec la r\u00e9f\u00e9rence Brother DK-11208, ces \u00e9tiquettes sont fournies en rouleau d\u2019\u00e9tiquettes thermiques adh\u00e9sives, au format de 38 mm de largeur pour 90 mm de longueur. Chaque rouleau contient 400 \u00e9tiquettes, con\u00e7ues pour offrir une alternative \u00e9conomique et qualitative aux consommables d\u2019origine.<\/p>\n<p>Elles sont 100 % compatibles avec toute la gamme Brother QL, notamment les mod\u00e8les QL-500, QL-550, QL-560, QL-570, QL-590N, QL-650TD, QL-710, QL-720, QL-1050 et QL-1060N.<\/p>\n<p>Fabriqu\u00e9es en papier thermique de haute qualit\u00e9 et dot\u00e9es d\u2019un adh\u00e9sif permanent, ces \u00e9tiquettes garantissent une impression nette et durable ainsi qu\u2019une fixation fiable sur diff\u00e9rentes surfaces. Elles constituent une solution \u00e9conomique et s\u00fbre, adapt\u00e9e \u00e0 un usage professionnel.<\/p>\n<p>Chaque rouleau est livr\u00e9 avec son support plastique individuel, assurant une manipulation simple et une protection contre la poussi\u00e8re et les dommages.<\/p>\n<p><strong>-DK-55224<\/strong><br \/>\nCompatibles avec la r\u00e9f\u00e9rence Brother DK-55224, ces \u00e9tiquettes sont fournies en rouleau de papier thermique non adh\u00e9sif, au format de 54 mm de largeur pour 30,48 m\u00e8tres de longueur. Ce support non adh\u00e9sif est sp\u00e9cialement con\u00e7u pour la r\u00e9alisation de cartonnettes, adapt\u00e9es \u00e0 une multitude d\u2019applications.<\/p>\n<p>Bande continue, facile \u00e0 couper, qui s&rsquo;adapte parfaitement \u00e0 tous vos besoins.<\/p>\n<p>Elles sont 100 % compatibles avec toute la gamme Brother QL, notamment les mod\u00e8les 500, 550, 560, 570, 590N, 650TD, 710, 720, 1050 et 1060N.<\/p>\n<p>Offrant une qualit\u00e9 d\u2019impression nette et pr\u00e9cise, ces \u00e9tiquettes constituent une solution \u00e9conomique et fiable, id\u00e9ale pour un usage professionnel comme personnel.<\/p>\n<p>Chaque rouleau est livr\u00e9 avec son support plastique individuel, garantissant une installation simple, une utilisation pratique et un stockage facilit\u00e9.<\/p>","protected":false},"excerpt":{"rendered":"<p>Kompatibel mit Brother\u00ae QL-Druckern<\/p>","protected":false},"featured_media":10002,"template":"","meta":{"_acf_changed":false,"_seopress_robots_primary_cat":"125","_seopress_titles_title":"","_seopress_titles_desc":"","_seopress_robots_index":""},"product_brand":[],"product_cat":[371,125,397],"product_tag":[],"categorie_principale":[165,32,31,27,106,28,30,29],"marque":[],"class_list":{"0":"post-9999","1":"product","2":"type-product","3":"status-publish","4":"has-post-thumbnail","6":"product_cat-clients-labpoint-avantages-particuliers","7":"product_cat-divers","8":"product_cat-dr-ludmila-moncilli","9":"categorie_principale-autre","10":"categorie_principale-cardiologie","11":"categorie_principale-gynecologie","12":"categorie_principale-laboratoire","13":"categorie_principale-medecine-dentaire","14":"categorie_principale-medecine-generale","15":"categorie_principale-orthopedie","16":"categorie_principale-permanence-hopital","18":"first","19":"instock","20":"taxable","21":"shipping-taxable","22":"purchasable","23":"product-type-variable"},"supplier_id":null,"supplier_sku":"","atum_controlled":true,"out_stock_date":null,"out_stock_threshold":null,"inheritable":true,"inbound_stock":null,"stock_on_hold":0,"sold_today":0,"sales_last_days":5,"reserved_stock":null,"customer_returns":null,"warehouse_damage":null,"lost_in_post":null,"other_logs":null,"out_stock_days":0,"lost_sales":0,"has_location":true,"update_date":"2026-04-08T00:03:54","atum_locations":[{"id":373,"name":"Officine","slug":"officine"}],"atum_stock_status":"instock","restock_status":false,"low_stock_amount":"","sales_update_date":"2026-04-08T00:03:54","calc_backorders":null,"acf":[],"_links":{"self":[{"href":"https:\/\/softymed.ch\/de\/wp-json\/wp\/v2\/product\/9999","targetHints":{"allow":["GET"]}}],"collection":[{"href":"https:\/\/softymed.ch\/de\/wp-json\/wp\/v2\/product"}],"about":[{"href":"https:\/\/softymed.ch\/de\/wp-json\/wp\/v2\/types\/product"}],"wp:featuredmedia":[{"embeddable":true,"href":"https:\/\/softymed.ch\/de\/wp-json\/wp\/v2\/media\/10002"}],"wp:attachment":[{"href":"https:\/\/softymed.ch\/de\/wp-json\/wp\/v2\/media?parent=9999"}],"wp:term":[{"taxonomy":"product_brand","embeddable":true,"href":"https:\/\/softymed.ch\/de\/wp-json\/wp\/v2\/product_brand?post=9999"},{"taxonomy":"product_cat","embeddable":true,"href":"https:\/\/softymed.ch\/de\/wp-json\/wp\/v2\/product_cat?post=9999"},{"taxonomy":"product_tag","embeddable":true,"href":"https:\/\/softymed.ch\/de\/wp-json\/wp\/v2\/product_tag?post=9999"},{"taxonomy":"categorie_principale","embeddable":true,"href":"https:\/\/softymed.ch\/de\/wp-json\/wp\/v2\/categorie_principale?post=9999"},{"taxonomy":"marque","embeddable":true,"href":"https:\/\/softymed.ch\/de\/wp-json\/wp\/v2\/marque?post=9999"}],"curies":[{"name":"wp","href":"https:\/\/api.w.org\/{rel}","templated":true}]}}