{"id":9979,"date":"2025-02-17T11:43:25","date_gmt":"2025-02-17T10:43:25","guid":{"rendered":"https:\/\/softymed.ch\/?post_type=product&#038;p=9979"},"modified":"2026-03-27T18:27:48","modified_gmt":"2026-03-27T17:27:48","slug":"handtuch-fripa-ideal","status":"publish","type":"product","link":"https:\/\/softymed.ch\/de\/boutique\/protection-consommable\/essuie-mains-fripa-ideal\/","title":{"rendered":"Fripa IDEAL Handt\u00fccher"},"content":{"rendered":"<p><strong>Merkmale<\/strong><br \/>\nFarbe: wei\u00df<br \/>\nMati\u00e8re premi\u00e8re: m\u00e9lange de cellulose<br \/>\nAnzahl der Schichten: 1<br \/>\nV-f\u00f6rmige Faltung<br \/>\nAnzahl der Bl\u00e4tter: 5000<br \/>\nFormat: 23 x 25 cm<\/p>","protected":false},"excerpt":{"rendered":"<p>V-f\u00f6rmig gefaltete Servietten<br \/>\nEnth\u00e4lt 20 Packungen \u00e0 250 Blatt<\/p>","protected":false},"featured_media":9982,"template":"","meta":{"_acf_changed":false,"_seopress_robots_primary_cat":"176","_seopress_titles_title":"","_seopress_titles_desc":"","_seopress_robots_index":""},"product_brand":[],"product_cat":[372,176],"product_tag":[],"categorie_principale":[165,32,31,27,106,28,30,29],"marque":[349],"class_list":{"0":"post-9979","1":"product","2":"type-product","3":"status-publish","4":"has-post-thumbnail","6":"product_cat-medicusana","7":"product_cat-protection-consommable","8":"categorie_principale-autre","9":"categorie_principale-cardiologie","10":"categorie_principale-gynecologie","11":"categorie_principale-laboratoire","12":"categorie_principale-medecine-dentaire","13":"categorie_principale-medecine-generale","14":"categorie_principale-orthopedie","15":"categorie_principale-permanence-hopital","16":"marque-fripa","18":"first","19":"instock","20":"taxable","21":"shipping-taxable","22":"purchasable","23":"product-type-simple"},"supplier_id":null,"supplier_sku":"","atum_controlled":true,"out_stock_date":null,"out_stock_threshold":null,"inheritable":false,"inbound_stock":null,"stock_on_hold":0,"sold_today":0,"sales_last_days":2,"reserved_stock":null,"customer_returns":null,"warehouse_damage":null,"lost_in_post":null,"other_logs":null,"out_stock_days":0,"lost_sales":0,"has_location":true,"update_date":"2026-04-09T00:03:56","atum_locations":[{"id":373,"name":"Officine","slug":"officine"}],"atum_stock_status":"instock","restock_status":false,"low_stock_amount":"","sales_update_date":"2026-04-09T00:03:56","calc_backorders":null,"acf":[],"_links":{"self":[{"href":"https:\/\/softymed.ch\/de\/wp-json\/wp\/v2\/product\/9979","targetHints":{"allow":["GET"]}}],"collection":[{"href":"https:\/\/softymed.ch\/de\/wp-json\/wp\/v2\/product"}],"about":[{"href":"https:\/\/softymed.ch\/de\/wp-json\/wp\/v2\/types\/product"}],"wp:featuredmedia":[{"embeddable":true,"href":"https:\/\/softymed.ch\/de\/wp-json\/wp\/v2\/media\/9982"}],"wp:attachment":[{"href":"https:\/\/softymed.ch\/de\/wp-json\/wp\/v2\/media?parent=9979"}],"wp:term":[{"taxonomy":"product_brand","embeddable":true,"href":"https:\/\/softymed.ch\/de\/wp-json\/wp\/v2\/product_brand?post=9979"},{"taxonomy":"product_cat","embeddable":true,"href":"https:\/\/softymed.ch\/de\/wp-json\/wp\/v2\/product_cat?post=9979"},{"taxonomy":"product_tag","embeddable":true,"href":"https:\/\/softymed.ch\/de\/wp-json\/wp\/v2\/product_tag?post=9979"},{"taxonomy":"categorie_principale","embeddable":true,"href":"https:\/\/softymed.ch\/de\/wp-json\/wp\/v2\/categorie_principale?post=9979"},{"taxonomy":"marque","embeddable":true,"href":"https:\/\/softymed.ch\/de\/wp-json\/wp\/v2\/marque?post=9979"}],"curies":[{"name":"wp","href":"https:\/\/api.w.org\/{rel}","templated":true}]}}