{"id":9974,"date":"2025-02-17T11:11:27","date_gmt":"2025-02-17T10:11:27","guid":{"rendered":"https:\/\/softymed.ch\/?post_type=product&#038;p=9974"},"modified":"2026-03-10T15:15:38","modified_gmt":"2026-03-10T14:15:38","slug":"signaspray","status":"publish","type":"product","link":"https:\/\/softymed.ch\/de\/boutique\/appareils-equipements\/echographie-ecg-electrodes\/signaspray\/","title":{"rendered":"Signaspray\u00ae"},"content":{"rendered":"<p>Das SIGNASPRAY\u00ae Elektroden-Spr\u00fchspray von Parker Laboratories verbessert die Ableitungsqualit\u00e4t von EKG-Elektroden und sorgt so f\u00fcr eine pr\u00e4zise Diagnose. Das hypoallergene Elektrodenspray ist bakteriostatisch und verursacht keine Flecken.<\/p>\n<p><strong>Merkmale<\/strong><br \/>\n-SIGNASPRAY\u00ae Elektrodenspray von Parker Laboratories<br \/>\n-Hoch leitf\u00e4hig<br \/>\n-Ideal f\u00fcr alle Ger\u00e4te mit Saugelektroden<br \/>\n-Wirtschaftlich im Gebrauch<br \/>\n-Hypoallergen, bakteriostatisch, hinterl\u00e4sst keine Flecken<br \/>\n-Hinterl\u00e4sst keine R\u00fcckst\u00e4nde<br \/>\n-L\u00e4sst sich besonders leicht auftragen<br \/>\n-Leicht zu entfernen<\/p>\n<p><strong>Achtung!<\/strong> das SIGNASPRAY\u00ae Elektrodenspray ist nicht f\u00fcr die Defibrillation geeignet.<\/p>","protected":false},"excerpt":{"rendered":"<p>Spray f\u00fcr Elektroden<\/p>","protected":false},"featured_media":9977,"template":"","meta":{"_acf_changed":false,"_seopress_robots_primary_cat":"164","_seopress_titles_title":"","_seopress_titles_desc":"","_seopress_robots_index":""},"product_brand":[],"product_cat":[163,122,164,372],"product_tag":[],"categorie_principale":[165,32,31,27,28,30,29],"marque":[203],"class_list":{"0":"post-9974","1":"product","2":"type-product","3":"status-publish","4":"has-post-thumbnail","6":"product_cat-appareils-equipements","7":"product_cat-auscultation-diagnostic","8":"product_cat-echographie-ecg-electrodes","9":"product_cat-medicusana","10":"categorie_principale-autre","11":"categorie_principale-cardiologie","12":"categorie_principale-gynecologie","13":"categorie_principale-laboratoire","14":"categorie_principale-medecine-generale","15":"categorie_principale-orthopedie","16":"categorie_principale-permanence-hopital","17":"marque-parker-laboratories-inc","19":"first","20":"instock","21":"taxable","22":"shipping-taxable","23":"purchasable","24":"product-type-simple"},"supplier_id":null,"supplier_sku":"","atum_controlled":true,"out_stock_date":null,"out_stock_threshold":null,"inheritable":false,"inbound_stock":null,"stock_on_hold":0,"sold_today":0,"sales_last_days":0,"reserved_stock":null,"customer_returns":null,"warehouse_damage":null,"lost_in_post":null,"other_logs":null,"out_stock_days":0,"lost_sales":0,"has_location":true,"update_date":"2026-04-08T00:03:47","atum_locations":[{"id":373,"name":"Officine","slug":"officine"}],"atum_stock_status":"instock","restock_status":false,"low_stock_amount":"","sales_update_date":"2026-04-08T00:03:47","calc_backorders":null,"acf":[],"_links":{"self":[{"href":"https:\/\/softymed.ch\/de\/wp-json\/wp\/v2\/product\/9974","targetHints":{"allow":["GET"]}}],"collection":[{"href":"https:\/\/softymed.ch\/de\/wp-json\/wp\/v2\/product"}],"about":[{"href":"https:\/\/softymed.ch\/de\/wp-json\/wp\/v2\/types\/product"}],"wp:featuredmedia":[{"embeddable":true,"href":"https:\/\/softymed.ch\/de\/wp-json\/wp\/v2\/media\/9977"}],"wp:attachment":[{"href":"https:\/\/softymed.ch\/de\/wp-json\/wp\/v2\/media?parent=9974"}],"wp:term":[{"taxonomy":"product_brand","embeddable":true,"href":"https:\/\/softymed.ch\/de\/wp-json\/wp\/v2\/product_brand?post=9974"},{"taxonomy":"product_cat","embeddable":true,"href":"https:\/\/softymed.ch\/de\/wp-json\/wp\/v2\/product_cat?post=9974"},{"taxonomy":"product_tag","embeddable":true,"href":"https:\/\/softymed.ch\/de\/wp-json\/wp\/v2\/product_tag?post=9974"},{"taxonomy":"categorie_principale","embeddable":true,"href":"https:\/\/softymed.ch\/de\/wp-json\/wp\/v2\/categorie_principale?post=9974"},{"taxonomy":"marque","embeddable":true,"href":"https:\/\/softymed.ch\/de\/wp-json\/wp\/v2\/marque?post=9974"}],"curies":[{"name":"wp","href":"https:\/\/api.w.org\/{rel}","templated":true}]}}