{"id":9783,"date":"2025-02-10T13:13:03","date_gmt":"2025-02-10T12:13:03","guid":{"rendered":"https:\/\/softymed.ch\/?post_type=product&#038;p=9783"},"modified":"2026-03-26T13:09:29","modified_gmt":"2026-03-26T12:09:29","slug":"sterilux-es-nicht-steril","status":"publish","type":"product","link":"https:\/\/softymed.ch\/de\/boutique\/soin-des-plaies\/compresse\/sterilux-es-non-steriles\/","title":{"rendered":"Sterilux\u00ae ES"},"content":{"rendered":"<p>Les compresses ES non st\u00e9riles sont des compresses de gaze \u00e0 17 fils qui conviennent parfaitement au traitement des plaies. Ce pansement classique est utilis\u00e9 par exemple pour les bandages de plaies ou comme tampon non st\u00e9rile. Gr\u00e2ce aux bords de coupe repli\u00e9s, les compresses ES peuvent \u00eatre utilis\u00e9es plusieurs fois d\u00e9pli\u00e9es dans des formats plus grands, sans que des fils de bordure g\u00eanants n&rsquo;apparaissent.<\/p>\n<p><strong>Merkmale<\/strong><br \/>\n-Compresses ES non st\u00e9riles<br \/>\n-En gaze conforme \u00e0 la norme EN 14079<br \/>\n-17 S\u00f6hne<br \/>\n-Avec bords coup\u00e9s repli\u00e9s (= compresses ES)<br \/>\n-Bonne capacit\u00e9 d&rsquo;absorption<br \/>\n-Perm\u00e9able \u00e0 l&rsquo;air<br \/>\n-Weich und geschmeidig<br \/>\n-St\u00e9rilisable ult\u00e9rieurement<br \/>\n-Disponible en diff\u00e9rentes tailles<\/p>","protected":false},"excerpt":{"rendered":"<p>Unsterile gewebte Gazekompressen<\/p>","protected":false},"featured_media":9861,"template":"","meta":{"_acf_changed":false,"_seopress_robots_primary_cat":"none","_seopress_titles_title":"","_seopress_titles_desc":"","_seopress_robots_index":""},"product_brand":[],"product_cat":[147,104],"product_tag":[],"categorie_principale":[31,27,106,28,29],"marque":[107],"class_list":{"0":"post-9783","1":"product","2":"type-product","3":"status-publish","4":"has-post-thumbnail","6":"product_cat-compresse","7":"product_cat-soin-des-plaies","8":"categorie_principale-gynecologie","9":"categorie_principale-laboratoire","10":"categorie_principale-medecine-dentaire","11":"categorie_principale-medecine-generale","12":"categorie_principale-permanence-hopital","13":"marque-hartmann","15":"first","16":"instock","17":"taxable","18":"shipping-taxable","19":"purchasable","20":"product-type-variable"},"supplier_id":null,"supplier_sku":"","atum_controlled":true,"out_stock_date":null,"out_stock_threshold":null,"inheritable":true,"inbound_stock":null,"stock_on_hold":0,"sold_today":0,"sales_last_days":2,"reserved_stock":null,"customer_returns":null,"warehouse_damage":null,"lost_in_post":null,"other_logs":null,"out_stock_days":0,"lost_sales":0,"has_location":true,"update_date":"2026-04-09T00:03:54","atum_locations":[{"id":219,"name":"Yellow Cube","slug":"yellow-cube"}],"atum_stock_status":"instock","restock_status":false,"low_stock_amount":"","sales_update_date":"2026-04-09T00:03:54","calc_backorders":null,"acf":[],"_links":{"self":[{"href":"https:\/\/softymed.ch\/de\/wp-json\/wp\/v2\/product\/9783","targetHints":{"allow":["GET"]}}],"collection":[{"href":"https:\/\/softymed.ch\/de\/wp-json\/wp\/v2\/product"}],"about":[{"href":"https:\/\/softymed.ch\/de\/wp-json\/wp\/v2\/types\/product"}],"wp:featuredmedia":[{"embeddable":true,"href":"https:\/\/softymed.ch\/de\/wp-json\/wp\/v2\/media\/9861"}],"wp:attachment":[{"href":"https:\/\/softymed.ch\/de\/wp-json\/wp\/v2\/media?parent=9783"}],"wp:term":[{"taxonomy":"product_brand","embeddable":true,"href":"https:\/\/softymed.ch\/de\/wp-json\/wp\/v2\/product_brand?post=9783"},{"taxonomy":"product_cat","embeddable":true,"href":"https:\/\/softymed.ch\/de\/wp-json\/wp\/v2\/product_cat?post=9783"},{"taxonomy":"product_tag","embeddable":true,"href":"https:\/\/softymed.ch\/de\/wp-json\/wp\/v2\/product_tag?post=9783"},{"taxonomy":"categorie_principale","embeddable":true,"href":"https:\/\/softymed.ch\/de\/wp-json\/wp\/v2\/categorie_principale?post=9783"},{"taxonomy":"marque","embeddable":true,"href":"https:\/\/softymed.ch\/de\/wp-json\/wp\/v2\/marque?post=9783"}],"curies":[{"name":"wp","href":"https:\/\/api.w.org\/{rel}","templated":true}]}}