{"id":9588,"date":"2025-02-04T10:52:28","date_gmt":"2025-02-04T09:52:28","guid":{"rendered":"https:\/\/softymed.ch\/?post_type=product&#038;p=9588"},"modified":"2026-03-13T09:37:31","modified_gmt":"2026-03-13T08:37:31","slug":"cosmopor-transparent","status":"publish","type":"product","link":"https:\/\/softymed.ch\/de\/boutique\/soin-des-plaies\/cosmopor-transparent\/","title":{"rendered":"Cosmopor\u00ae transparent"},"content":{"rendered":"<p>Cosmopor\u00ae transparent est un pansement discret et imperm\u00e9able \u00e0 l&rsquo;eau de Paul Hartmann. Ce pansement est compos\u00e9 d&rsquo;un film de polyur\u00e9thane semi-perm\u00e9able et adh\u00e8re parfaitement \u00e0 la peau gr\u00e2ce \u00e0 son adh\u00e9sif en polyacrylate doux pour la peau. Il offre une protection s\u00fbre de la plaie et est id\u00e9al pour le traitement postop\u00e9ratoire des plaies l\u00e9g\u00e8rement exsudatives.<\/p>\n<p>Le coussinet, compos\u00e9 de fibres de viscose et recouvert d&rsquo;un filet en poly\u00e9thyl\u00e8ne, est absorbant et n&rsquo;adh\u00e8re pas \u00e0 la plaie. Le pansement permet ainsi un changement de pansement atraumatique. Cosmopor\u00ae transparent prot\u00e8ge de mani\u00e8re fiable contre la p\u00e9n\u00e9tration des bact\u00e9ries et peut \u00e9galement \u00eatre utilis\u00e9 pour les blessures mineures. En tant que pansements r\u00e9sistants \u00e0 l&rsquo;eau, ils sont disponibles en diff\u00e9rentes tailles et conditionnements et vous permettent de soigner vos plaies de mani\u00e8re individuelle.<\/p>\n<p><strong>Merkmale<\/strong><br \/>\n-Cosmopor\u00ae transparent de Paul Hartmann<br \/>\n-Pansement transparent discret et imperm\u00e9able \u00e0 l&rsquo;eau avec coussinet pour la plaie<br \/>\n-Auto-adh\u00e9sif et absorbant<br \/>\n-Compos\u00e9 d&rsquo;un film de polyur\u00e9thane semi-perm\u00e9able<br \/>\n-Pourvu d&rsquo;un adh\u00e9sif en polyacrylate doux pour la peau<br \/>\n-Coussinet en fibres de viscose et recouvert d&rsquo;un filet en poly\u00e9thyl\u00e8ne<br \/>\n-N&rsquo;adh\u00e8re pas \u00e0 la plaie<br \/>\n-Erm\u00f6glicht einen atraumatischen Verbandswechsel<br \/>\n-Zieht sich fast schmerzlos zur\u00fcck<br \/>\n-Application simple et intuitive gr\u00e2ce \u00e0 la num\u00e9rotation des applications<br \/>\n-Id\u00e9alement con\u00e7u pour une protection s\u00fbre de la plaie<br \/>\n-Pour le traitement postop\u00e9ratoire de plaies peu exsudatives<br \/>\n-Prot\u00e8ge de mani\u00e8re fiable contre la p\u00e9n\u00e9tration des bact\u00e9ries<br \/>\n-Utilisable \u00e9galement pour les petites blessures<br \/>\n-Disponible en diff\u00e9rentes tailles et conditionnements<br \/>\n-Sterile Einzelverpackung<\/p>","protected":false},"excerpt":{"rendered":"<p>Transparenter, wasserfester Verband mit Saugkissen<\/p>","protected":false},"featured_media":9595,"template":"","meta":{"_acf_changed":false,"_seopress_robots_primary_cat":"104","_seopress_titles_title":"","_seopress_titles_desc":"","_seopress_robots_index":""},"product_brand":[],"product_cat":[372,146,104],"product_tag":[],"categorie_principale":[31,28,29],"marque":[107],"class_list":{"0":"post-9588","1":"product","2":"type-product","3":"status-publish","4":"has-post-thumbnail","6":"product_cat-medicusana","7":"product_cat-pansement","8":"product_cat-soin-des-plaies","9":"categorie_principale-gynecologie","10":"categorie_principale-medecine-generale","11":"categorie_principale-permanence-hopital","12":"marque-hartmann","14":"first","15":"instock","16":"taxable","17":"shipping-taxable","18":"purchasable","19":"product-type-variable"},"supplier_id":null,"supplier_sku":"","atum_controlled":true,"out_stock_date":null,"out_stock_threshold":null,"inheritable":true,"inbound_stock":null,"stock_on_hold":0,"sold_today":0,"sales_last_days":0,"reserved_stock":null,"customer_returns":null,"warehouse_damage":null,"lost_in_post":null,"other_logs":null,"out_stock_days":0,"lost_sales":0,"has_location":true,"update_date":"2026-04-08T00:03:47","atum_locations":[{"id":219,"name":"Yellow Cube","slug":"yellow-cube"}],"atum_stock_status":"instock","restock_status":false,"low_stock_amount":"","sales_update_date":"2026-04-08T00:03:47","calc_backorders":null,"acf":[],"_links":{"self":[{"href":"https:\/\/softymed.ch\/de\/wp-json\/wp\/v2\/product\/9588","targetHints":{"allow":["GET"]}}],"collection":[{"href":"https:\/\/softymed.ch\/de\/wp-json\/wp\/v2\/product"}],"about":[{"href":"https:\/\/softymed.ch\/de\/wp-json\/wp\/v2\/types\/product"}],"wp:featuredmedia":[{"embeddable":true,"href":"https:\/\/softymed.ch\/de\/wp-json\/wp\/v2\/media\/9595"}],"wp:attachment":[{"href":"https:\/\/softymed.ch\/de\/wp-json\/wp\/v2\/media?parent=9588"}],"wp:term":[{"taxonomy":"product_brand","embeddable":true,"href":"https:\/\/softymed.ch\/de\/wp-json\/wp\/v2\/product_brand?post=9588"},{"taxonomy":"product_cat","embeddable":true,"href":"https:\/\/softymed.ch\/de\/wp-json\/wp\/v2\/product_cat?post=9588"},{"taxonomy":"product_tag","embeddable":true,"href":"https:\/\/softymed.ch\/de\/wp-json\/wp\/v2\/product_tag?post=9588"},{"taxonomy":"categorie_principale","embeddable":true,"href":"https:\/\/softymed.ch\/de\/wp-json\/wp\/v2\/categorie_principale?post=9588"},{"taxonomy":"marque","embeddable":true,"href":"https:\/\/softymed.ch\/de\/wp-json\/wp\/v2\/marque?post=9588"}],"curies":[{"name":"wp","href":"https:\/\/api.w.org\/{rel}","templated":true}]}}