{"id":9583,"date":"2025-02-04T10:08:07","date_gmt":"2025-02-04T09:08:07","guid":{"rendered":"https:\/\/softymed.ch\/?post_type=product&#038;p=9583"},"modified":"2026-01-15T17:42:04","modified_gmt":"2026-01-15T16:42:04","slug":"sterillium-pure","status":"publish","type":"product","link":"https:\/\/softymed.ch\/de\/boutique\/hygiene-desinfection\/desinfection-peau\/sterillium-pure\/","title":{"rendered":"Sterillium\u00ae Pure"},"content":{"rendered":"<p>Sterillium\u00ae pure de Hartmann est un d\u00e9sinfectant pour les mains \u00e0 base de propanol qui offre le complexe de soins cutan\u00e9s Sterilium \u00e9prouv\u00e9, mais qui est exempt de parfum et de colorants. Ce d\u00e9sinfectant pour les mains convient donc \u00e9galement aux utilisateurs sensibles aux parfums et aux colorants. Sterilium pure laisse une agr\u00e9able sensation velout\u00e9e sur la peau et augmente l&rsquo;hydratation de la peau en cas d&rsquo;utilisation r\u00e9guli\u00e8re.<\/p>\n<p>Le d\u00e9sinfectant pour les mains incolore est list\u00e9 par la VAH et offre un spectre d&rsquo;efficacit\u00e9 particuli\u00e8rement large.<\/p>\n<p><strong>Merkmale<\/strong><br \/>\n-Sterillium\u00ae pure de Paul Hartmann<br \/>\n-D\u00e9sinfectant pour les mains \u00e0 base de propanol<br \/>\n-Ohne Parf\u00fcm<br \/>\n-Ohne Farbstoffe<br \/>\n-Avec le complexe de soins cutan\u00e9s Sterilium \u00e9prouv\u00e9<br \/>\n-Erh\u00e4lt die Geschmeidigkeit der H\u00e4nde<br \/>\n-Augmente l&rsquo;hydratation de la peau en cas d&rsquo;utilisation r\u00e9guli\u00e8re<br \/>\n-Breites Wirkungsspektrum<br \/>\n-Convient pour la d\u00e9sinfection hygi\u00e9nique et chirurgicale des mains<br \/>\n-Sans agent r\u00e9manent<br \/>\n-N&rsquo;affecte pas la salubrit\u00e9 des aliments<br \/>\n-List\u00e9 par la VAH<\/p>\n<p><strong>Spectre d\u2019action<\/strong><br \/>\n-Bact\u00e9ricide<br \/>\n-Levurizid<br \/>\n-Tuberkulozid<br \/>\n-Mycobact\u00e9ricide<br \/>\n-Virucide limit\u00e9<br \/>\n-Virucide limit\u00e9 PLUS<br \/>\n-Efficace contre les norovirus, ad\u00e9novirus et rotavirus<\/p>\n<p><strong>Champs d\u2019application<\/strong><br \/>\nSterillium\u00ae pure convient \u00e0 tous les domaines li\u00e9s \u00e0 l&rsquo;hygi\u00e8ne dans les secteurs de la sant\u00e9 et de l&rsquo;industrie.<\/p>","protected":false},"excerpt":{"rendered":"<p>Desinfektionsmittel f\u00fcr die H\u00e4nde<\/p>","protected":false},"featured_media":9586,"template":"","meta":{"_acf_changed":false,"_seopress_robots_primary_cat":"none","_seopress_titles_title":"","_seopress_titles_desc":"","_seopress_robots_index":""},"product_brand":[],"product_cat":[129,127],"product_tag":[],"categorie_principale":[165,32,31,106,28,30,29],"marque":[107],"class_list":{"0":"post-9583","1":"product","2":"type-product","3":"status-publish","4":"has-post-thumbnail","6":"product_cat-desinfection-peau","7":"product_cat-hygiene-desinfection","8":"categorie_principale-autre","9":"categorie_principale-cardiologie","10":"categorie_principale-gynecologie","11":"categorie_principale-medecine-dentaire","12":"categorie_principale-medecine-generale","13":"categorie_principale-orthopedie","14":"categorie_principale-permanence-hopital","15":"marque-hartmann","17":"first","18":"instock","19":"taxable","20":"shipping-taxable","21":"purchasable","22":"product-type-simple"},"supplier_id":null,"supplier_sku":"","atum_controlled":true,"out_stock_date":null,"out_stock_threshold":null,"inheritable":false,"inbound_stock":null,"stock_on_hold":0,"sold_today":0,"sales_last_days":0,"reserved_stock":null,"customer_returns":null,"warehouse_damage":null,"lost_in_post":null,"other_logs":null,"out_stock_days":0,"lost_sales":0,"has_location":true,"update_date":"2026-04-08T00:03:36","atum_locations":[{"id":219,"name":"Yellow Cube","slug":"yellow-cube"}],"atum_stock_status":"instock","restock_status":false,"low_stock_amount":"","sales_update_date":"2026-04-08T00:03:36","calc_backorders":null,"acf":[],"_links":{"self":[{"href":"https:\/\/softymed.ch\/de\/wp-json\/wp\/v2\/product\/9583","targetHints":{"allow":["GET"]}}],"collection":[{"href":"https:\/\/softymed.ch\/de\/wp-json\/wp\/v2\/product"}],"about":[{"href":"https:\/\/softymed.ch\/de\/wp-json\/wp\/v2\/types\/product"}],"wp:featuredmedia":[{"embeddable":true,"href":"https:\/\/softymed.ch\/de\/wp-json\/wp\/v2\/media\/9586"}],"wp:attachment":[{"href":"https:\/\/softymed.ch\/de\/wp-json\/wp\/v2\/media?parent=9583"}],"wp:term":[{"taxonomy":"product_brand","embeddable":true,"href":"https:\/\/softymed.ch\/de\/wp-json\/wp\/v2\/product_brand?post=9583"},{"taxonomy":"product_cat","embeddable":true,"href":"https:\/\/softymed.ch\/de\/wp-json\/wp\/v2\/product_cat?post=9583"},{"taxonomy":"product_tag","embeddable":true,"href":"https:\/\/softymed.ch\/de\/wp-json\/wp\/v2\/product_tag?post=9583"},{"taxonomy":"categorie_principale","embeddable":true,"href":"https:\/\/softymed.ch\/de\/wp-json\/wp\/v2\/categorie_principale?post=9583"},{"taxonomy":"marque","embeddable":true,"href":"https:\/\/softymed.ch\/de\/wp-json\/wp\/v2\/marque?post=9583"}],"curies":[{"name":"wp","href":"https:\/\/api.w.org\/{rel}","templated":true}]}}