{"id":9548,"date":"2025-02-03T09:45:51","date_gmt":"2025-02-03T08:45:51","guid":{"rendered":"https:\/\/softymed.ch\/?post_type=product&#038;p=9548"},"modified":"2025-03-04T15:17:40","modified_gmt":"2025-03-04T14:17:40","slug":"omnikanal-50","status":"publish","type":"product","link":"https:\/\/softymed.ch\/de\/boutique\/perfusion-injection\/omnican-50\/","title":{"rendered":"Omnican\u00ae 50"},"content":{"rendered":"<p><strong>Merkmale<\/strong><br \/>\n-Graduation fine avec divisions correspondant \u00e0 1.0 UI d\u2019insuline<br \/>\n-Cylindre tr\u00e8s transparent<br \/>\n-Graduation noire r\u00e9sistante au lavage<br \/>\n-But\u00e9e de piston int\u00e9gr\u00e9e<br \/>\n-Bouchon de piston tr\u00e8s maniable en caoutchouc synth\u00e9tique avec double bague d\u2019\u00e9tanch\u00e9it\u00e9<br \/>\n-Minimales Totvolumen<br \/>\n-Cylindre en polypropyl\u00e8ne, piston en poly\u00e9thyl\u00e8ne et en polystyr\u00e8ne<br \/>\nLatexfrei, PVC-frei<br \/>\n-Avec aiguille fine int\u00e9gr\u00e9e \u00e0 paroi mince (0.30 x 8 mm)<br \/>\n-Avec capuchon protecteur aux deux extr\u00e9mit\u00e9s de la seringue<br \/>\n-Conditionn\u00e9es \u00e0 l\u2019unit\u00e9 en emballage st\u00e9rile<br \/>\n-Bo\u00eete de 100 pi\u00e8ces<\/p>\n<p><strong>Hinweis<\/strong><br \/>\nDiab\u00e8te insulinod\u00e9pendant<\/p>","protected":false},"excerpt":{"rendered":"<p>3-teilige Insulinspritzen mit geb\u00f6rdelter Nadel<\/p>","protected":false},"featured_media":9549,"template":"","meta":{"_acf_changed":false,"_seopress_robots_primary_cat":"none","_seopress_titles_title":"","_seopress_titles_desc":"","_seopress_robots_index":""},"product_brand":[],"product_cat":[133],"product_tag":[],"categorie_principale":[165,31,28,29],"marque":[171],"class_list":{"0":"post-9548","1":"product","2":"type-product","3":"status-publish","4":"has-post-thumbnail","6":"product_cat-perfusion-injection","7":"categorie_principale-autre","8":"categorie_principale-gynecologie","9":"categorie_principale-medecine-generale","10":"categorie_principale-permanence-hopital","11":"marque-b-braun","13":"first","14":"instock","15":"taxable","16":"shipping-taxable","17":"purchasable","18":"product-type-simple"},"supplier_id":null,"supplier_sku":"","atum_controlled":true,"out_stock_date":null,"out_stock_threshold":null,"inheritable":false,"inbound_stock":null,"stock_on_hold":0,"sold_today":0,"sales_last_days":0,"reserved_stock":null,"customer_returns":null,"warehouse_damage":null,"lost_in_post":null,"other_logs":null,"out_stock_days":0,"lost_sales":0,"has_location":true,"update_date":"2026-04-08T00:03:36","atum_locations":[{"id":219,"name":"Yellow Cube","slug":"yellow-cube"}],"atum_stock_status":"instock","restock_status":false,"low_stock_amount":"","sales_update_date":"2026-04-08T00:03:36","calc_backorders":null,"acf":[],"_links":{"self":[{"href":"https:\/\/softymed.ch\/de\/wp-json\/wp\/v2\/product\/9548","targetHints":{"allow":["GET"]}}],"collection":[{"href":"https:\/\/softymed.ch\/de\/wp-json\/wp\/v2\/product"}],"about":[{"href":"https:\/\/softymed.ch\/de\/wp-json\/wp\/v2\/types\/product"}],"wp:featuredmedia":[{"embeddable":true,"href":"https:\/\/softymed.ch\/de\/wp-json\/wp\/v2\/media\/9549"}],"wp:attachment":[{"href":"https:\/\/softymed.ch\/de\/wp-json\/wp\/v2\/media?parent=9548"}],"wp:term":[{"taxonomy":"product_brand","embeddable":true,"href":"https:\/\/softymed.ch\/de\/wp-json\/wp\/v2\/product_brand?post=9548"},{"taxonomy":"product_cat","embeddable":true,"href":"https:\/\/softymed.ch\/de\/wp-json\/wp\/v2\/product_cat?post=9548"},{"taxonomy":"product_tag","embeddable":true,"href":"https:\/\/softymed.ch\/de\/wp-json\/wp\/v2\/product_tag?post=9548"},{"taxonomy":"categorie_principale","embeddable":true,"href":"https:\/\/softymed.ch\/de\/wp-json\/wp\/v2\/categorie_principale?post=9548"},{"taxonomy":"marque","embeddable":true,"href":"https:\/\/softymed.ch\/de\/wp-json\/wp\/v2\/marque?post=9548"}],"curies":[{"name":"wp","href":"https:\/\/api.w.org\/{rel}","templated":true}]}}