{"id":9546,"date":"2025-02-03T09:11:00","date_gmt":"2025-02-03T08:11:00","guid":{"rendered":"https:\/\/softymed.ch\/?post_type=product&#038;p=9546"},"modified":"2026-02-09T15:49:04","modified_gmt":"2026-02-09T14:49:04","slug":"kombinierter-schnelltest-fur-sars-cov-2-und-influenza-ab","status":"publish","type":"product","link":"https:\/\/softymed.ch\/de\/boutique\/test-rapide\/test-rapide-combine-dantigenes-sars-cov-2-et-de-grippe-ab\/","title":{"rendered":"Kombinierter Schnelltest f\u00fcr SARS VOC 2 und Influenza A+B Antigene"},"content":{"rendered":"<p>Le test rapide combin\u00e9 d&rsquo;antig\u00e8nes du SRAS-CoV-2 et de la grippe A+B (\u00e9couvillon nasopharyng\u00e9) est un immuno-essai chromatographique rapide pour la d\u00e9tection qualitative de la prot\u00e9ine de la nucl\u00e9ocapside du SRAS-CoV-2, des antig\u00e8nes du virus de la grippe A et de la grippe B dans des \u00e9chantillons d&rsquo;\u00e9couvillon nasopharyng\u00e9 provenant de personnes suspect\u00e9es d&rsquo;infection par le SRAS-CoV-2\/la grippe, en conjonction avec la pr\u00e9sentation clinique et les r\u00e9sultats d&rsquo;autres tests de laboratoire.<\/p>\n<p><strong>Merkmale<\/strong><br \/>\n-R\u00e9sultats rapides<br \/>\n-Interpr\u00e9tation visuelle facile<br \/>\n-Fonctionnement simple sans \u00e9quipement<br \/>\n-Haute pr\u00e9cision<\/p>","protected":false},"excerpt":{"rendered":"<p>SARS VOC 2 + Influenza A+B Antigen Combo Rapid Test<br \/>\nNasopharyngeal<\/p>","protected":false},"featured_media":9547,"template":"","meta":{"_acf_changed":false,"_seopress_robots_primary_cat":"none","_seopress_titles_title":"","_seopress_titles_desc":"","_seopress_robots_index":""},"product_brand":[],"product_cat":[68],"product_tag":[347],"categorie_principale":[28,29],"marque":[78],"class_list":{"0":"post-9546","1":"product","2":"type-product","3":"status-publish","4":"has-post-thumbnail","6":"product_cat-test-rapide","7":"product_tag-best-seller","8":"categorie_principale-medecine-generale","9":"categorie_principale-permanence-hopital","10":"marque-all-test","12":"first","13":"instock","14":"taxable","15":"shipping-taxable","16":"purchasable","17":"product-type-simple"},"supplier_id":null,"supplier_sku":"","atum_controlled":true,"out_stock_date":null,"out_stock_threshold":null,"inheritable":false,"inbound_stock":null,"stock_on_hold":0,"sold_today":0,"sales_last_days":0,"reserved_stock":null,"customer_returns":null,"warehouse_damage":null,"lost_in_post":null,"other_logs":null,"out_stock_days":0,"lost_sales":0,"has_location":true,"update_date":"2026-04-09T00:03:37","atum_locations":[{"id":373,"name":"Officine","slug":"officine"}],"atum_stock_status":"instock","restock_status":false,"low_stock_amount":"","sales_update_date":"2026-04-09T00:03:37","calc_backorders":null,"acf":[],"_links":{"self":[{"href":"https:\/\/softymed.ch\/de\/wp-json\/wp\/v2\/product\/9546","targetHints":{"allow":["GET"]}}],"collection":[{"href":"https:\/\/softymed.ch\/de\/wp-json\/wp\/v2\/product"}],"about":[{"href":"https:\/\/softymed.ch\/de\/wp-json\/wp\/v2\/types\/product"}],"wp:featuredmedia":[{"embeddable":true,"href":"https:\/\/softymed.ch\/de\/wp-json\/wp\/v2\/media\/9547"}],"wp:attachment":[{"href":"https:\/\/softymed.ch\/de\/wp-json\/wp\/v2\/media?parent=9546"}],"wp:term":[{"taxonomy":"product_brand","embeddable":true,"href":"https:\/\/softymed.ch\/de\/wp-json\/wp\/v2\/product_brand?post=9546"},{"taxonomy":"product_cat","embeddable":true,"href":"https:\/\/softymed.ch\/de\/wp-json\/wp\/v2\/product_cat?post=9546"},{"taxonomy":"product_tag","embeddable":true,"href":"https:\/\/softymed.ch\/de\/wp-json\/wp\/v2\/product_tag?post=9546"},{"taxonomy":"categorie_principale","embeddable":true,"href":"https:\/\/softymed.ch\/de\/wp-json\/wp\/v2\/categorie_principale?post=9546"},{"taxonomy":"marque","embeddable":true,"href":"https:\/\/softymed.ch\/de\/wp-json\/wp\/v2\/marque?post=9546"}],"curies":[{"name":"wp","href":"https:\/\/api.w.org\/{rel}","templated":true}]}}