{"id":9346,"date":"2025-01-14T12:45:12","date_gmt":"2025-01-14T11:45:12","guid":{"rendered":"https:\/\/softymed.ch\/?post_type=product&#038;p=9346"},"modified":"2025-06-17T09:54:28","modified_gmt":"2025-06-17T07:54:28","slug":"aufbewahrungsbox","status":"publish","type":"product","link":"https:\/\/softymed.ch\/de\/boutique\/archives-conservation\/boite-de-conservation\/","title":{"rendered":"Aufbewahrungsbox"},"content":{"rendered":"<p>Bo\u00eete de conservation, couvercle coiffant<br \/>\nMat\u00e9riau: carton, blanc<br \/>\nFormat: 10 x 10, pour 100 r\u00e9cipients, compatible avec tubes jusqu\u2019\u00e0 max. 12 mm \u00d8<br \/>\nH\u00f6he zwischen 36-45 mm<br \/>\n1 pi\u00e8ce(s)\/sachet<\/p>","protected":false},"excerpt":{"rendered":"<p>F\u00fcr R\u00f6hrchen bis \u00d8 12 mm, 10 x 10<\/p>","protected":false},"featured_media":9348,"template":"","meta":{"_acf_changed":false,"_seopress_robots_primary_cat":"none","_seopress_titles_title":"","_seopress_titles_desc":"","_seopress_robots_index":""},"product_brand":[],"product_cat":[331,123,131,132],"product_tag":[],"categorie_principale":[165,27,29],"marque":[207],"class_list":{"0":"post-9346","1":"product","2":"type-product","3":"status-publish","4":"has-post-thumbnail","6":"product_cat-archives-conservation","7":"product_cat-chimie-hematologie","8":"product_cat-microbiologie","9":"product_cat-microscopie","10":"categorie_principale-autre","11":"categorie_principale-laboratoire","12":"categorie_principale-permanence-hopital","13":"marque-sarstedt","15":"first","16":"outofstock","17":"taxable","18":"shipping-taxable","19":"purchasable","20":"product-type-simple"},"supplier_id":null,"supplier_sku":"","atum_controlled":true,"out_stock_date":"2025-03-11 10:49:15","out_stock_threshold":null,"inheritable":false,"inbound_stock":null,"stock_on_hold":0,"sold_today":0,"sales_last_days":0,"reserved_stock":null,"customer_returns":null,"warehouse_damage":null,"lost_in_post":null,"other_logs":null,"out_stock_days":394,"lost_sales":0,"has_location":true,"update_date":"2026-04-10T00:04:35","atum_locations":[{"id":373,"name":"Officine","slug":"officine"}],"atum_stock_status":"outofstock","restock_status":false,"low_stock_amount":"","sales_update_date":"2026-04-10T00:04:35","calc_backorders":null,"acf":[],"_links":{"self":[{"href":"https:\/\/softymed.ch\/de\/wp-json\/wp\/v2\/product\/9346","targetHints":{"allow":["GET"]}}],"collection":[{"href":"https:\/\/softymed.ch\/de\/wp-json\/wp\/v2\/product"}],"about":[{"href":"https:\/\/softymed.ch\/de\/wp-json\/wp\/v2\/types\/product"}],"wp:featuredmedia":[{"embeddable":true,"href":"https:\/\/softymed.ch\/de\/wp-json\/wp\/v2\/media\/9348"}],"wp:attachment":[{"href":"https:\/\/softymed.ch\/de\/wp-json\/wp\/v2\/media?parent=9346"}],"wp:term":[{"taxonomy":"product_brand","embeddable":true,"href":"https:\/\/softymed.ch\/de\/wp-json\/wp\/v2\/product_brand?post=9346"},{"taxonomy":"product_cat","embeddable":true,"href":"https:\/\/softymed.ch\/de\/wp-json\/wp\/v2\/product_cat?post=9346"},{"taxonomy":"product_tag","embeddable":true,"href":"https:\/\/softymed.ch\/de\/wp-json\/wp\/v2\/product_tag?post=9346"},{"taxonomy":"categorie_principale","embeddable":true,"href":"https:\/\/softymed.ch\/de\/wp-json\/wp\/v2\/categorie_principale?post=9346"},{"taxonomy":"marque","embeddable":true,"href":"https:\/\/softymed.ch\/de\/wp-json\/wp\/v2\/marque?post=9346"}],"curies":[{"name":"wp","href":"https:\/\/api.w.org\/{rel}","templated":true}]}}