{"id":9304,"date":"2025-01-06T12:10:20","date_gmt":"2025-01-06T11:10:20","guid":{"rendered":"https:\/\/softymed.ch\/?post_type=product&#038;p=9304"},"modified":"2026-03-24T09:37:50","modified_gmt":"2026-03-24T08:37:50","slug":"foliodress-mask-comfort-perfect","status":"publish","type":"product","link":"https:\/\/softymed.ch\/de\/boutique\/protection-consommable\/foliodress-mask-comfort-perfect\/","title":{"rendered":"Foliodress\u00ae mask Comfort Perfect"},"content":{"rendered":"<p>Les masques Foliodress\u00ae Comfort Perfect sont des masques chirurgicaux conformes \u00e0 la norme EN 14683 de type II (BFE &gt; 98%). Ils prot\u00e8gent de mani\u00e8re fiable le patient des infections qui pourraient \u00eatre transmises par les gouttelettes respiratoires du personnel du bloc op\u00e9ratoire. Les masques chirurgicaux sont utilis\u00e9s \u00e0 usage unique dans toutes les zones chirurgicales, mais aussi dans les unit\u00e9s de soins intensifs et les services de contr\u00f4le des infections, dans les salles d&rsquo;accouchement et dans les services pour pr\u00e9matur\u00e9s et n\u00e9onatals.<\/p>\n<p><strong>Merkmale<\/strong><br \/>\n-Tissus non-tiss\u00e9s hypoallerg\u00e9niques et particuli\u00e8rement souples<br \/>\n-Filtre sp\u00e9cial \u00e0 microbes assurant une respiration libre avec une performance optimale du filtre<br \/>\n-Ohne Naturlatex<br \/>\n-Pince-nez long et int\u00e9gr\u00e9<br \/>\n-Extr\u00eamement durable<br \/>\n-Geruchlos<br \/>\n-Masque chirurgical de type II avec des sangles soud\u00e9es par ultrasons pour un ajustement s\u00fbr<br \/>\n-Geeignet f\u00fcr normale und empfindliche Haut<br \/>\n-Distributeur pratique pour un retrait facile et un stockage s\u00fbr<\/p>","protected":false},"excerpt":{"rendered":"<p>Nicht sterile chirurgische Maske des Typs II<\/p>","protected":false},"featured_media":9305,"template":"","meta":{"_acf_changed":false,"_seopress_robots_primary_cat":"none","_seopress_titles_title":"","_seopress_titles_desc":"","_seopress_robots_index":""},"product_brand":[],"product_cat":[176],"product_tag":[],"categorie_principale":[32,31,27,106,28,29],"marque":[107],"class_list":{"0":"post-9304","1":"product","2":"type-product","3":"status-publish","4":"has-post-thumbnail","6":"product_cat-protection-consommable","7":"categorie_principale-cardiologie","8":"categorie_principale-gynecologie","9":"categorie_principale-laboratoire","10":"categorie_principale-medecine-dentaire","11":"categorie_principale-medecine-generale","12":"categorie_principale-permanence-hopital","13":"marque-hartmann","15":"first","16":"outofstock","17":"taxable","18":"shipping-taxable","19":"product-type-simple"},"supplier_id":null,"supplier_sku":"","atum_controlled":true,"out_stock_date":"2026-03-19 08:14:17","out_stock_threshold":null,"inheritable":false,"inbound_stock":0,"stock_on_hold":0,"sold_today":0,"sales_last_days":0,"reserved_stock":0,"customer_returns":0,"warehouse_damage":0,"lost_in_post":0,"other_logs":0,"out_stock_days":20,"lost_sales":0,"has_location":false,"update_date":"2026-04-09T00:03:53","atum_locations":[],"atum_stock_status":"outofstock","restock_status":false,"low_stock_amount":"","sales_update_date":"2026-04-09T00:03:53","calc_backorders":null,"acf":[],"_links":{"self":[{"href":"https:\/\/softymed.ch\/de\/wp-json\/wp\/v2\/product\/9304","targetHints":{"allow":["GET"]}}],"collection":[{"href":"https:\/\/softymed.ch\/de\/wp-json\/wp\/v2\/product"}],"about":[{"href":"https:\/\/softymed.ch\/de\/wp-json\/wp\/v2\/types\/product"}],"wp:featuredmedia":[{"embeddable":true,"href":"https:\/\/softymed.ch\/de\/wp-json\/wp\/v2\/media\/9305"}],"wp:attachment":[{"href":"https:\/\/softymed.ch\/de\/wp-json\/wp\/v2\/media?parent=9304"}],"wp:term":[{"taxonomy":"product_brand","embeddable":true,"href":"https:\/\/softymed.ch\/de\/wp-json\/wp\/v2\/product_brand?post=9304"},{"taxonomy":"product_cat","embeddable":true,"href":"https:\/\/softymed.ch\/de\/wp-json\/wp\/v2\/product_cat?post=9304"},{"taxonomy":"product_tag","embeddable":true,"href":"https:\/\/softymed.ch\/de\/wp-json\/wp\/v2\/product_tag?post=9304"},{"taxonomy":"categorie_principale","embeddable":true,"href":"https:\/\/softymed.ch\/de\/wp-json\/wp\/v2\/categorie_principale?post=9304"},{"taxonomy":"marque","embeddable":true,"href":"https:\/\/softymed.ch\/de\/wp-json\/wp\/v2\/marque?post=9304"}],"curies":[{"name":"wp","href":"https:\/\/api.w.org\/{rel}","templated":true}]}}