{"id":9292,"date":"2025-01-06T11:07:43","date_gmt":"2025-01-06T10:07:43","guid":{"rendered":"https:\/\/softymed.ch\/?post_type=product&#038;p=9292"},"modified":"2025-10-30T20:04:20","modified_gmt":"2025-10-30T19:04:20","slug":"heidelberger-infusorverlangerung","status":"publish","type":"product","link":"https:\/\/softymed.ch\/de\/boutique\/perfusion-injection\/rallonge-de-perfuseur-heidelberger\/","title":{"rendered":"Heidelberger Infusor-Verl\u00e4ngerung"},"content":{"rendered":"<p>La rallonge Heidelberger d\u2019Asid Bonz est un tuyau de rallonge en plastique qui convient au raccordement et \u00e0 la prolongation des lignes de perfusion et de transfusion avec embout Luer-Lock. Elle est un accessoire utile lors de la perfusion et est utilis\u00e9e lorsqu\u2019une ligne de perfusion standard d\u2019un m\u00e8tre \u00e0 un m\u00e8tre et demi de long ne suffit pas. Cela peut \u00eatre le cas, par exemple, lorsque le patient doit \u00eatre mobilis\u00e9 ou plac\u00e9 sur le c\u00f4t\u00e9 pendant l\u2019administration d\u2019une perfusion pour la pr\u00e9vention des escarres. Gr\u00e2ce \u00e0 ce dispositif m\u00e9dical, le tuyau de perfusion peut \u00eatre facilement rallong\u00e9e jusqu\u2019\u00e0 140 cm et la solution de perfusion peut \u00eatre administr\u00e9e malgr\u00e9 une distance plus importante entre le patient et le dispositif de perfusion. Le mat\u00e9riau transparent offre une s\u00e9curit\u00e9 maximale, la possibilit\u00e9 de contr\u00f4le optique garantissant un flux optimal.<\/p>\n<p>Une rallonge Heidelberger peut \u00e9galement \u00eatre utilis\u00e9e pour d\u00e9terminer le comportement de la pression veineuse. Pour ce faire, la veine correspondante est ponctionn\u00e9e \u00e0 l\u2019aide d\u2019une canule et cette canule est reli\u00e9e \u00e0 la rallonge. Celle-ci est \u00e0 son tour reli\u00e9e \u00e0 un capteur de pression. Pour ce type d\u2019utilisation \u00e9galement, l\u2019air doit \u00eatre pr\u00e9alablement retir\u00e9 de la rallonge.<\/p>\n<p><strong>Merkmale<\/strong><br \/>\n-Rallonge Heilderberger d\u2019Asid Bonz<br \/>\n-Conforme \u00e0 la norme ISO 8536-9-CL-P<br \/>\n-Rallonge pour syst\u00e8mes de perfusion et de transfusion<br \/>\n-Sterile Einzelverpackung<br \/>\n-F\u00fcr den einmaligen Gebrauch<br \/>\n-Transparent<br \/>\n-R\u00e9sistant \u00e0 la pression<br \/>\n-Luer-Lock<br \/>\n-Apyrog\u00e8ne<br \/>\n-Latexfrei<br \/>\n-Dur\u00e9e de vie de cinq ans<br \/>\n-Erh\u00e4ltlich in der L\u00e4nge: 140 cm<br \/>\n-Contenu de la livraison: 1 pi\u00e8ce<\/p>","protected":false},"excerpt":{"rendered":"<p>140 cm<\/p>","protected":false},"featured_media":9299,"template":"","meta":{"_acf_changed":false,"_seopress_robots_primary_cat":"none","_seopress_titles_title":"","_seopress_titles_desc":"","_seopress_robots_index":""},"product_brand":[],"product_cat":[133],"product_tag":[],"categorie_principale":[32,31,27,28,29],"marque":[330],"class_list":{"0":"post-9292","1":"product","2":"type-product","3":"status-publish","4":"has-post-thumbnail","6":"product_cat-perfusion-injection","7":"categorie_principale-cardiologie","8":"categorie_principale-gynecologie","9":"categorie_principale-laboratoire","10":"categorie_principale-medecine-generale","11":"categorie_principale-permanence-hopital","12":"marque-asid-bonz","14":"first","15":"instock","16":"taxable","17":"shipping-taxable","18":"purchasable","19":"product-type-simple"},"supplier_id":null,"supplier_sku":"","atum_controlled":true,"out_stock_date":null,"out_stock_threshold":null,"inheritable":false,"inbound_stock":0,"stock_on_hold":0,"sold_today":0,"sales_last_days":0,"reserved_stock":0,"customer_returns":0,"warehouse_damage":0,"lost_in_post":0,"other_logs":0,"out_stock_days":0,"lost_sales":0,"has_location":true,"update_date":"2026-04-08T00:03:36","atum_locations":[{"id":373,"name":"Officine","slug":"officine"}],"atum_stock_status":"instock","restock_status":false,"low_stock_amount":"","sales_update_date":"2026-04-08T00:03:36","calc_backorders":null,"acf":[],"_links":{"self":[{"href":"https:\/\/softymed.ch\/de\/wp-json\/wp\/v2\/product\/9292","targetHints":{"allow":["GET"]}}],"collection":[{"href":"https:\/\/softymed.ch\/de\/wp-json\/wp\/v2\/product"}],"about":[{"href":"https:\/\/softymed.ch\/de\/wp-json\/wp\/v2\/types\/product"}],"wp:featuredmedia":[{"embeddable":true,"href":"https:\/\/softymed.ch\/de\/wp-json\/wp\/v2\/media\/9299"}],"wp:attachment":[{"href":"https:\/\/softymed.ch\/de\/wp-json\/wp\/v2\/media?parent=9292"}],"wp:term":[{"taxonomy":"product_brand","embeddable":true,"href":"https:\/\/softymed.ch\/de\/wp-json\/wp\/v2\/product_brand?post=9292"},{"taxonomy":"product_cat","embeddable":true,"href":"https:\/\/softymed.ch\/de\/wp-json\/wp\/v2\/product_cat?post=9292"},{"taxonomy":"product_tag","embeddable":true,"href":"https:\/\/softymed.ch\/de\/wp-json\/wp\/v2\/product_tag?post=9292"},{"taxonomy":"categorie_principale","embeddable":true,"href":"https:\/\/softymed.ch\/de\/wp-json\/wp\/v2\/categorie_principale?post=9292"},{"taxonomy":"marque","embeddable":true,"href":"https:\/\/softymed.ch\/de\/wp-json\/wp\/v2\/marque?post=9292"}],"curies":[{"name":"wp","href":"https:\/\/api.w.org\/{rel}","templated":true}]}}