{"id":8934,"date":"2024-12-16T18:24:06","date_gmt":"2024-12-16T17:24:06","guid":{"rendered":"https:\/\/softymed.ch\/?post_type=product&#038;p=8934"},"modified":"2025-07-15T16:00:05","modified_gmt":"2025-07-15T14:00:05","slug":"elektronischer-handtuchspender","status":"publish","type":"product","link":"https:\/\/softymed.ch\/de\/boutique\/hygiene-desinfection\/distributeur-electronique-dessuie-mains\/","title":{"rendered":"Elektronischer Handtuchspender"},"content":{"rendered":"<p>Le syst\u00e8me de distribution \u00e9lectronique d&rsquo;essuie-mains Kimberly-Clark Professional\u2122 ICON\u2122 allie confiance et design. Notre derni\u00e8re innovation de pointe, ICON\u2122, offre une hygi\u00e8ne r\u00e9volutionnaire, des performances et une efficacit\u00e9 optimales, ainsi qu&rsquo;une exp\u00e9rience de distribution contr\u00f4l\u00e9e. Gr\u00e2ce \u00e0 sa polyvalence in\u00e9gal\u00e9e, le distributeur d&rsquo;essuie-mains ICON\u2122 am\u00e9liore sans effort l&rsquo;apparence des sanitaires gr\u00e2ce \u00e0 une gamme exclusive de fa\u00e7ades interchangeables pour vous aider \u00e0 repenser les sanitaires. Inspir\u00e9 par un design centr\u00e9 sur l&rsquo;humain, le distributeur ICON\u2122 est dot\u00e9 d&rsquo;un panneau de commande intuitif, d&rsquo;un compartiment de piles \u00e0 chargement frontal et d&rsquo;une fonction d&rsquo;ouverture contr\u00f4l\u00e9e. Gr\u00e2ce \u00e0 la technologie d&rsquo;entra\u00eenement direct Direct Drive, le distributeur ICON\u2122 est dot\u00e9 de deux capteurs brevet\u00e9s qui permettent une distribution sans failles, sans contact et sans bourrage \u00e0 99,9 %. Compatible avec votre choix d&rsquo;essuie-mains Kleenex\u00ae ou Scott\u00ae. Enti\u00e8rement couverts par notre garantie \u00e0 vie. Ces superbes distributeurs sont dot\u00e9s de fa\u00e7ades interchangeables et viennent compl\u00e9ter les autres distributeurs de soins de la peau et de papier toilette ICON\u2122 de la gamme. Les essuie-mains compatibles avec ce distributeur ICON\u2122 sont les r\u00e9f\u00e9rences Scott\u00ae et Kleenex\u00ae d&rsquo;essuie-mains en rouleau : 6638, 6639, 6646, 6648, 6782, 6783.<\/p>\n<p><strong>Merkmale<\/strong><br \/>\n-1 distributeur bo\u00eetier blanc et 1 fa\u00e7ade Mosa\u00efque Blanche par colis<br \/>\n-Le distributeur d&rsquo;essuie-mains Kimberly-Clark Professional\u2122 ICON\u2122 offre une distribution d&rsquo;essuie-mains sans contact, r\u00e9duisant ainsi le risque de contamination<br \/>\n-La technologie d&rsquo;entra\u00eenement direct Direct Drive brevet\u00e9e offre une distribution \u00e0 99,9 % sans bourrage et un fonctionnement tr\u00e8s silencieux, 85 % moins bruyant que son principal concurrent<br \/>\n-La conception centr\u00e9e sur l&rsquo;humain garantit une utilisation simple gr\u00e2ce \u00e0 l&rsquo;iconographie intuitive du panneau de commande et voyants lumineux \u00e0 code couleur pour r\u00e9duire les interactions<br \/>\n-Le syst\u00e8me de distribution Kimberly-Clark Professional\u2122 ICON\u2122 propose six finitions design qui am\u00e9liorent l&rsquo;apparence des sanitaires<\/p>","protected":false},"excerpt":{"rendered":"<p>Wei\u00dfes Geh\u00e4use mit wei\u00dfer Mosaikfront<br \/>\nKompatibel mit Scott 6638 Rollen<\/p>","protected":false},"featured_media":8941,"template":"","meta":{"_acf_changed":false,"_seopress_robots_primary_cat":"none","_seopress_titles_title":"","_seopress_titles_desc":"","_seopress_robots_index":""},"product_brand":[],"product_cat":[127,176],"product_tag":[],"categorie_principale":[165,32,31,27,106,28,30,29],"marque":[329],"class_list":{"0":"post-8934","1":"product","2":"type-product","3":"status-publish","4":"has-post-thumbnail","6":"product_cat-hygiene-desinfection","7":"product_cat-protection-consommable","8":"categorie_principale-autre","9":"categorie_principale-cardiologie","10":"categorie_principale-gynecologie","11":"categorie_principale-laboratoire","12":"categorie_principale-medecine-dentaire","13":"categorie_principale-medecine-generale","14":"categorie_principale-orthopedie","15":"categorie_principale-permanence-hopital","16":"marque-kimberly-clark-professional-icon","18":"first","19":"outofstock","20":"taxable","21":"shipping-taxable","22":"product-type-simple"},"supplier_id":null,"supplier_sku":"","atum_controlled":true,"out_stock_date":"2025-03-04 14:18:38","out_stock_threshold":null,"inheritable":false,"inbound_stock":0,"stock_on_hold":0,"sold_today":0,"sales_last_days":0,"reserved_stock":0,"customer_returns":0,"warehouse_damage":0,"lost_in_post":0,"other_logs":0,"out_stock_days":399,"lost_sales":0,"has_location":true,"update_date":"2026-04-08T00:03:35","atum_locations":[{"id":373,"name":"Officine","slug":"officine"}],"atum_stock_status":"outofstock","restock_status":false,"low_stock_amount":"","sales_update_date":"2026-04-08T00:03:35","calc_backorders":null,"acf":[],"_links":{"self":[{"href":"https:\/\/softymed.ch\/de\/wp-json\/wp\/v2\/product\/8934","targetHints":{"allow":["GET"]}}],"collection":[{"href":"https:\/\/softymed.ch\/de\/wp-json\/wp\/v2\/product"}],"about":[{"href":"https:\/\/softymed.ch\/de\/wp-json\/wp\/v2\/types\/product"}],"wp:featuredmedia":[{"embeddable":true,"href":"https:\/\/softymed.ch\/de\/wp-json\/wp\/v2\/media\/8941"}],"wp:attachment":[{"href":"https:\/\/softymed.ch\/de\/wp-json\/wp\/v2\/media?parent=8934"}],"wp:term":[{"taxonomy":"product_brand","embeddable":true,"href":"https:\/\/softymed.ch\/de\/wp-json\/wp\/v2\/product_brand?post=8934"},{"taxonomy":"product_cat","embeddable":true,"href":"https:\/\/softymed.ch\/de\/wp-json\/wp\/v2\/product_cat?post=8934"},{"taxonomy":"product_tag","embeddable":true,"href":"https:\/\/softymed.ch\/de\/wp-json\/wp\/v2\/product_tag?post=8934"},{"taxonomy":"categorie_principale","embeddable":true,"href":"https:\/\/softymed.ch\/de\/wp-json\/wp\/v2\/categorie_principale?post=8934"},{"taxonomy":"marque","embeddable":true,"href":"https:\/\/softymed.ch\/de\/wp-json\/wp\/v2\/marque?post=8934"}],"curies":[{"name":"wp","href":"https:\/\/api.w.org\/{rel}","templated":true}]}}