{"id":8913,"date":"2024-12-16T18:08:46","date_gmt":"2024-12-16T17:08:46","guid":{"rendered":"https:\/\/softymed.ch\/?post_type=product&#038;p=8913"},"modified":"2026-02-24T10:05:35","modified_gmt":"2026-02-24T09:05:35","slug":"handtuchrollen-scott-essential","status":"publish","type":"product","link":"https:\/\/softymed.ch\/de\/boutique\/hygiene-desinfection\/rouleaux-dessuie-mains-scott-essential\/","title":{"rendered":"Scott\u00ae Essential\u2122 Handtuchrollen"},"content":{"rendered":"<p>Verbessern Sie Ihre Erfahrungen in Waschr\u00e4umen mit den zuverl\u00e4ssigen und bew\u00e4hrten L\u00f6sungen von Scott\u00ae Essential\u2122, die entwickelt wurden, um Ihnen dabei zu helfen, die Hygienestandards an stark frequentierten Orten einzuhalten, ohne Kompromisse bei Qualit\u00e4t oder Preis einzugehen. Scott\u00ae Essential\u2122 Handtuchrollen wurden f\u00fcr eine zuverl\u00e4ssige Handhygiene in Waschr\u00e4umen entwickelt, die eine konstante Hygiene erfordern. Sie sind die effektivsten Handt\u00fccher f\u00fcr eine zuverl\u00e4ssige H\u00e4ndetrocknung im Alltag. Diese Handtuchrollen sind die l\u00e4ngsten der Welt, sodass Sie die Pflegezeit und die Anzahl der Nachf\u00fcllungen reduzieren k\u00f6nnen. Unsere exklusive Airflex\u2122-Technologie erm\u00f6glicht eine schnellere Aufnahme f\u00fcr eine hygienische H\u00e4ndetrocknung und reduziert gleichzeitig die Menge der verwendeten Handt\u00fccher und damit den Abfall. Scott\u00ae Essential\u2122 Papierhandtuchrollen sind stolz mit der Marke Scott\u00ae gestempelt, um das Vertrauen der Kunden zu gew\u00e4hrleisten. Diese Handt\u00fccher sind FSC- und EU-Umweltzeichen-zertifiziert, um die Umwelt zu sch\u00fctzen, und sind auch f\u00fcr den Kontakt mit Lebensmitteln zertifiziert. Ausgestattet mit einer Kompressionstechnologie sind diese Handt\u00fccher umweltfreundlicher, da sie weniger Lager- und Transportaufwand erfordern. Kompatibel mit dem elektronischen Spendersystem Kimberly-Clark Professional\u2122 ICON\u2122 (53691 und 53940) mit austauschbaren Fronten - erh\u00e4ltlich f\u00fcr Rollenhandtuch-, Handpflege- und Toilettenpapierspender f\u00fcr eine einheitliche ICON\u2122-Reihe, und individuell gestaltbaren Fronten. Unsere ber\u00fchrungslosen Spender verringern das Risiko einer Kreuzkontamination. Die Reservefunktion am Rollenende erm\u00f6glicht das Einlegen einer Ersatzrolle, bevor die Rolle leer ist, und sorgt so f\u00fcr eine optimale Nutzung. Dies erm\u00f6glicht au\u00dferdem einen reibungslosen \u00dcbergang zwischen den Rollen, verringert den Abfall und maximiert die Nutzung.<\/p>\n<p><strong>Merkmale<\/strong><br \/>\n-Jede Handtuchrolle enth\u00e4lt 380 Meter 1-lagige wei\u00dfe Handt\u00fccher, was bis zu 1520 Papierhandtuchformaten entspricht.<br \/>\n-Das Scott\u00ae Essential\u2122 Handtuch bietet die l\u00e4ngste Rolle der Welt und nutzt die Airflex\u2122 Technologie f\u00fcr eine schnellere Aufnahme und ein hygienischeres Trocknen.<br \/>\nDie Handtuchrollen sind mit dem EU-Umweltzeichen und dem FSC-Umweltzeichen ausgezeichnet und auch f\u00fcr den Kontakt mit Lebensmitteln zertifiziert.<br \/>\nKompatibel mit dem elektronischen Spendersystem Kimberly-Clark Professional\u2122 ICON\u2122 (53691 und 53940) mit austauschbaren Fronten - erh\u00e4ltlich f\u00fcr die Handtuch-, Handpflege- und Toilettenpapierspender der ICON\u2122-Reihe, und anpassbare Fronten.<br \/>\n-Diese Papierhandt\u00fccher sind die effektivsten Handt\u00fccher f\u00fcr zuverl\u00e4ssiges H\u00e4ndetrocknen im Alltag, um die Hygiene am Arbeitsplatz zu f\u00f6rdern.<br \/>\n-Spender nicht enthalten<\/p>","protected":false},"excerpt":{"rendered":"<p>Aus gro\u00dfformatigem E-Roll-Papier<br \/>\nKompatibel mit dem ber\u00fchrungslosen elektronischen Abgabesystem Kimberly-Clark Professional\u2122 ICON\u2122 (53691 und 53940)<\/p>","protected":false},"featured_media":8914,"template":"","meta":{"_acf_changed":false,"_seopress_robots_primary_cat":"none","_seopress_titles_title":"","_seopress_titles_desc":"","_seopress_robots_index":""},"product_brand":[],"product_cat":[127,176],"product_tag":[],"categorie_principale":[165,32,31,27,106,28,30,29],"marque":[328],"class_list":{"0":"post-8913","1":"product","2":"type-product","3":"status-publish","4":"has-post-thumbnail","6":"product_cat-hygiene-desinfection","7":"product_cat-protection-consommable","8":"categorie_principale-autre","9":"categorie_principale-cardiologie","10":"categorie_principale-gynecologie","11":"categorie_principale-laboratoire","12":"categorie_principale-medecine-dentaire","13":"categorie_principale-medecine-generale","14":"categorie_principale-orthopedie","15":"categorie_principale-permanence-hopital","16":"marque-scott","18":"first","19":"instock","20":"taxable","21":"shipping-taxable","22":"purchasable","23":"product-type-simple"},"supplier_id":null,"supplier_sku":"","atum_controlled":true,"out_stock_date":null,"out_stock_threshold":null,"inheritable":false,"inbound_stock":0,"stock_on_hold":0,"sold_today":0,"sales_last_days":0,"reserved_stock":0,"customer_returns":0,"warehouse_damage":0,"lost_in_post":0,"other_logs":0,"out_stock_days":0,"lost_sales":0,"has_location":true,"update_date":"2026-04-10T00:04:39","atum_locations":[{"id":373,"name":"Officine","slug":"officine"}],"atum_stock_status":"instock","restock_status":false,"low_stock_amount":"","sales_update_date":"2026-04-10T00:04:39","calc_backorders":null,"acf":[],"_links":{"self":[{"href":"https:\/\/softymed.ch\/de\/wp-json\/wp\/v2\/product\/8913","targetHints":{"allow":["GET"]}}],"collection":[{"href":"https:\/\/softymed.ch\/de\/wp-json\/wp\/v2\/product"}],"about":[{"href":"https:\/\/softymed.ch\/de\/wp-json\/wp\/v2\/types\/product"}],"wp:featuredmedia":[{"embeddable":true,"href":"https:\/\/softymed.ch\/de\/wp-json\/wp\/v2\/media\/8914"}],"wp:attachment":[{"href":"https:\/\/softymed.ch\/de\/wp-json\/wp\/v2\/media?parent=8913"}],"wp:term":[{"taxonomy":"product_brand","embeddable":true,"href":"https:\/\/softymed.ch\/de\/wp-json\/wp\/v2\/product_brand?post=8913"},{"taxonomy":"product_cat","embeddable":true,"href":"https:\/\/softymed.ch\/de\/wp-json\/wp\/v2\/product_cat?post=8913"},{"taxonomy":"product_tag","embeddable":true,"href":"https:\/\/softymed.ch\/de\/wp-json\/wp\/v2\/product_tag?post=8913"},{"taxonomy":"categorie_principale","embeddable":true,"href":"https:\/\/softymed.ch\/de\/wp-json\/wp\/v2\/categorie_principale?post=8913"},{"taxonomy":"marque","embeddable":true,"href":"https:\/\/softymed.ch\/de\/wp-json\/wp\/v2\/marque?post=8913"}],"curies":[{"name":"wp","href":"https:\/\/api.w.org\/{rel}","templated":true}]}}