{"id":8869,"date":"2024-12-06T19:47:43","date_gmt":"2024-12-06T18:47:43","guid":{"rendered":"https:\/\/softymed.ch\/?post_type=product&#038;p=8869"},"modified":"2026-03-19T15:50:18","modified_gmt":"2026-03-19T14:50:18","slug":"a-prf-matrix","status":"publish","type":"product","link":"https:\/\/softymed.ch\/de\/boutique\/prelevements\/prelevement-special\/a-prf-matrix\/","title":{"rendered":"A-PRF Matrix"},"content":{"rendered":"<p>Le concept du PRF est bas\u00e9 sur la centrifugation du sang total sans anticoagulants. A la fin de la centrifugation, on obtient un caillot de fibrine contenant les plaquettes et une majorit\u00e9 des cellules blanches.<\/p>\n<p>Ce caillot de fibrine appel\u00e9 Platelet Riche Fibrin ou PRF ou Fibrine riche en plaquettes va lib\u00e9rer de mani\u00e8re progressive et constante des facteurs de croissance ou cytokines dans le milieu (VEGF, PDGF, TGF Beta, Thrombospondine<\/p>\n<p>L\u2019objectif attendu de ces facteurs de croissance est d\u2019acc\u00e9l\u00e9rer la cicatrisation muqueuse et osseuse.<\/p>\n<p><strong>Merkmale<\/strong><br \/>\nA-PRF-R\u00f6hrchen: Membran, Gerinnsel, Plug<br \/>\n-Schachtel mit 100 R\u00f6hrchen<br \/>\n-Conditionn\u00e9s par 2 dans un blister st\u00e9rile<br \/>\n-Tubes secs st\u00e9riles sous vide sans additifs, sans anticoagulant, sans gel<br \/>\n-Ils ob\u00e9issent \u00e0 toutes les conditions r\u00e9glementaires propres \u00e0 ce type de dispositif m\u00e9dical Classe IIa<\/p>","protected":false},"excerpt":{"rendered":"<p>Membran, Gerinnsel, Plug, steriler Schlauch<\/p>","protected":false},"featured_media":8870,"template":"","meta":{"_acf_changed":false,"_seopress_robots_primary_cat":"none","_seopress_titles_title":"","_seopress_titles_desc":"","_seopress_robots_index":""},"product_brand":[],"product_cat":[142,136],"product_tag":[],"categorie_principale":[28,29],"marque":[398],"class_list":{"0":"post-8869","1":"product","2":"type-product","3":"status-publish","4":"has-post-thumbnail","6":"product_cat-prelevement-special","7":"product_cat-prelevements","8":"categorie_principale-medecine-generale","9":"categorie_principale-permanence-hopital","10":"marque-a-prf","12":"first","13":"instock","14":"taxable","15":"shipping-taxable","16":"purchasable","17":"product-type-simple"},"supplier_id":null,"supplier_sku":"","atum_controlled":true,"out_stock_date":null,"out_stock_threshold":null,"inheritable":false,"inbound_stock":0,"stock_on_hold":0,"sold_today":0,"sales_last_days":0,"reserved_stock":0,"customer_returns":0,"warehouse_damage":0,"lost_in_post":0,"other_logs":0,"out_stock_days":0,"lost_sales":0,"has_location":true,"update_date":"2026-04-08T00:03:49","atum_locations":[{"id":373,"name":"Officine","slug":"officine"}],"atum_stock_status":"instock","restock_status":false,"low_stock_amount":"","sales_update_date":"2026-04-08T00:03:49","calc_backorders":null,"acf":[],"_links":{"self":[{"href":"https:\/\/softymed.ch\/de\/wp-json\/wp\/v2\/product\/8869","targetHints":{"allow":["GET"]}}],"collection":[{"href":"https:\/\/softymed.ch\/de\/wp-json\/wp\/v2\/product"}],"about":[{"href":"https:\/\/softymed.ch\/de\/wp-json\/wp\/v2\/types\/product"}],"wp:featuredmedia":[{"embeddable":true,"href":"https:\/\/softymed.ch\/de\/wp-json\/wp\/v2\/media\/8870"}],"wp:attachment":[{"href":"https:\/\/softymed.ch\/de\/wp-json\/wp\/v2\/media?parent=8869"}],"wp:term":[{"taxonomy":"product_brand","embeddable":true,"href":"https:\/\/softymed.ch\/de\/wp-json\/wp\/v2\/product_brand?post=8869"},{"taxonomy":"product_cat","embeddable":true,"href":"https:\/\/softymed.ch\/de\/wp-json\/wp\/v2\/product_cat?post=8869"},{"taxonomy":"product_tag","embeddable":true,"href":"https:\/\/softymed.ch\/de\/wp-json\/wp\/v2\/product_tag?post=8869"},{"taxonomy":"categorie_principale","embeddable":true,"href":"https:\/\/softymed.ch\/de\/wp-json\/wp\/v2\/categorie_principale?post=8869"},{"taxonomy":"marque","embeddable":true,"href":"https:\/\/softymed.ch\/de\/wp-json\/wp\/v2\/marque?post=8869"}],"curies":[{"name":"wp","href":"https:\/\/api.w.org\/{rel}","templated":true}]}}