{"id":8841,"date":"2024-12-06T16:47:30","date_gmt":"2024-12-06T15:47:30","guid":{"rendered":"https:\/\/softymed.ch\/?post_type=product&#038;p=8841"},"modified":"2026-01-29T12:21:59","modified_gmt":"2026-01-29T11:21:59","slug":"contournext","status":"publish","type":"product","link":"https:\/\/softymed.ch\/de\/boutique\/appareils-equipements\/contournext\/","title":{"rendered":"CONTOUR\u00aeNEXT"},"content":{"rendered":"<p>Les bandelettes r\u00e9actives CONTOUR\u00aeNEXT sont compatibles avec les lecteurs de glyc\u00e9mie de la famille CONTOUR\u00aeNEXT et le lecteur de glyc\u00e9mie CONTOUR\u00aeXT.<\/p>\n<p>La bandelette est con\u00e7ue pour \u00ab aspirer \u00bb le sang par l\u2019extr\u00e9mit\u00e9 destin\u00e9e \u00e0 recevoir l\u2019\u00e9chantillon sanguin. Seul un petit \u00e9chantillon de 0,6 \u00b5l est n\u00e9cessaire.<\/p>\n<p>Si le premier \u00e9chantillon ne suffit pas, la fonction Second-Chance\u00ae sampling vous permet d\u2019appliquer plus de sang sur la m\u00eame bandelette dans les 60 secondes avec les lecteurs CONTOUR\u00aeNEXT et CONTOUR\u00aeNEXT ONE, et dans les 30 secondes avec le lecteur CONTOUR\u00aeXT.<\/p>\n<p>Les r\u00e9sultats fournis par les bandelettes r\u00e9actives CONTOUR\u00aeNEXT ne sont pas affect\u00e9s par la plupart des substances interf\u00e9rentes courantes naturellement pr\u00e9sentes dans le sang (par exemple le cholest\u00e9rol ou l\u2019h\u00e9moglobine) et provenant de m\u00e9dicaments comme le parac\u00e9tamol ou l\u2019ibuprof\u00e8ne<\/p>\n<p><strong>Merkmale<\/strong><br \/>\n-Connu et \u00e9prouv\u00e9, synonyme de facilit\u00e9 d&rsquo;utilisation et de mesure de la glyc\u00e9mie de haute pr\u00e9cision<br \/>\n-Conforme aux exigences de qualit\u00e9 de la norme EN ISO NORM 15197:2015<br \/>\n-Technologie brevet\u00e9e, tr\u00e8s r\u00e9sistante aux variations de temp\u00e9rature et \u00e0 de nombreux m\u00e9dicaments et substances interf\u00e9rentes<br \/>\n-Second-Chance\u00ae sampling permet d&rsquo;appliquer \u00e0 nouveau plus de sang sur la m\u00eame bandelette en cas d&rsquo;\u00e9chantillon insuffisant<br \/>\n-Dur\u00e9e de conservation maximale de 24 mois \u00e0 partir de la date de fabrication, que la bo\u00eete de bandelettes soit ouverte ou non<\/p>","protected":false},"excerpt":{"rendered":"<p>Teststreifen<\/p>","protected":false},"featured_media":8862,"template":"","meta":{"_acf_changed":false,"_seopress_robots_primary_cat":"none","_seopress_titles_title":"","_seopress_titles_desc":"","_seopress_robots_index":""},"product_brand":[],"product_cat":[163,68],"product_tag":[],"categorie_principale":[165,32,31,28,29],"marque":[327],"class_list":{"0":"post-8841","1":"product","2":"type-product","3":"status-publish","4":"has-post-thumbnail","6":"product_cat-appareils-equipements","7":"product_cat-test-rapide","8":"categorie_principale-autre","9":"categorie_principale-cardiologie","10":"categorie_principale-gynecologie","11":"categorie_principale-medecine-generale","12":"categorie_principale-permanence-hopital","13":"marque-ascensia-diabetes-care","15":"first","16":"instock","17":"taxable","18":"shipping-taxable","19":"purchasable","20":"product-type-simple"},"supplier_id":null,"supplier_sku":"","atum_controlled":true,"out_stock_date":null,"out_stock_threshold":null,"inheritable":false,"inbound_stock":0,"stock_on_hold":0,"sold_today":0,"sales_last_days":0,"reserved_stock":0,"customer_returns":0,"warehouse_damage":0,"lost_in_post":0,"other_logs":0,"out_stock_days":0,"lost_sales":0,"has_location":true,"update_date":"2026-04-08T00:03:35","atum_locations":[{"id":373,"name":"Officine","slug":"officine"}],"atum_stock_status":"instock","restock_status":false,"low_stock_amount":"","sales_update_date":"2026-04-08T00:03:35","calc_backorders":null,"acf":[],"_links":{"self":[{"href":"https:\/\/softymed.ch\/de\/wp-json\/wp\/v2\/product\/8841","targetHints":{"allow":["GET"]}}],"collection":[{"href":"https:\/\/softymed.ch\/de\/wp-json\/wp\/v2\/product"}],"about":[{"href":"https:\/\/softymed.ch\/de\/wp-json\/wp\/v2\/types\/product"}],"wp:featuredmedia":[{"embeddable":true,"href":"https:\/\/softymed.ch\/de\/wp-json\/wp\/v2\/media\/8862"}],"wp:attachment":[{"href":"https:\/\/softymed.ch\/de\/wp-json\/wp\/v2\/media?parent=8841"}],"wp:term":[{"taxonomy":"product_brand","embeddable":true,"href":"https:\/\/softymed.ch\/de\/wp-json\/wp\/v2\/product_brand?post=8841"},{"taxonomy":"product_cat","embeddable":true,"href":"https:\/\/softymed.ch\/de\/wp-json\/wp\/v2\/product_cat?post=8841"},{"taxonomy":"product_tag","embeddable":true,"href":"https:\/\/softymed.ch\/de\/wp-json\/wp\/v2\/product_tag?post=8841"},{"taxonomy":"categorie_principale","embeddable":true,"href":"https:\/\/softymed.ch\/de\/wp-json\/wp\/v2\/categorie_principale?post=8841"},{"taxonomy":"marque","embeddable":true,"href":"https:\/\/softymed.ch\/de\/wp-json\/wp\/v2\/marque?post=8841"}],"curies":[{"name":"wp","href":"https:\/\/api.w.org\/{rel}","templated":true}]}}