{"id":8390,"date":"2024-11-15T16:15:03","date_gmt":"2024-11-15T15:15:03","guid":{"rendered":"https:\/\/softymed.ch\/?post_type=product&#038;p=8390"},"modified":"2026-03-31T18:46:25","modified_gmt":"2026-03-31T16:46:25","slug":"omnifix-100-solo","status":"publish","type":"product","link":"https:\/\/softymed.ch\/de\/boutique\/liste-additionnelle\/omnifix-100-solo\/","title":{"rendered":"Omnifix\u00ae 100 Solo"},"content":{"rendered":"<p><strong>Merkmale<\/strong><br \/>\n-Seringues \u00e0 insuline \u00e0 usage unique pour U-100 insuline (1 ml \/ 100 I.E.) sans canule pour une injection sous-cutan\u00e9e<br \/>\n-En polypropyl\u00e8ne \/ polystyrol<br \/>\n-En 3 pi\u00e8ces<br \/>\n-Double bague d\u2019\u00e9tanch\u00e9it\u00e9<br \/>\n-Arr\u00eat du piston s\u00fbr<br \/>\nZentraler Luer-Ansatz<br \/>\n-Valeur de l\u2019\u00e9chelle 2 I.E.<br \/>\n-Frei von Latex<br \/>\n-Paquet distributeur de 100 pi\u00e8ces<\/p>","protected":false},"excerpt":{"rendered":"<p>1 ml, LS, exzentrisch<\/p>","protected":false},"featured_media":8385,"template":"","meta":{"_acf_changed":false,"_seopress_robots_primary_cat":"none","_seopress_titles_title":"","_seopress_titles_desc":"","_seopress_robots_index":""},"product_brand":[],"product_cat":[288,133],"product_tag":[],"categorie_principale":[31,27,28,29],"marque":[171],"class_list":{"0":"post-8390","1":"product","2":"type-product","3":"status-publish","4":"has-post-thumbnail","6":"product_cat-liste-additionnelle","7":"product_cat-perfusion-injection","8":"categorie_principale-gynecologie","9":"categorie_principale-laboratoire","10":"categorie_principale-medecine-generale","11":"categorie_principale-permanence-hopital","12":"marque-b-braun","14":"first","15":"instock","16":"taxable","17":"shipping-taxable","18":"purchasable","19":"product-type-simple"},"supplier_id":null,"supplier_sku":"","atum_controlled":true,"out_stock_date":null,"out_stock_threshold":null,"inheritable":false,"inbound_stock":0,"stock_on_hold":0,"sold_today":0,"sales_last_days":0,"reserved_stock":0,"customer_returns":0,"warehouse_damage":0,"lost_in_post":0,"other_logs":0,"out_stock_days":0,"lost_sales":0,"has_location":true,"update_date":"2026-04-08T00:03:57","atum_locations":[{"id":373,"name":"Officine","slug":"officine"}],"atum_stock_status":"instock","restock_status":false,"low_stock_amount":"","sales_update_date":"2026-04-08T00:03:57","calc_backorders":null,"acf":[],"_links":{"self":[{"href":"https:\/\/softymed.ch\/de\/wp-json\/wp\/v2\/product\/8390","targetHints":{"allow":["GET"]}}],"collection":[{"href":"https:\/\/softymed.ch\/de\/wp-json\/wp\/v2\/product"}],"about":[{"href":"https:\/\/softymed.ch\/de\/wp-json\/wp\/v2\/types\/product"}],"wp:featuredmedia":[{"embeddable":true,"href":"https:\/\/softymed.ch\/de\/wp-json\/wp\/v2\/media\/8385"}],"wp:attachment":[{"href":"https:\/\/softymed.ch\/de\/wp-json\/wp\/v2\/media?parent=8390"}],"wp:term":[{"taxonomy":"product_brand","embeddable":true,"href":"https:\/\/softymed.ch\/de\/wp-json\/wp\/v2\/product_brand?post=8390"},{"taxonomy":"product_cat","embeddable":true,"href":"https:\/\/softymed.ch\/de\/wp-json\/wp\/v2\/product_cat?post=8390"},{"taxonomy":"product_tag","embeddable":true,"href":"https:\/\/softymed.ch\/de\/wp-json\/wp\/v2\/product_tag?post=8390"},{"taxonomy":"categorie_principale","embeddable":true,"href":"https:\/\/softymed.ch\/de\/wp-json\/wp\/v2\/categorie_principale?post=8390"},{"taxonomy":"marque","embeddable":true,"href":"https:\/\/softymed.ch\/de\/wp-json\/wp\/v2\/marque?post=8390"}],"curies":[{"name":"wp","href":"https:\/\/api.w.org\/{rel}","templated":true}]}}