{"id":8172,"date":"2024-11-04T20:22:16","date_gmt":"2024-11-04T19:22:16","guid":{"rendered":"https:\/\/softymed.ch\/?post_type=product&#038;p=8172"},"modified":"2026-04-08T17:22:15","modified_gmt":"2026-04-08T15:22:15","slug":"sterillium-med","status":"publish","type":"product","link":"https:\/\/softymed.ch\/de\/boutique\/hygiene-desinfection\/desinfection-peau\/sterillium-med\/","title":{"rendered":"Sterillium\u00ae med"},"content":{"rendered":"<p>Le d\u00e9sinfectant Sterillium\u00ae med de Bode est un d\u00e9sinfectant pour les mains \u00e0 base d\u2019alcool, sans parfums ni colorants avec un large spectre d\u2019action. A travers le renoncement aux parfums et colorants Bode Sterillium\u00ae med dispose aussi au long terme d\u2019une tr\u00e8s bonne tol\u00e9rance cutan\u00e9e et est m\u00eame appropri\u00e9 pour les personnes allergiques.<\/p>\n<p><strong>Merkmale<\/strong><br \/>\n-D\u00e9sinfectant pour les mains \u00e0 base d\u2019\u00e9thanol doux pour la peau contenant des agents \u00e0 base d\u2019\u00e9thanol<br \/>\n-Large spectre d\u2019effet<br \/>\nFrei von Farb- und Duftstoffen<br \/>\n-Appropri\u00e9 pour la d\u00e9sinfection des mains hygi\u00e9nique et chirurgicale<br \/>\n-Excellente action imm\u00e9diate<br \/>\n-Effet longue dur\u00e9e<br \/>\n-Unter anderem viruzid<br \/>\n-Appropri\u00e9 pour des peaux sensibles et pour les personnes allergiques<\/p>\n<p><strong>Spectre d\u2019action<\/strong><br \/>\n-Bact\u00e9ricide contre: listeria, salmonelles, ERV et SARM<br \/>\n-Tuberkulozid<br \/>\n-Levurizid<br \/>\n-Effet virucide limit\u00e9 (y compris VHB,VIH, VHC)<br \/>\n-Efficacit\u00e9 contre l\u2019influenza aviaire et humaine, MN, ad\u00e9novirus, polyo et rotavirus<\/p>\n<p><strong>Champs d\u2019application<\/strong><br \/>\nSterillium\u00ae med peut \u00eatre employ\u00e9 dans tous les secteurs sensibles \u00e0 l\u2019hygi\u00e8ne et pour la d\u00e9sinfection des mains hygi\u00e9nique et chirurgicale:<br \/>\n-Dans des cabinets m\u00e9dicaux de toutes les sp\u00e9cialit\u00e9s<br \/>\n-In allen Bereichen des Krankenhauses<br \/>\n-In den Rettungsdiensten<br \/>\n-Im Labor<br \/>\n-Dans l\u2019\u00e9conomie domestique<br \/>\n-Lors de la dialyse \u00e0 domicile<br \/>\n-Dans les soins \u00e0 domicile de malades, de personnes \u00e2g\u00e9es et de nourrissons<\/p>","protected":false},"excerpt":{"rendered":"<p>Desinfektionsmittel f\u00fcr die H\u00e4nde<\/p>","protected":false},"featured_media":8184,"template":"","meta":{"_acf_changed":false,"_seopress_robots_primary_cat":"none","_seopress_titles_title":"","_seopress_titles_desc":"","_seopress_robots_index":""},"product_brand":[],"product_cat":[129,127,288],"product_tag":[347],"categorie_principale":[165,32,31,27,106,28,30,29],"marque":[107],"class_list":{"0":"post-8172","1":"product","2":"type-product","3":"status-publish","4":"has-post-thumbnail","6":"product_cat-desinfection-peau","7":"product_cat-hygiene-desinfection","8":"product_cat-liste-additionnelle","9":"product_tag-best-seller","10":"categorie_principale-autre","11":"categorie_principale-cardiologie","12":"categorie_principale-gynecologie","13":"categorie_principale-laboratoire","14":"categorie_principale-medecine-dentaire","15":"categorie_principale-medecine-generale","16":"categorie_principale-orthopedie","17":"categorie_principale-permanence-hopital","18":"marque-hartmann","20":"first","21":"instock","22":"taxable","23":"shipping-taxable","24":"purchasable","25":"product-type-variable"},"supplier_id":null,"supplier_sku":"","atum_controlled":true,"out_stock_date":"2024-11-04 19:22:16","out_stock_threshold":null,"inheritable":true,"inbound_stock":0,"stock_on_hold":0,"sold_today":0,"sales_last_days":70,"reserved_stock":0,"customer_returns":0,"warehouse_damage":0,"lost_in_post":0,"other_logs":0,"out_stock_days":520,"lost_sales":0,"has_location":true,"update_date":"2026-04-09T16:24:42","atum_locations":[{"id":373,"name":"Officine","slug":"officine"}],"atum_stock_status":"instock","restock_status":false,"low_stock_amount":"","sales_update_date":"2026-04-09T00:04:06","calc_backorders":null,"acf":[],"_links":{"self":[{"href":"https:\/\/softymed.ch\/de\/wp-json\/wp\/v2\/product\/8172","targetHints":{"allow":["GET"]}}],"collection":[{"href":"https:\/\/softymed.ch\/de\/wp-json\/wp\/v2\/product"}],"about":[{"href":"https:\/\/softymed.ch\/de\/wp-json\/wp\/v2\/types\/product"}],"wp:featuredmedia":[{"embeddable":true,"href":"https:\/\/softymed.ch\/de\/wp-json\/wp\/v2\/media\/8184"}],"wp:attachment":[{"href":"https:\/\/softymed.ch\/de\/wp-json\/wp\/v2\/media?parent=8172"}],"wp:term":[{"taxonomy":"product_brand","embeddable":true,"href":"https:\/\/softymed.ch\/de\/wp-json\/wp\/v2\/product_brand?post=8172"},{"taxonomy":"product_cat","embeddable":true,"href":"https:\/\/softymed.ch\/de\/wp-json\/wp\/v2\/product_cat?post=8172"},{"taxonomy":"product_tag","embeddable":true,"href":"https:\/\/softymed.ch\/de\/wp-json\/wp\/v2\/product_tag?post=8172"},{"taxonomy":"categorie_principale","embeddable":true,"href":"https:\/\/softymed.ch\/de\/wp-json\/wp\/v2\/categorie_principale?post=8172"},{"taxonomy":"marque","embeddable":true,"href":"https:\/\/softymed.ch\/de\/wp-json\/wp\/v2\/marque?post=8172"}],"curies":[{"name":"wp","href":"https:\/\/api.w.org\/{rel}","templated":true}]}}