{"id":7728,"date":"2024-09-24T12:08:10","date_gmt":"2024-09-24T10:08:10","guid":{"rendered":"https:\/\/softymed.ch\/?post_type=product&#038;p=7728"},"modified":"2025-12-01T17:56:19","modified_gmt":"2025-12-01T16:56:19","slug":"speci-bag-transportbeutel","status":"publish","type":"product","link":"https:\/\/softymed.ch\/de\/boutique\/expedition-transport\/sachet-de-transport-speci-bag\/","title":{"rendered":"Speci-Bag Transportbeutel"},"content":{"rendered":"<p>Le sac Speci-Bag, \u00e9tanche et flexible, est un emballage secondaire utilis\u00e9 en interne \u00e0 l\u2019h\u00f4pital et en externe pour le transport des \u00e9chantillons de mati\u00e8res biologiques de cat\u00e9gorie B (UN3373) conform\u00e9ment aux normes et lignes directrices europ\u00e9ennes et internationales pour le transport de substances infectieuses (ADR\/P650 &#8211; OMS &#8211; ISO 15189).<\/p>\n<p><strong>Merkmale<\/strong><br \/>\n-Emballage secondaire conforme aux instructions d\u2019emballage P650 de la classe 6.2 de l\u2019ADR<br \/>\n-\u00c9tanche &#8211; tests eectu\u00e9s par un organisme agr\u00e9\u00e9 par les autorit\u00e9s nationales et internationales dans le domaine du transport des marchandises dangereuses<br \/>\nEntspricht den COFRAC-Anforderungen<br \/>\n-Poly\u00e9thyl\u00e8ne moyenne et basse densit\u00e9 100% vierge, 100% recyclable<br \/>\n-Encoches lat\u00e9rales pour ouverture facile et rapide<br \/>\n-2 poches: poche-\u00e9chantillon et poche-document afin de lier le pr\u00e9l\u00e8vement et la demande<br \/>\nd\u2019examen<br \/>\n-Fermeture adh\u00e9sive permanente, facile et rapide<br \/>\n-Ouverture facile et rapide qui ne n\u00e9cessite aucun objet coupant ou tranchant<br \/>\n-Zum einmaligen Gebrauch<br \/>\n-Mehrere Formate m\u00f6glich<br \/>\n-Mehrere Farben erh\u00e4ltlich, darunter transparent, blau, gelb, rot und gr\u00fcn<br \/>\n-Stockage \u00e0 temp\u00e9rature ambiante<\/p>\n<p><strong>Optional<\/strong><br \/>\n-Impression personnalis\u00e9e (logo, nom, adresse, etc.)<br \/>\n-Pad(s) absorbant(s) pr\u00e9-ins\u00e9r\u00e9(s)<br \/>\n-Disponible avec rev\u00eatement absorbant int\u00e9gr\u00e9 (Speci-Sorb) ou avec pads absorbants (pr\u00e9install\u00e9s ou fournis)<br \/>\n-Avec t\u00eate de liasse (par 50 pcs, par 100 pcs) pour suspendre les sacs avant utilisation<br \/>\n-Production climatiquement neutre (\u00e9missions de CO\u00b2 compens\u00e9es)<\/p>","protected":false},"excerpt":{"rendered":"<p>F\u00fcr den Transport von Proben biologischen Materials<\/p>","protected":false},"featured_media":7732,"template":"","meta":{"_acf_changed":false,"_seopress_robots_primary_cat":"none","_seopress_titles_title":"","_seopress_titles_desc":"","_seopress_robots_index":""},"product_brand":[],"product_cat":[126],"product_tag":[],"categorie_principale":[165,32,31,27,28,29],"marque":[],"class_list":{"0":"post-7728","1":"product","2":"type-product","3":"status-publish","4":"has-post-thumbnail","6":"product_cat-expedition-transport","7":"categorie_principale-autre","8":"categorie_principale-cardiologie","9":"categorie_principale-gynecologie","10":"categorie_principale-laboratoire","11":"categorie_principale-medecine-generale","12":"categorie_principale-permanence-hopital","14":"first","15":"outofstock","16":"taxable","17":"shipping-taxable","18":"product-type-simple"},"supplier_id":null,"supplier_sku":"","atum_controlled":true,"out_stock_date":"2024-09-24 10:08:10","out_stock_threshold":null,"inheritable":false,"inbound_stock":null,"stock_on_hold":0,"sold_today":0,"sales_last_days":0,"reserved_stock":null,"customer_returns":null,"warehouse_damage":null,"lost_in_post":null,"other_logs":null,"out_stock_days":561,"lost_sales":0,"has_location":true,"update_date":"2026-04-09T00:03:34","atum_locations":[{"id":373,"name":"Officine","slug":"officine"}],"atum_stock_status":"outofstock","restock_status":false,"low_stock_amount":"","sales_update_date":"2026-04-09T00:03:34","calc_backorders":null,"acf":[],"_links":{"self":[{"href":"https:\/\/softymed.ch\/de\/wp-json\/wp\/v2\/product\/7728","targetHints":{"allow":["GET"]}}],"collection":[{"href":"https:\/\/softymed.ch\/de\/wp-json\/wp\/v2\/product"}],"about":[{"href":"https:\/\/softymed.ch\/de\/wp-json\/wp\/v2\/types\/product"}],"wp:featuredmedia":[{"embeddable":true,"href":"https:\/\/softymed.ch\/de\/wp-json\/wp\/v2\/media\/7732"}],"wp:attachment":[{"href":"https:\/\/softymed.ch\/de\/wp-json\/wp\/v2\/media?parent=7728"}],"wp:term":[{"taxonomy":"product_brand","embeddable":true,"href":"https:\/\/softymed.ch\/de\/wp-json\/wp\/v2\/product_brand?post=7728"},{"taxonomy":"product_cat","embeddable":true,"href":"https:\/\/softymed.ch\/de\/wp-json\/wp\/v2\/product_cat?post=7728"},{"taxonomy":"product_tag","embeddable":true,"href":"https:\/\/softymed.ch\/de\/wp-json\/wp\/v2\/product_tag?post=7728"},{"taxonomy":"categorie_principale","embeddable":true,"href":"https:\/\/softymed.ch\/de\/wp-json\/wp\/v2\/categorie_principale?post=7728"},{"taxonomy":"marque","embeddable":true,"href":"https:\/\/softymed.ch\/de\/wp-json\/wp\/v2\/marque?post=7728"}],"curies":[{"name":"wp","href":"https:\/\/api.w.org\/{rel}","templated":true}]}}