{"id":7723,"date":"2024-09-17T14:53:14","date_gmt":"2024-09-17T12:53:14","guid":{"rendered":"https:\/\/softymed.ch\/?post_type=product&#038;p=7723"},"modified":"2025-10-31T16:56:25","modified_gmt":"2025-10-31T15:56:25","slug":"rollstander-fur-ecg","status":"publish","type":"product","link":"https:\/\/softymed.ch\/de\/boutique\/appareils-equipements\/echographie-ecg-electrodes\/support-a-roulettes-pour-ecg\/","title":{"rendered":"EKG-Rollst\u00e4nder"},"content":{"rendered":"<p>Chariot m\u00e9dical mobile \/ support de dispositif m\u00e9dical utilis\u00e9 pour les \u00e9lectrocardiographes CONTEC 600G, 1200G ou 1212G.<\/p>\n<p><strong>Merkmale<\/strong><br \/>\n-Mat\u00e9riaux en alliage d&rsquo;aluminium, d&rsquo;apparence \u00e9l\u00e9gante et tendance<br \/>\n-Rotation horizontale et hauteur r\u00e9glables<br \/>\n-Rotation horizontale :\u2264360\u00b0<br \/>\n-H\u00f6henbereich: 750 mm ~ 1150 mm<br \/>\n-Maximale Belastung: 30 kg<br \/>\n-Gewicht des Produkts: 5 kg<br \/>\n-Produktabmessungen: 800 x 800 x 1150 mm<\/p>","protected":false},"excerpt":{"rendered":"<p>F\u00fcr CONTEC 600G, 1200G und 1212G EKG-Ger\u00e4te<\/p>","protected":false},"featured_media":7724,"template":"","meta":{"_acf_changed":false,"_seopress_robots_primary_cat":"none","_seopress_titles_title":"","_seopress_titles_desc":"","_seopress_robots_index":""},"product_brand":[],"product_cat":[163,122,164],"product_tag":[],"categorie_principale":[32,28,29],"marque":[222],"class_list":{"0":"post-7723","1":"product","2":"type-product","3":"status-publish","4":"has-post-thumbnail","6":"product_cat-appareils-equipements","7":"product_cat-auscultation-diagnostic","8":"product_cat-echographie-ecg-electrodes","9":"categorie_principale-cardiologie","10":"categorie_principale-medecine-generale","11":"categorie_principale-permanence-hopital","12":"marque-contec-medical-systems","14":"first","15":"instock","16":"taxable","17":"shipping-taxable","18":"purchasable","19":"product-type-simple"},"supplier_id":null,"supplier_sku":"","atum_controlled":true,"out_stock_date":null,"out_stock_threshold":null,"inheritable":false,"inbound_stock":null,"stock_on_hold":0,"sold_today":0,"sales_last_days":0,"reserved_stock":null,"customer_returns":null,"warehouse_damage":null,"lost_in_post":null,"other_logs":null,"out_stock_days":0,"lost_sales":0,"has_location":true,"update_date":"2026-04-08T00:03:33","atum_locations":[{"id":219,"name":"Yellow Cube","slug":"yellow-cube"}],"atum_stock_status":"instock","restock_status":false,"low_stock_amount":"","sales_update_date":"2026-04-08T00:03:33","calc_backorders":null,"acf":[],"_links":{"self":[{"href":"https:\/\/softymed.ch\/de\/wp-json\/wp\/v2\/product\/7723","targetHints":{"allow":["GET"]}}],"collection":[{"href":"https:\/\/softymed.ch\/de\/wp-json\/wp\/v2\/product"}],"about":[{"href":"https:\/\/softymed.ch\/de\/wp-json\/wp\/v2\/types\/product"}],"wp:featuredmedia":[{"embeddable":true,"href":"https:\/\/softymed.ch\/de\/wp-json\/wp\/v2\/media\/7724"}],"wp:attachment":[{"href":"https:\/\/softymed.ch\/de\/wp-json\/wp\/v2\/media?parent=7723"}],"wp:term":[{"taxonomy":"product_brand","embeddable":true,"href":"https:\/\/softymed.ch\/de\/wp-json\/wp\/v2\/product_brand?post=7723"},{"taxonomy":"product_cat","embeddable":true,"href":"https:\/\/softymed.ch\/de\/wp-json\/wp\/v2\/product_cat?post=7723"},{"taxonomy":"product_tag","embeddable":true,"href":"https:\/\/softymed.ch\/de\/wp-json\/wp\/v2\/product_tag?post=7723"},{"taxonomy":"categorie_principale","embeddable":true,"href":"https:\/\/softymed.ch\/de\/wp-json\/wp\/v2\/categorie_principale?post=7723"},{"taxonomy":"marque","embeddable":true,"href":"https:\/\/softymed.ch\/de\/wp-json\/wp\/v2\/marque?post=7723"}],"curies":[{"name":"wp","href":"https:\/\/api.w.org\/{rel}","templated":true}]}}