{"id":7705,"date":"2024-09-17T11:56:00","date_gmt":"2024-09-17T09:56:00","guid":{"rendered":"https:\/\/softymed.ch\/?post_type=product&#038;p=7705"},"modified":"2026-03-25T16:47:50","modified_gmt":"2026-03-25T15:47:50","slug":"coaguchek-xs-pt-test","status":"publish","type":"product","link":"https:\/\/softymed.ch\/de\/boutique\/test-rapide\/coaguchek-xs-pt-test\/","title":{"rendered":"CoaguChek\u00ae XS PT Test"},"content":{"rendered":"<p>-Faible quantit\u00e9 d&rsquo;\u00e9chantillon<br \/>\n-Le r\u00e9sultat du test est disponible apr\u00e8s seulement 1 minute<br \/>\n-Bandelettes r\u00e9actives ne n\u00e9cessitant pas de r\u00e9frig\u00e9ration<br \/>\n-Comparable avec les r\u00e9sultats de laboratoire<br \/>\n-2 x 24 bandelettes r\u00e9actives et 1 puce \u00e0 code<\/p>\n<p><strong>Aper\u00e7u de l\u2019application<\/strong><br \/>\n-Permet de d\u00e9tecter la coagulation du sang (taux de prothrombine ou temps de Quick) avec les syst\u00e8mes de surveillance CoaguChek XS et CoaguChek XS Plus<\/p>\n<p><strong>Produktdetails<\/strong><br \/>\n-CoaguChek XS PT Teststreifen<br \/>\n-Bandelettes de test pour la d\u00e9termination des valeurs INR-\/% Quick<br \/>\n-Du sang peut \u00eatre appliqu\u00e9 sur les 3 faces<br \/>\n-Principe de test: mesure \u00e9lectrochimique du temps de thromboplastine apr\u00e8s l&rsquo;activation de la coagulation sanguine \u00e0 l&rsquo;aide de la thromboplastine humaine recombinante<br \/>\n-\u00c9chantillon: sang complet (capillaire ou veineux)<br \/>\n-Quantit\u00e9 d&rsquo;\u00e9chantillon: environ 8 \u03bcl<br \/>\n-Dur\u00e9e de mesure: environ 60 secondes<br \/>\n-Plage de mesure: 5 &#8211; 120 % Quick, 9,6 &#8211; 96 sec, 0,8 &#8211; 8,0 INR<br \/>\n-Pr\u00e9cision: CV = 4,5%<br \/>\n-Index de sensibilit\u00e9 international (ISI): 1,0 (correspond aux recommandations de l&rsquo;OMS ISI 1,7)<br \/>\n-Est insensible aux h\u00e9parines de bas poids mol\u00e9culaire: concentration d&rsquo;h\u00e9parine jusqu&rsquo;\u00e0 0,8 U\/ml<br \/>\n-Ne doivent pas \u00eatre r\u00e9frig\u00e9rees (stockage entre +2\u00b0 et +30\u00b0C)<br \/>\n-2 x 24 Teststreifen und 1 Kodierchip<\/p>\n<p>Chaque bandelette de test CoaguChek XS PT est soumise \u00e0 un contr\u00f4le de qualit\u00e9 avant de la mesure du moniteur de coagulation CoaguChek XS, qui reconna\u00eet une d\u00e9fectuosit\u00e9 de la bandelette de test, provoqu\u00e9e p. ex. par un stockage humide.<\/p>","protected":false},"excerpt":{"rendered":"<p>Enth\u00e4lt 2 x 24 Teststreifen und 1 Code-Chip<\/p>","protected":false},"featured_media":7712,"template":"","meta":{"_acf_changed":false,"_seopress_robots_primary_cat":"68","_seopress_titles_title":"","_seopress_titles_desc":"","_seopress_robots_index":""},"product_brand":[],"product_cat":[372,68],"product_tag":[],"categorie_principale":[32,31,28,29],"marque":[205],"class_list":{"0":"post-7705","1":"product","2":"type-product","3":"status-publish","4":"has-post-thumbnail","6":"product_cat-medicusana","7":"product_cat-test-rapide","8":"categorie_principale-cardiologie","9":"categorie_principale-gynecologie","10":"categorie_principale-medecine-generale","11":"categorie_principale-permanence-hopital","12":"marque-roche-diagnostics-gmbh","14":"first","15":"instock","16":"taxable","17":"shipping-taxable","18":"purchasable","19":"product-type-simple"},"supplier_id":null,"supplier_sku":"","atum_controlled":true,"out_stock_date":null,"out_stock_threshold":null,"inheritable":false,"inbound_stock":null,"stock_on_hold":0,"sold_today":0,"sales_last_days":0,"reserved_stock":null,"customer_returns":null,"warehouse_damage":null,"lost_in_post":null,"other_logs":null,"out_stock_days":0,"lost_sales":0,"has_location":true,"update_date":"2026-04-08T00:03:52","atum_locations":[{"id":373,"name":"Officine","slug":"officine"}],"atum_stock_status":"instock","restock_status":false,"low_stock_amount":"","sales_update_date":"2026-04-08T00:03:52","calc_backorders":null,"acf":[],"_links":{"self":[{"href":"https:\/\/softymed.ch\/de\/wp-json\/wp\/v2\/product\/7705","targetHints":{"allow":["GET"]}}],"collection":[{"href":"https:\/\/softymed.ch\/de\/wp-json\/wp\/v2\/product"}],"about":[{"href":"https:\/\/softymed.ch\/de\/wp-json\/wp\/v2\/types\/product"}],"wp:featuredmedia":[{"embeddable":true,"href":"https:\/\/softymed.ch\/de\/wp-json\/wp\/v2\/media\/7712"}],"wp:attachment":[{"href":"https:\/\/softymed.ch\/de\/wp-json\/wp\/v2\/media?parent=7705"}],"wp:term":[{"taxonomy":"product_brand","embeddable":true,"href":"https:\/\/softymed.ch\/de\/wp-json\/wp\/v2\/product_brand?post=7705"},{"taxonomy":"product_cat","embeddable":true,"href":"https:\/\/softymed.ch\/de\/wp-json\/wp\/v2\/product_cat?post=7705"},{"taxonomy":"product_tag","embeddable":true,"href":"https:\/\/softymed.ch\/de\/wp-json\/wp\/v2\/product_tag?post=7705"},{"taxonomy":"categorie_principale","embeddable":true,"href":"https:\/\/softymed.ch\/de\/wp-json\/wp\/v2\/categorie_principale?post=7705"},{"taxonomy":"marque","embeddable":true,"href":"https:\/\/softymed.ch\/de\/wp-json\/wp\/v2\/marque?post=7705"}],"curies":[{"name":"wp","href":"https:\/\/api.w.org\/{rel}","templated":true}]}}