{"id":7618,"date":"2024-08-20T14:50:56","date_gmt":"2024-08-20T12:50:56","guid":{"rendered":"https:\/\/softymed.ch\/?post_type=product&#038;p=7618"},"modified":"2026-04-09T15:55:44","modified_gmt":"2026-04-09T13:55:44","slug":"blutsperre","status":"publish","type":"product","link":"https:\/\/softymed.ch\/de\/boutique\/prelevements\/prelevement-veineux\/garrot\/","title":{"rendered":"Venenstaubinde"},"content":{"rendered":"<p><strong>Merkmale<\/strong><br \/>\n-Fabriqu\u00e9 en mat\u00e9riau solide, avec une attache en plastique<br \/>\n-Utilisation d\u2019une seule main: peut \u00eatre appliqu\u00e9 et retir\u00e9 d\u2019une seule main<br \/>\n-Une fois en place, il ne peut pas s\u2019ouvrir involontairement<br \/>\n-La sangle peut \u00eatre lav\u00e9e \u00e0 60 \u00b0C<br \/>\n-Emball\u00e9 individuellement dans un emballage pr\u00e9sentoir.<\/p>\n<p><strong>Einfach zu verwenden<\/strong><br \/>\n1. Placez la sangle autour du bras et ins\u00e9rez le clip dans l\u2019attache jusqu\u2019\u00e0 ce qu\u2019il s\u2019enclenche, indiquant qu\u2019il est ferm\u00e9.<br \/>\n2. Pour serrer, tirez l\u2019extr\u00e9mit\u00e9 de la sangle dans le sens de la fl\u00e8che. L\u2019attache est solidement verrouill\u00e9e.<br \/>\n3. Une fois l\u2019aiguille ins\u00e9r\u00e9e, appuyez sur le bouton de tension pour desserrer progressivement le garrot.<br \/>\n4. Pour retirer le garrot, appuyez sur le bouton de d\u00e9verrouillage.<\/p>","protected":false},"excerpt":{"rendered":"<p>Erwachsener oder Kind<\/p>","protected":false},"featured_media":6700,"template":"","meta":{"_acf_changed":false,"_seopress_robots_primary_cat":"none","_seopress_titles_title":"","_seopress_titles_desc":"","_seopress_robots_index":""},"product_brand":[],"product_cat":[287,137,136],"product_tag":[],"categorie_principale":[165,32,31,27,28,29],"marque":[],"class_list":{"0":"post-7618","1":"product","2":"type-product","3":"status-publish","4":"has-post-thumbnail","6":"product_cat-carte-de-commande","7":"product_cat-prelevement-veineux","8":"product_cat-prelevements","9":"categorie_principale-autre","10":"categorie_principale-cardiologie","11":"categorie_principale-gynecologie","12":"categorie_principale-laboratoire","13":"categorie_principale-medecine-generale","14":"categorie_principale-permanence-hopital","16":"first","17":"instock","18":"taxable","19":"shipping-taxable","20":"purchasable","21":"product-type-variable"},"supplier_id":null,"supplier_sku":"","atum_controlled":true,"out_stock_date":"2024-08-20 12:50:56","out_stock_threshold":null,"inheritable":true,"inbound_stock":null,"stock_on_hold":3,"sold_today":0,"sales_last_days":10,"reserved_stock":null,"customer_returns":null,"warehouse_damage":null,"lost_in_post":null,"other_logs":null,"out_stock_days":596,"lost_sales":0,"has_location":true,"update_date":"2026-04-09T13:55:45","atum_locations":[{"id":373,"name":"Officine","slug":"officine"}],"atum_stock_status":"instock","restock_status":false,"low_stock_amount":"","sales_update_date":"2026-04-09T00:03:54","calc_backorders":null,"acf":[],"_links":{"self":[{"href":"https:\/\/softymed.ch\/de\/wp-json\/wp\/v2\/product\/7618","targetHints":{"allow":["GET"]}}],"collection":[{"href":"https:\/\/softymed.ch\/de\/wp-json\/wp\/v2\/product"}],"about":[{"href":"https:\/\/softymed.ch\/de\/wp-json\/wp\/v2\/types\/product"}],"wp:featuredmedia":[{"embeddable":true,"href":"https:\/\/softymed.ch\/de\/wp-json\/wp\/v2\/media\/6700"}],"wp:attachment":[{"href":"https:\/\/softymed.ch\/de\/wp-json\/wp\/v2\/media?parent=7618"}],"wp:term":[{"taxonomy":"product_brand","embeddable":true,"href":"https:\/\/softymed.ch\/de\/wp-json\/wp\/v2\/product_brand?post=7618"},{"taxonomy":"product_cat","embeddable":true,"href":"https:\/\/softymed.ch\/de\/wp-json\/wp\/v2\/product_cat?post=7618"},{"taxonomy":"product_tag","embeddable":true,"href":"https:\/\/softymed.ch\/de\/wp-json\/wp\/v2\/product_tag?post=7618"},{"taxonomy":"categorie_principale","embeddable":true,"href":"https:\/\/softymed.ch\/de\/wp-json\/wp\/v2\/categorie_principale?post=7618"},{"taxonomy":"marque","embeddable":true,"href":"https:\/\/softymed.ch\/de\/wp-json\/wp\/v2\/marque?post=7618"}],"curies":[{"name":"wp","href":"https:\/\/api.w.org\/{rel}","templated":true}]}}