{"id":7609,"date":"2024-07-26T15:23:19","date_gmt":"2024-07-26T13:23:19","guid":{"rendered":"https:\/\/softymed.ch\/?post_type=product&#038;p=7609"},"modified":"2026-02-11T18:22:34","modified_gmt":"2026-02-11T17:22:34","slug":"ecg-elektroden-kendall-arbo-h34sg","status":"publish","type":"product","link":"https:\/\/softymed.ch\/de\/boutique\/appareils-equipements\/echographie-ecg-electrodes\/electrodes-ecg-kendall-arbo-h34sg\/","title":{"rendered":"Kendall\u2122 Arbo H34SG EKG-Elektroden"},"content":{"rendered":"<p>\u00c9lectrodes ECG de surveillance \u00e0 long terme Kendall, compatibilit\u00e9 30 \u00e9lectrodes (IRM et radiographie).<\/p>\n<p>\u00c9lectrode ECG \u00e0 usage unique avec adh\u00e9sif \u00ab\u00a0rapide\u00a0\u00bb et hydrogel solide conducteur, fixation bouton carbone radiotransparent, support mousse, adh\u00e9rence \u00e9lev\u00e9e et prolong\u00e9e, abrasif int\u00e9gr\u00e9, forme goutte 50x 45 mm, valid\u00e9e pour une utilisation jusqu&rsquo;\u00e0 72 heures.<\/p>\n<p><strong>Merkmale<\/strong><br \/>\n-\u00c9lectrodes jetables de haute qualit\u00e9<br \/>\nGeeignet f\u00fcr EEG-, EKG- und EMG-Messungen<br \/>\n-Adh\u00e8rent parfaitement \u00e0 la peau et pr\u00eates \u00e0 l&#8217;emploi<br \/>\n-Form: Tropfen<br \/>\n-Mat\u00e9riau de la surface de contact: mousse<br \/>\n-Mat\u00e9riau du capteur: Ag\/AgCI<br \/>\n-Druckknopf<br \/>\n-Ma\u00dfe: 50 x 45 mm<\/p>","protected":false},"excerpt":{"rendered":"<p>Mit Hydrogel<\/p>","protected":false},"featured_media":7613,"template":"","meta":{"_acf_changed":false,"_seopress_robots_primary_cat":"none","_seopress_titles_title":"","_seopress_titles_desc":"","_seopress_robots_index":""},"product_brand":[],"product_cat":[163,122,164],"product_tag":[],"categorie_principale":[32,28,29],"marque":[221],"class_list":{"0":"post-7609","1":"product","2":"type-product","3":"status-publish","4":"has-post-thumbnail","6":"product_cat-appareils-equipements","7":"product_cat-auscultation-diagnostic","8":"product_cat-echographie-ecg-electrodes","9":"categorie_principale-cardiologie","10":"categorie_principale-medecine-generale","11":"categorie_principale-permanence-hopital","12":"marque-cardinalhealth","14":"first","15":"instock","16":"taxable","17":"shipping-taxable","18":"purchasable","19":"product-type-simple"},"supplier_id":null,"supplier_sku":"","atum_controlled":true,"out_stock_date":null,"out_stock_threshold":null,"inheritable":false,"inbound_stock":null,"stock_on_hold":0,"sold_today":0,"sales_last_days":0,"reserved_stock":null,"customer_returns":null,"warehouse_damage":null,"lost_in_post":null,"other_logs":null,"out_stock_days":0,"lost_sales":0,"has_location":true,"update_date":"2026-04-08T00:03:36","atum_locations":[{"id":373,"name":"Officine","slug":"officine"}],"atum_stock_status":"instock","restock_status":false,"low_stock_amount":"","sales_update_date":"2026-04-08T00:03:36","calc_backorders":null,"acf":[],"_links":{"self":[{"href":"https:\/\/softymed.ch\/de\/wp-json\/wp\/v2\/product\/7609","targetHints":{"allow":["GET"]}}],"collection":[{"href":"https:\/\/softymed.ch\/de\/wp-json\/wp\/v2\/product"}],"about":[{"href":"https:\/\/softymed.ch\/de\/wp-json\/wp\/v2\/types\/product"}],"wp:featuredmedia":[{"embeddable":true,"href":"https:\/\/softymed.ch\/de\/wp-json\/wp\/v2\/media\/7613"}],"wp:attachment":[{"href":"https:\/\/softymed.ch\/de\/wp-json\/wp\/v2\/media?parent=7609"}],"wp:term":[{"taxonomy":"product_brand","embeddable":true,"href":"https:\/\/softymed.ch\/de\/wp-json\/wp\/v2\/product_brand?post=7609"},{"taxonomy":"product_cat","embeddable":true,"href":"https:\/\/softymed.ch\/de\/wp-json\/wp\/v2\/product_cat?post=7609"},{"taxonomy":"product_tag","embeddable":true,"href":"https:\/\/softymed.ch\/de\/wp-json\/wp\/v2\/product_tag?post=7609"},{"taxonomy":"categorie_principale","embeddable":true,"href":"https:\/\/softymed.ch\/de\/wp-json\/wp\/v2\/categorie_principale?post=7609"},{"taxonomy":"marque","embeddable":true,"href":"https:\/\/softymed.ch\/de\/wp-json\/wp\/v2\/marque?post=7609"}],"curies":[{"name":"wp","href":"https:\/\/api.w.org\/{rel}","templated":true}]}}