{"id":7593,"date":"2024-07-22T16:46:56","date_gmt":"2024-07-22T14:46:56","guid":{"rendered":"https:\/\/softymed.ch\/?post_type=product&#038;p=7593"},"modified":"2026-04-02T11:47:33","modified_gmt":"2026-04-02T09:47:33","slug":"medibox","status":"publish","type":"product","link":"https:\/\/softymed.ch\/de\/boutique\/dechets\/medibox\/","title":{"rendered":"Medibox"},"content":{"rendered":"<p><strong>Merkmale<\/strong><br \/>\n-Collecteur pour d\u00e9chets piquants et coupants en milieu m\u00e9dical<br \/>\n-R\u00e9sistance \u00e0 la rupture, \u00e0 la perforation et \u00e0 la stabilit\u00e9 dans des conditions d&rsquo;utilisation conformes \u00e0 la norme DIN EN ISO 23907<br \/>\n-Pour l&rsquo;\u00e9limination des aiguilles avec embout Luer ou Luer-Lock et aiguilles pour stylos \u00e0 insulines<br \/>\n-Grande ouverture pour l&rsquo;\u00e9limination de diff\u00e9rents instruments m\u00e9dicaux tranchants et pointus<br \/>\n-Couvercle maintenu libre par un l\u00e9ger encliquetage en position ouverte<br \/>\n-Tempor\u00e4re Schlie\u00dfung mit einer Hand<br \/>\n-Fermeture finale permanente par pression sur les points de pression marqu\u00e9s sur le couvercle des bo\u00eetes<br \/>\n-Der endg\u00fcltige Verschluss ist h\u00f6rbar und f\u00fchlbar<br \/>\n-R\u00e9sistant \u00e0 la perforation, stable, incassable<br \/>\n-Contr\u00f4le du niveau de remplissage bien visible<br \/>\n-Conforme \u00e0 la TRBA 250<br \/>\n-Certifi\u00e9 selon ADR2015, 2008\/68\/EC et ISO 23907<br \/>\n-Autoclavable (jusqu\u2019\u00e0 18 minutes max. \u00e0 134\u00b0C)<br \/>\n-Mat\u00e9riau: polypropyl\u00e8ne<\/p>","protected":false},"excerpt":{"rendered":"<p>Beh\u00e4lter f\u00fcr medizinische Abf\u00e4lle<\/p>","protected":false},"featured_media":6932,"template":"","meta":{"_acf_changed":false,"_seopress_robots_primary_cat":"none","_seopress_titles_title":"","_seopress_titles_desc":"","_seopress_robots_index":""},"product_brand":[],"product_cat":[124,287],"product_tag":[347],"categorie_principale":[165,32,31,27,106,28,29],"marque":[171],"class_list":{"0":"post-7593","1":"product","2":"type-product","3":"status-publish","4":"has-post-thumbnail","6":"product_cat-dechets","7":"product_cat-carte-de-commande","8":"product_tag-best-seller","9":"categorie_principale-autre","10":"categorie_principale-cardiologie","11":"categorie_principale-gynecologie","12":"categorie_principale-laboratoire","13":"categorie_principale-medecine-dentaire","14":"categorie_principale-medecine-generale","15":"categorie_principale-permanence-hopital","16":"marque-b-braun","18":"first","19":"instock","20":"taxable","21":"shipping-taxable","22":"purchasable","23":"product-type-variable"},"supplier_id":null,"supplier_sku":"","atum_controlled":true,"out_stock_date":"2024-07-22 14:46:56","out_stock_threshold":null,"inheritable":true,"inbound_stock":null,"stock_on_hold":0,"sold_today":0,"sales_last_days":2,"reserved_stock":null,"customer_returns":null,"warehouse_damage":null,"lost_in_post":null,"other_logs":null,"out_stock_days":624,"lost_sales":0,"has_location":true,"update_date":"2026-04-08T00:04:00","atum_locations":[{"id":373,"name":"Officine","slug":"officine"}],"atum_stock_status":"instock","restock_status":false,"low_stock_amount":"","sales_update_date":"2026-04-08T00:04:00","calc_backorders":null,"acf":[],"_links":{"self":[{"href":"https:\/\/softymed.ch\/de\/wp-json\/wp\/v2\/product\/7593","targetHints":{"allow":["GET"]}}],"collection":[{"href":"https:\/\/softymed.ch\/de\/wp-json\/wp\/v2\/product"}],"about":[{"href":"https:\/\/softymed.ch\/de\/wp-json\/wp\/v2\/types\/product"}],"wp:featuredmedia":[{"embeddable":true,"href":"https:\/\/softymed.ch\/de\/wp-json\/wp\/v2\/media\/6932"}],"wp:attachment":[{"href":"https:\/\/softymed.ch\/de\/wp-json\/wp\/v2\/media?parent=7593"}],"wp:term":[{"taxonomy":"product_brand","embeddable":true,"href":"https:\/\/softymed.ch\/de\/wp-json\/wp\/v2\/product_brand?post=7593"},{"taxonomy":"product_cat","embeddable":true,"href":"https:\/\/softymed.ch\/de\/wp-json\/wp\/v2\/product_cat?post=7593"},{"taxonomy":"product_tag","embeddable":true,"href":"https:\/\/softymed.ch\/de\/wp-json\/wp\/v2\/product_tag?post=7593"},{"taxonomy":"categorie_principale","embeddable":true,"href":"https:\/\/softymed.ch\/de\/wp-json\/wp\/v2\/categorie_principale?post=7593"},{"taxonomy":"marque","embeddable":true,"href":"https:\/\/softymed.ch\/de\/wp-json\/wp\/v2\/marque?post=7593"}],"curies":[{"name":"wp","href":"https:\/\/api.w.org\/{rel}","templated":true}]}}