{"id":7326,"date":"2024-07-10T15:55:43","date_gmt":"2024-07-10T13:55:43","guid":{"rendered":"https:\/\/softymed.ch\/?post_type=product&#038;p=7326"},"modified":"2026-03-25T09:42:46","modified_gmt":"2026-03-25T08:42:46","slug":"englischer-spazierstock","status":"publish","type":"product","link":"https:\/\/softymed.ch\/de\/boutique\/attelles-platres\/cheville-pied\/canne-anglaise\/","title":{"rendered":"Englischer Spazierstock"},"content":{"rendered":"<p><strong>Hinweise<\/strong><br \/>\n-Soutien post-op\u00e9ratoire et post-traumatique<br \/>\n-Faiblesse, troubles\/affections neuromusculaires, instabilit\u00e9, perte d\u2019\u00e9quilibre, arthrose des membres<br \/>\ninf\u00e9rieurs<br \/>\n-Conditions d\u00e9g\u00e9n\u00e9ratives du membre inf\u00e9rieur<\/p>\n<p><strong>Merkmale<\/strong><br \/>\n-Large croissant afin de r\u00e9partir au mieux les pressions sur l&rsquo;avant-bras<br \/>\n-Appui brachial renforc\u00e9 pour un poids utilisateur de 130 kg maximum<br \/>\n-Poign\u00e9e munie d&rsquo;une but\u00e9e permettant d&rsquo;\u00e9viter que la maiin ne glisse<br \/>\n-Aluminiumrohr<br \/>\n-Hauteur r\u00e9glable: de 94 \u00e0 116 cm<\/p>\n<p>* Geeignet f\u00fcr einen Benutzer mit einem Maximalgewicht von 130 kg (Richtgewicht)<\/p>","protected":false},"excerpt":{"rendered":"<p>Kr\u00fccken Erwachsene<\/p>","protected":false},"featured_media":7333,"template":"","meta":{"_acf_changed":false,"_seopress_robots_primary_cat":"none","_seopress_titles_title":"","_seopress_titles_desc":"","_seopress_robots_index":""},"product_brand":[],"product_cat":[149,216,183,387],"product_tag":[],"categorie_principale":[28,30,29],"marque":[321],"class_list":{"0":"post-7326","1":"product","2":"type-product","3":"status-publish","4":"has-post-thumbnail","6":"product_cat-attelles-platres","7":"product_cat-cheville-pied","8":"product_cat-genou","9":"product_cat-mobilite","10":"categorie_principale-medecine-generale","11":"categorie_principale-orthopedie","12":"categorie_principale-permanence-hopital","13":"marque-timago","15":"first","16":"instock","17":"taxable","18":"shipping-taxable","19":"purchasable","20":"product-type-simple"},"supplier_id":null,"supplier_sku":"","atum_controlled":true,"out_stock_date":null,"out_stock_threshold":null,"inheritable":false,"inbound_stock":null,"stock_on_hold":0,"sold_today":0,"sales_last_days":3,"reserved_stock":null,"customer_returns":null,"warehouse_damage":null,"lost_in_post":null,"other_logs":null,"out_stock_days":0,"lost_sales":0,"has_location":true,"update_date":"2026-04-08T00:03:52","atum_locations":[{"id":219,"name":"Yellow Cube","slug":"yellow-cube"}],"atum_stock_status":"instock","restock_status":false,"low_stock_amount":"","sales_update_date":"2026-04-08T00:03:52","calc_backorders":null,"acf":[],"_links":{"self":[{"href":"https:\/\/softymed.ch\/de\/wp-json\/wp\/v2\/product\/7326","targetHints":{"allow":["GET"]}}],"collection":[{"href":"https:\/\/softymed.ch\/de\/wp-json\/wp\/v2\/product"}],"about":[{"href":"https:\/\/softymed.ch\/de\/wp-json\/wp\/v2\/types\/product"}],"wp:featuredmedia":[{"embeddable":true,"href":"https:\/\/softymed.ch\/de\/wp-json\/wp\/v2\/media\/7333"}],"wp:attachment":[{"href":"https:\/\/softymed.ch\/de\/wp-json\/wp\/v2\/media?parent=7326"}],"wp:term":[{"taxonomy":"product_brand","embeddable":true,"href":"https:\/\/softymed.ch\/de\/wp-json\/wp\/v2\/product_brand?post=7326"},{"taxonomy":"product_cat","embeddable":true,"href":"https:\/\/softymed.ch\/de\/wp-json\/wp\/v2\/product_cat?post=7326"},{"taxonomy":"product_tag","embeddable":true,"href":"https:\/\/softymed.ch\/de\/wp-json\/wp\/v2\/product_tag?post=7326"},{"taxonomy":"categorie_principale","embeddable":true,"href":"https:\/\/softymed.ch\/de\/wp-json\/wp\/v2\/categorie_principale?post=7326"},{"taxonomy":"marque","embeddable":true,"href":"https:\/\/softymed.ch\/de\/wp-json\/wp\/v2\/marque?post=7326"}],"curies":[{"name":"wp","href":"https:\/\/api.w.org\/{rel}","templated":true}]}}