{"id":7309,"date":"2024-07-10T15:18:32","date_gmt":"2024-07-10T13:18:32","guid":{"rendered":"https:\/\/softymed.ch\/?post_type=product&#038;p=7309"},"modified":"2026-02-11T18:16:26","modified_gmt":"2026-02-11T17:16:26","slug":"3m-mikroporos-125","status":"publish","type":"product","link":"https:\/\/softymed.ch\/de\/boutique\/soin-des-plaies\/3m-micropore-125\/","title":{"rendered":"3M\u2122 Micropore\u2122"},"content":{"rendered":"<p>Les sparadraps 3M\u2122 Micropore\u2122 sont utilis\u00e9s pour la fixation des pansements. Ils conviennent pour les pansements fr\u00e9quemment renouvel\u00e9s.<\/p>\n<p>Les sparadraps 3M\u2122 Micropore\u2122 sont multi-usages. Doux pour la peau, ils offrent une excellent adh\u00e9sivit\u00e9 tout en minimisant les r\u00e9sidus lors du retrait. Respirants et d\u00e9pourvus de latex, nos sparadraps sont \u00e9conomiques et disponibles dans une grande vari\u00e9t\u00e9 de tailles, couleurs et conditionnements.<\/p>\n<p><strong>Merkmale<\/strong><br \/>\n-D\u00e9vidoir pratique et rechargeable qui offre une meilleure hygi\u00e8ne, une d\u00e9coupe et un rangement faciles<br \/>\n-Passen sich den Mikroreliefs der Haut an<br \/>\n-Adapt\u00e9s aux peaux sensibles<br \/>\n-Ne se d\u00e9collent pas, m\u00eame mouill\u00e9s<br \/>\n-Lassen die Haut atmen<\/p>","protected":false},"excerpt":{"rendered":"<p>Mikropor\u00f6ses Vliespflaster<\/p>","protected":false},"featured_media":7310,"template":"","meta":{"_acf_changed":false,"_seopress_robots_primary_cat":"104","_seopress_titles_title":"","_seopress_titles_desc":"","_seopress_robots_index":""},"product_brand":[],"product_cat":[372,146,104],"product_tag":[],"categorie_principale":[31,28,29],"marque":[102],"class_list":{"0":"post-7309","1":"product","2":"type-product","3":"status-publish","4":"has-post-thumbnail","6":"product_cat-medicusana","7":"product_cat-pansement","8":"product_cat-soin-des-plaies","9":"categorie_principale-gynecologie","10":"categorie_principale-medecine-generale","11":"categorie_principale-permanence-hopital","12":"marque-3m","14":"first","15":"instock","16":"taxable","17":"shipping-taxable","18":"purchasable","19":"product-type-simple"},"supplier_id":null,"supplier_sku":"","atum_controlled":true,"out_stock_date":null,"out_stock_threshold":null,"inheritable":false,"inbound_stock":null,"stock_on_hold":0,"sold_today":0,"sales_last_days":0,"reserved_stock":null,"customer_returns":null,"warehouse_damage":null,"lost_in_post":null,"other_logs":null,"out_stock_days":0,"lost_sales":0,"has_location":true,"update_date":"2026-04-08T00:03:35","atum_locations":[{"id":373,"name":"Officine","slug":"officine"}],"atum_stock_status":"instock","restock_status":false,"low_stock_amount":"","sales_update_date":"2026-04-08T00:03:35","calc_backorders":null,"acf":[],"_links":{"self":[{"href":"https:\/\/softymed.ch\/de\/wp-json\/wp\/v2\/product\/7309","targetHints":{"allow":["GET"]}}],"collection":[{"href":"https:\/\/softymed.ch\/de\/wp-json\/wp\/v2\/product"}],"about":[{"href":"https:\/\/softymed.ch\/de\/wp-json\/wp\/v2\/types\/product"}],"wp:featuredmedia":[{"embeddable":true,"href":"https:\/\/softymed.ch\/de\/wp-json\/wp\/v2\/media\/7310"}],"wp:attachment":[{"href":"https:\/\/softymed.ch\/de\/wp-json\/wp\/v2\/media?parent=7309"}],"wp:term":[{"taxonomy":"product_brand","embeddable":true,"href":"https:\/\/softymed.ch\/de\/wp-json\/wp\/v2\/product_brand?post=7309"},{"taxonomy":"product_cat","embeddable":true,"href":"https:\/\/softymed.ch\/de\/wp-json\/wp\/v2\/product_cat?post=7309"},{"taxonomy":"product_tag","embeddable":true,"href":"https:\/\/softymed.ch\/de\/wp-json\/wp\/v2\/product_tag?post=7309"},{"taxonomy":"categorie_principale","embeddable":true,"href":"https:\/\/softymed.ch\/de\/wp-json\/wp\/v2\/categorie_principale?post=7309"},{"taxonomy":"marque","embeddable":true,"href":"https:\/\/softymed.ch\/de\/wp-json\/wp\/v2\/marque?post=7309"}],"curies":[{"name":"wp","href":"https:\/\/api.w.org\/{rel}","templated":true}]}}