{"id":7297,"date":"2024-07-09T17:28:09","date_gmt":"2024-07-09T15:28:09","guid":{"rendered":"https:\/\/softymed.ch\/?post_type=product&#038;p=7297"},"modified":"2025-11-03T10:28:11","modified_gmt":"2025-11-03T09:28:11","slug":"ph-indikatorstreifen-4-7","status":"publish","type":"product","link":"https:\/\/softymed.ch\/de\/boutique\/chimie-hematologie\/bandelette-indicatrice-de-ph-4-7\/","title":{"rendered":"pH-Indikatorstreifen"},"content":{"rendered":"<p><strong>Anwendung<\/strong><br \/>\nAnalyse von L\u00f6sungen in sauren, neutralen oder alkalischen Medien<\/p>\n<p><strong>Vorteile<\/strong><br \/>\n-Universeller Anzeiger<br \/>\n-Ne d\u00e9teint pas<\/p>\n<p><strong>Beschreibung des Produkts<\/strong><br \/>\n-Verpackung: Packung mit 100 St\u00fcck<br \/>\n-pH: 4,0-7,0<br \/>\n-Temp\u00e9rature de stockage: stocker \u00e0 10-25\u00b0C pour les conserver en excellente condition pendant 3-5 ans<br \/>\n-Conditions de stockage: prot\u00e9ger de la lumi\u00e8re et de l&rsquo;humidit\u00e9<br \/>\n-Refermer la bo\u00eete imm\u00e9diatement apr\u00e8s le retrait de chaque bandelette ou papier<\/p>","protected":false},"excerpt":{"rendered":"<p>pH 4,0-7,0<\/p>","protected":false},"featured_media":7298,"template":"","meta":{"_acf_changed":false,"_seopress_robots_primary_cat":"none","_seopress_titles_title":"","_seopress_titles_desc":"","_seopress_robots_index":""},"product_brand":[],"product_cat":[123,131,132],"product_tag":[],"categorie_principale":[165,27,29],"marque":[320],"class_list":{"0":"post-7297","1":"product","2":"type-product","3":"status-publish","4":"has-post-thumbnail","6":"product_cat-chimie-hematologie","7":"product_cat-microbiologie","8":"product_cat-microscopie","9":"categorie_principale-autre","10":"categorie_principale-laboratoire","11":"categorie_principale-permanence-hopital","12":"marque-merck-supelco","14":"first","15":"instock","16":"taxable","17":"shipping-taxable","18":"purchasable","19":"product-type-simple"},"supplier_id":null,"supplier_sku":"","atum_controlled":true,"out_stock_date":null,"out_stock_threshold":null,"inheritable":false,"inbound_stock":null,"stock_on_hold":0,"sold_today":0,"sales_last_days":0,"reserved_stock":null,"customer_returns":null,"warehouse_damage":null,"lost_in_post":null,"other_logs":null,"out_stock_days":0,"lost_sales":0,"has_location":true,"update_date":"2026-04-08T00:03:23","atum_locations":[{"id":219,"name":"Yellow Cube","slug":"yellow-cube"}],"atum_stock_status":"instock","restock_status":false,"low_stock_amount":"","sales_update_date":"2026-04-08T00:03:23","calc_backorders":null,"acf":[],"_links":{"self":[{"href":"https:\/\/softymed.ch\/de\/wp-json\/wp\/v2\/product\/7297","targetHints":{"allow":["GET"]}}],"collection":[{"href":"https:\/\/softymed.ch\/de\/wp-json\/wp\/v2\/product"}],"about":[{"href":"https:\/\/softymed.ch\/de\/wp-json\/wp\/v2\/types\/product"}],"wp:featuredmedia":[{"embeddable":true,"href":"https:\/\/softymed.ch\/de\/wp-json\/wp\/v2\/media\/7298"}],"wp:attachment":[{"href":"https:\/\/softymed.ch\/de\/wp-json\/wp\/v2\/media?parent=7297"}],"wp:term":[{"taxonomy":"product_brand","embeddable":true,"href":"https:\/\/softymed.ch\/de\/wp-json\/wp\/v2\/product_brand?post=7297"},{"taxonomy":"product_cat","embeddable":true,"href":"https:\/\/softymed.ch\/de\/wp-json\/wp\/v2\/product_cat?post=7297"},{"taxonomy":"product_tag","embeddable":true,"href":"https:\/\/softymed.ch\/de\/wp-json\/wp\/v2\/product_tag?post=7297"},{"taxonomy":"categorie_principale","embeddable":true,"href":"https:\/\/softymed.ch\/de\/wp-json\/wp\/v2\/categorie_principale?post=7297"},{"taxonomy":"marque","embeddable":true,"href":"https:\/\/softymed.ch\/de\/wp-json\/wp\/v2\/marque?post=7297"}],"curies":[{"name":"wp","href":"https:\/\/api.w.org\/{rel}","templated":true}]}}