{"id":7281,"date":"2024-07-08T16:11:29","date_gmt":"2024-07-08T14:11:29","guid":{"rendered":"https:\/\/softymed.ch\/?post_type=product&#038;p=7281"},"modified":"2025-02-27T16:42:39","modified_gmt":"2025-02-27T15:42:39","slug":"urethralkatheter-weiblich-dct-nelaton","status":"publish","type":"product","link":"https:\/\/softymed.ch\/de\/boutique\/divers\/catheter-uretral-feminin-dct-nelaton\/","title":{"rendered":"Nelaton Urethralkatheter f\u00fcr Frauen"},"content":{"rendered":"<p><strong>Merkmale<\/strong><br \/>\n-Avec entonnoir \u00e0 code couleur selon la taille du Charr<br \/>\n-Surface particuli\u00e8rement douce et satin\u00e9e pour un traumatisme minimal des muqueuses<br \/>\n-La taille des \u0153illets lat\u00e9raux atraumatiques correspond \u00e0 la taille du Charr<br \/>\n-Extr\u00e9mit\u00e9 du cath\u00e9ter souple et arrondie<br \/>\n-L\u00e4nge: 18 cm<br \/>\n-St\u00e9rile et emball\u00e9 individuellement<\/p>","protected":false},"excerpt":{"rendered":"<p>L\u00e4nge von 18 cm<\/p>","protected":false},"featured_media":7285,"template":"","meta":{"_acf_changed":false,"_seopress_robots_primary_cat":"none","_seopress_titles_title":"","_seopress_titles_desc":"","_seopress_robots_index":""},"product_brand":[],"product_cat":[125],"product_tag":[],"categorie_principale":[28,29],"marque":[313],"class_list":{"0":"post-7281","1":"product","2":"type-product","3":"status-publish","4":"has-post-thumbnail","6":"product_cat-divers","7":"categorie_principale-medecine-generale","8":"categorie_principale-permanence-hopital","9":"marque-dct","11":"first","12":"instock","13":"taxable","14":"shipping-taxable","15":"purchasable","16":"product-type-simple"},"supplier_id":null,"supplier_sku":"","atum_controlled":true,"out_stock_date":null,"out_stock_threshold":null,"inheritable":false,"inbound_stock":null,"stock_on_hold":0,"sold_today":0,"sales_last_days":0,"reserved_stock":null,"customer_returns":null,"warehouse_damage":null,"lost_in_post":null,"other_logs":null,"out_stock_days":0,"lost_sales":0,"has_location":true,"update_date":"2026-04-08T00:03:23","atum_locations":[{"id":219,"name":"Yellow Cube","slug":"yellow-cube"}],"atum_stock_status":"instock","restock_status":false,"low_stock_amount":"","sales_update_date":"2026-04-08T00:03:23","calc_backorders":null,"acf":[],"_links":{"self":[{"href":"https:\/\/softymed.ch\/de\/wp-json\/wp\/v2\/product\/7281","targetHints":{"allow":["GET"]}}],"collection":[{"href":"https:\/\/softymed.ch\/de\/wp-json\/wp\/v2\/product"}],"about":[{"href":"https:\/\/softymed.ch\/de\/wp-json\/wp\/v2\/types\/product"}],"wp:featuredmedia":[{"embeddable":true,"href":"https:\/\/softymed.ch\/de\/wp-json\/wp\/v2\/media\/7285"}],"wp:attachment":[{"href":"https:\/\/softymed.ch\/de\/wp-json\/wp\/v2\/media?parent=7281"}],"wp:term":[{"taxonomy":"product_brand","embeddable":true,"href":"https:\/\/softymed.ch\/de\/wp-json\/wp\/v2\/product_brand?post=7281"},{"taxonomy":"product_cat","embeddable":true,"href":"https:\/\/softymed.ch\/de\/wp-json\/wp\/v2\/product_cat?post=7281"},{"taxonomy":"product_tag","embeddable":true,"href":"https:\/\/softymed.ch\/de\/wp-json\/wp\/v2\/product_tag?post=7281"},{"taxonomy":"categorie_principale","embeddable":true,"href":"https:\/\/softymed.ch\/de\/wp-json\/wp\/v2\/categorie_principale?post=7281"},{"taxonomy":"marque","embeddable":true,"href":"https:\/\/softymed.ch\/de\/wp-json\/wp\/v2\/marque?post=7281"}],"curies":[{"name":"wp","href":"https:\/\/api.w.org\/{rel}","templated":true}]}}