{"id":7253,"date":"2024-07-02T15:28:36","date_gmt":"2024-07-02T13:28:36","guid":{"rendered":"https:\/\/softymed.ch\/?post_type=product&#038;p=7253"},"modified":"2026-03-25T16:53:16","modified_gmt":"2026-03-25T15:53:16","slug":"tensoban","status":"publish","type":"product","link":"https:\/\/softymed.ch\/de\/boutique\/soin-des-plaies\/bandage\/tensoban\/","title":{"rendered":"Tensoban"},"content":{"rendered":"<p>Bande de mousse de protection cutan\u00e9e auto-adh\u00e9rente<\/p>\n<p><strong>Hinweise<\/strong><br \/>\n-Protection des t\u00e9guments sous contention adh\u00e9sive, en traumatologie sportive ou sous contentions adh\u00e9sives r\u00e9alis\u00e9es dans le traitement de l&rsquo;insuffisance veineuse des membres inf\u00e9rieurs<br \/>\n-R\u00e9duction du traumatisme cutan\u00e9 d\u00fb \u00e0 l&rsquo;ablation de la contention adh\u00e9sive<br \/>\n-Fixation l\u00e9g\u00e8re de dispositifs m\u00e9dicaux<\/p>\n<p><strong>Merkmale<\/strong><br \/>\n-S\u00e9cable \u00e0 la main<br \/>\n-Macht das Entfernen und Erneuern von Fixierungen schmerzfrei<br \/>\n-Einfache Nutzung<\/p>","protected":false},"excerpt":{"rendered":"<p>Schutzstreifen unter klebenden Kompressionen<\/p>","protected":false},"featured_media":7254,"template":"","meta":{"_acf_changed":false,"_seopress_robots_primary_cat":"none","_seopress_titles_title":"","_seopress_titles_desc":"","_seopress_robots_index":""},"product_brand":[],"product_cat":[241,104],"product_tag":[],"categorie_principale":[31,28,30,29],"marque":[318],"class_list":{"0":"post-7253","1":"product","2":"type-product","3":"status-publish","4":"has-post-thumbnail","6":"product_cat-bandage","7":"product_cat-soin-des-plaies","8":"categorie_principale-gynecologie","9":"categorie_principale-medecine-generale","10":"categorie_principale-orthopedie","11":"categorie_principale-permanence-hopital","12":"marque-bsn-medical","14":"first","15":"instock","16":"taxable","17":"shipping-taxable","18":"purchasable","19":"product-type-simple"},"supplier_id":null,"supplier_sku":"","atum_controlled":true,"out_stock_date":null,"out_stock_threshold":null,"inheritable":false,"inbound_stock":null,"stock_on_hold":0,"sold_today":0,"sales_last_days":0,"reserved_stock":null,"customer_returns":null,"warehouse_damage":null,"lost_in_post":null,"other_logs":null,"out_stock_days":0,"lost_sales":0,"has_location":true,"update_date":"2026-04-09T00:03:53","atum_locations":[{"id":219,"name":"Yellow Cube","slug":"yellow-cube"}],"atum_stock_status":"instock","restock_status":false,"low_stock_amount":"","sales_update_date":"2026-04-09T00:03:53","calc_backorders":null,"acf":[],"_links":{"self":[{"href":"https:\/\/softymed.ch\/de\/wp-json\/wp\/v2\/product\/7253","targetHints":{"allow":["GET"]}}],"collection":[{"href":"https:\/\/softymed.ch\/de\/wp-json\/wp\/v2\/product"}],"about":[{"href":"https:\/\/softymed.ch\/de\/wp-json\/wp\/v2\/types\/product"}],"wp:featuredmedia":[{"embeddable":true,"href":"https:\/\/softymed.ch\/de\/wp-json\/wp\/v2\/media\/7254"}],"wp:attachment":[{"href":"https:\/\/softymed.ch\/de\/wp-json\/wp\/v2\/media?parent=7253"}],"wp:term":[{"taxonomy":"product_brand","embeddable":true,"href":"https:\/\/softymed.ch\/de\/wp-json\/wp\/v2\/product_brand?post=7253"},{"taxonomy":"product_cat","embeddable":true,"href":"https:\/\/softymed.ch\/de\/wp-json\/wp\/v2\/product_cat?post=7253"},{"taxonomy":"product_tag","embeddable":true,"href":"https:\/\/softymed.ch\/de\/wp-json\/wp\/v2\/product_tag?post=7253"},{"taxonomy":"categorie_principale","embeddable":true,"href":"https:\/\/softymed.ch\/de\/wp-json\/wp\/v2\/categorie_principale?post=7253"},{"taxonomy":"marque","embeddable":true,"href":"https:\/\/softymed.ch\/de\/wp-json\/wp\/v2\/marque?post=7253"}],"curies":[{"name":"wp","href":"https:\/\/api.w.org\/{rel}","templated":true}]}}