{"id":7197,"date":"2024-07-02T10:13:08","date_gmt":"2024-07-02T08:13:08","guid":{"rendered":"https:\/\/softymed.ch\/?post_type=product&#038;p=7197"},"modified":"2025-02-27T16:51:11","modified_gmt":"2025-02-27T15:51:11","slug":"universelle-led-lampe-mit-clip-adapter","status":"publish","type":"product","link":"https:\/\/softymed.ch\/de\/boutique\/auscultation-diagnostic\/lampe-led-universelle-avec-adaptateur-clip\/","title":{"rendered":"Universal-LED-Lampe mit Clip-Adapter"},"content":{"rendered":"<p><strong>Merkmale<\/strong><br \/>\n-Source de lumi\u00e8re id\u00e9ale \u00e0 usage universel<br \/>\n-Batteries avec une dur\u00e9e d&rsquo;\u00e9clairage maximale de 2 heures, interrupteur marche\/arr\u00eat inclus<br \/>\n-Utilisable avec un proctoscope transparent jetable, un sp\u00e9culum vaginal rectoscope de diff\u00e9rents fabricants<br \/>\n-Facile \u00e0 fixer sur l\u2019instrument gr\u00e2ce au connecteur \u00e0 clip flexible<\/p>","protected":false},"excerpt":{"rendered":"<p>F\u00fcr Proktoskop oder Spekulum<\/p>","protected":false},"featured_media":7213,"template":"","meta":{"_acf_changed":false,"_seopress_robots_primary_cat":"none","_seopress_titles_title":"","_seopress_titles_desc":"","_seopress_robots_index":""},"product_brand":[],"product_cat":[122],"product_tag":[],"categorie_principale":[31,28,29],"marque":[],"class_list":{"0":"post-7197","1":"product","2":"type-product","3":"status-publish","4":"has-post-thumbnail","6":"product_cat-auscultation-diagnostic","7":"categorie_principale-gynecologie","8":"categorie_principale-medecine-generale","9":"categorie_principale-permanence-hopital","11":"first","12":"instock","13":"taxable","14":"shipping-taxable","15":"purchasable","16":"product-type-simple"},"supplier_id":null,"supplier_sku":"","atum_controlled":true,"out_stock_date":null,"out_stock_threshold":null,"inheritable":false,"inbound_stock":null,"stock_on_hold":0,"sold_today":0,"sales_last_days":0,"reserved_stock":null,"customer_returns":null,"warehouse_damage":null,"lost_in_post":null,"other_logs":null,"out_stock_days":0,"lost_sales":0,"has_location":true,"update_date":"2026-04-09T00:03:24","atum_locations":[{"id":219,"name":"Yellow Cube","slug":"yellow-cube"}],"atum_stock_status":"instock","restock_status":false,"low_stock_amount":"","sales_update_date":"2026-04-09T00:03:24","calc_backorders":null,"acf":[],"_links":{"self":[{"href":"https:\/\/softymed.ch\/de\/wp-json\/wp\/v2\/product\/7197","targetHints":{"allow":["GET"]}}],"collection":[{"href":"https:\/\/softymed.ch\/de\/wp-json\/wp\/v2\/product"}],"about":[{"href":"https:\/\/softymed.ch\/de\/wp-json\/wp\/v2\/types\/product"}],"wp:featuredmedia":[{"embeddable":true,"href":"https:\/\/softymed.ch\/de\/wp-json\/wp\/v2\/media\/7213"}],"wp:attachment":[{"href":"https:\/\/softymed.ch\/de\/wp-json\/wp\/v2\/media?parent=7197"}],"wp:term":[{"taxonomy":"product_brand","embeddable":true,"href":"https:\/\/softymed.ch\/de\/wp-json\/wp\/v2\/product_brand?post=7197"},{"taxonomy":"product_cat","embeddable":true,"href":"https:\/\/softymed.ch\/de\/wp-json\/wp\/v2\/product_cat?post=7197"},{"taxonomy":"product_tag","embeddable":true,"href":"https:\/\/softymed.ch\/de\/wp-json\/wp\/v2\/product_tag?post=7197"},{"taxonomy":"categorie_principale","embeddable":true,"href":"https:\/\/softymed.ch\/de\/wp-json\/wp\/v2\/categorie_principale?post=7197"},{"taxonomy":"marque","embeddable":true,"href":"https:\/\/softymed.ch\/de\/wp-json\/wp\/v2\/marque?post=7197"}],"curies":[{"name":"wp","href":"https:\/\/api.w.org\/{rel}","templated":true}]}}