{"id":7172,"date":"2024-06-28T18:04:01","date_gmt":"2024-06-28T16:04:01","guid":{"rendered":"https:\/\/softymed.ch\/?post_type=product&#038;p=7172"},"modified":"2026-02-05T23:59:06","modified_gmt":"2026-02-05T22:59:06","slug":"tourniquet-bebe","status":"publish","type":"product","link":"https:\/\/softymed.ch\/de\/boutique\/prelevements\/prelevement-veineux\/garrot-bebe\/","title":{"rendered":"Venenstaubinde"},"content":{"rendered":"<p>Bandeau \u00e9lastique multicolore, muni d\u2019un syst\u00e8me d\u2019attache \u00e0 lib\u00e9ration uni manuelle. Le syst\u00e8me d\u2019attache permet d\u2019ajuster la pression exerc\u00e9e sur la veine, afin de minimiser le risque d\u2019h\u00e9molyse.<\/p>\n<p><strong>Merkmale<\/strong><br \/>\n-Venenstauer mit Clip<br \/>\n-Mod\u00e8le p\u00e9diatrique<br \/>\n-Crochet clip en ABS manipulable \u00e0 une main<br \/>\n-Geschmeidiges, hautfreundliches Farbband<br \/>\n-Automatische Blockierung<br \/>\n-Desserrage progressif ou imm\u00e9diat<br \/>\n-Nutzbare L\u00e4nge: 27 cm<br \/>\n-Breite: 1.30 cm<br \/>\n-Latexfrei<\/p>","protected":false},"excerpt":{"rendered":"<p>Baby, Clip, latexfrei<\/p>","protected":false},"featured_media":7228,"template":"","meta":{"_acf_changed":false,"_seopress_robots_primary_cat":"none","_seopress_titles_title":"","_seopress_titles_desc":"","_seopress_robots_index":""},"product_brand":[],"product_cat":[137,136],"product_tag":[],"categorie_principale":[27,28,29],"marque":[214],"class_list":{"0":"post-7172","1":"product","2":"type-product","3":"status-publish","4":"has-post-thumbnail","6":"product_cat-prelevement-veineux","7":"product_cat-prelevements","8":"categorie_principale-laboratoire","9":"categorie_principale-medecine-generale","10":"categorie_principale-permanence-hopital","11":"marque-terumo","13":"first","14":"outofstock","15":"taxable","16":"shipping-taxable","17":"product-type-simple"},"supplier_id":null,"supplier_sku":"","atum_controlled":true,"out_stock_date":"2025-12-10 12:03:47","out_stock_threshold":null,"inheritable":false,"inbound_stock":null,"stock_on_hold":0,"sold_today":0,"sales_last_days":0,"reserved_stock":null,"customer_returns":null,"warehouse_damage":null,"lost_in_post":null,"other_logs":null,"out_stock_days":118,"lost_sales":0,"has_location":true,"update_date":"2026-04-08T00:03:23","atum_locations":[{"id":373,"name":"Officine","slug":"officine"}],"atum_stock_status":"outofstock","restock_status":false,"low_stock_amount":"","sales_update_date":"2026-04-08T00:03:23","calc_backorders":null,"acf":[],"_links":{"self":[{"href":"https:\/\/softymed.ch\/de\/wp-json\/wp\/v2\/product\/7172","targetHints":{"allow":["GET"]}}],"collection":[{"href":"https:\/\/softymed.ch\/de\/wp-json\/wp\/v2\/product"}],"about":[{"href":"https:\/\/softymed.ch\/de\/wp-json\/wp\/v2\/types\/product"}],"wp:featuredmedia":[{"embeddable":true,"href":"https:\/\/softymed.ch\/de\/wp-json\/wp\/v2\/media\/7228"}],"wp:attachment":[{"href":"https:\/\/softymed.ch\/de\/wp-json\/wp\/v2\/media?parent=7172"}],"wp:term":[{"taxonomy":"product_brand","embeddable":true,"href":"https:\/\/softymed.ch\/de\/wp-json\/wp\/v2\/product_brand?post=7172"},{"taxonomy":"product_cat","embeddable":true,"href":"https:\/\/softymed.ch\/de\/wp-json\/wp\/v2\/product_cat?post=7172"},{"taxonomy":"product_tag","embeddable":true,"href":"https:\/\/softymed.ch\/de\/wp-json\/wp\/v2\/product_tag?post=7172"},{"taxonomy":"categorie_principale","embeddable":true,"href":"https:\/\/softymed.ch\/de\/wp-json\/wp\/v2\/categorie_principale?post=7172"},{"taxonomy":"marque","embeddable":true,"href":"https:\/\/softymed.ch\/de\/wp-json\/wp\/v2\/marque?post=7172"}],"curies":[{"name":"wp","href":"https:\/\/api.w.org\/{rel}","templated":true}]}}